{"id":2709,"date":"2025-05-22T07:23:39","date_gmt":"2025-05-22T07:23:39","guid":{"rendered":"https:\/\/www.pepvital.se\/?post_type=product&#038;p=2709"},"modified":"2025-05-23T07:23:47","modified_gmt":"2025-05-23T07:23:47","slug":"vitamin-c-1000-mg-365-tabletter","status":"publish","type":"product","link":"https:\/\/www.pepvital.se\/sv\/produkt\/vitamin-c-1000-mg-365-tabletter\/","title":{"rendered":"Vitamin C 1000 mg 365 tabletter"},"content":{"rendered":"<h3 class=\"\" data-start=\"164\" data-end=\"245\"><strong data-start=\"168\" data-end=\"245\">C-vitamin \u2013 ett viktigt dagligt tillskott f\u00f6r kroppens f\u00f6rsvar och energi<\/strong><\/h3>\n<p class=\"\" data-start=\"247\" data-end=\"494\"><strong data-start=\"247\" data-end=\"260\">C-vitamin<\/strong>, \u00e4ven kallat <strong data-start=\"274\" data-end=\"290\">askorbinsyra<\/strong>, \u00e4r en vattenl\u00f6slig vitamin \u2013 vilket inneb\u00e4r att kroppen inte kan lagra den. Eftersom vi m\u00e4nniskor inte kan producera C-vitamin sj\u00e4lva, \u00e4r vi beroende av ett regelbundet intag via kosten eller tillskott.<\/p>\n<h3 class=\"\" data-start=\"496\" data-end=\"534\"><strong data-start=\"500\" data-end=\"534\">Vad g\u00f6r C-vitamin f\u00f6r kroppen?<\/strong><\/h3>\n<p class=\"\" data-start=\"535\" data-end=\"616\">Europeiska myndigheten f\u00f6r livsmedelss\u00e4kerhet (EFSA) har bekr\u00e4ftat att C-vitamin:<\/p>\n<ul data-start=\"618\" data-end=\"1014\">\n<li class=\"\" data-start=\"618\" data-end=\"668\">\n<p class=\"\" data-start=\"620\" data-end=\"668\">Bidrar till att minska tr\u00f6tthet och utmattning<\/p>\n<\/li>\n<li class=\"\" data-start=\"669\" data-end=\"708\">\n<p class=\"\" data-start=\"671\" data-end=\"708\">Fr\u00e4mjar normal psykologisk funktion<\/p>\n<\/li>\n<li class=\"\" data-start=\"709\" data-end=\"759\">\n<p class=\"\" data-start=\"711\" data-end=\"759\">Hj\u00e4lper till att \u00e5terbilda vitamin E i kroppen<\/p>\n<\/li>\n<li class=\"\" data-start=\"760\" data-end=\"794\">\n<p class=\"\" data-start=\"762\" data-end=\"794\">St\u00f6der normal energioms\u00e4ttning<\/p>\n<\/li>\n<li class=\"\" data-start=\"795\" data-end=\"845\">\n<p class=\"\" data-start=\"797\" data-end=\"845\">Bidrar till ett normalt fungerande immunsystem<\/p>\n<\/li>\n<li class=\"\" data-start=\"846\" data-end=\"887\">\n<p class=\"\" data-start=\"848\" data-end=\"887\">Gynnar nervsystemets normala funktion<\/p>\n<\/li>\n<li class=\"\" data-start=\"888\" data-end=\"928\">\n<p class=\"\" data-start=\"890\" data-end=\"928\">Skyddar cellerna mot oxidativ stress<\/p>\n<\/li>\n<li class=\"\" data-start=\"929\" data-end=\"1014\">\n<p class=\"\" data-start=\"931\" data-end=\"1014\">Bidrar till att immunsystemet fungerar normalt \u00e4ven efter intensiv fysisk aktivitet<\/p>\n<\/li>\n<\/ul>\n<hr class=\"\" data-start=\"1016\" data-end=\"1019\" \/>\n<h3 class=\"\" data-start=\"1021\" data-end=\"1092\"><strong data-start=\"1025\" data-end=\"1092\">C-vitamin \u2013 dina dagliga 1000 mg i praktiskt \u00e5rsformat<\/strong><\/h3>\n<p class=\"\" data-start=\"1094\" data-end=\"1122\"><strong data-start=\"1094\" data-end=\"1122\">Egenskaper och f\u00f6rdelar:<\/strong><\/p>\n<ul data-start=\"1124\" data-end=\"1661\">\n<li class=\"\" data-start=\"1124\" data-end=\"1237\">\n<p class=\"\" data-start=\"1126\" data-end=\"1237\"><strong data-start=\"1126\" data-end=\"1141\">H\u00f6gdoserat:<\/strong> Varje tablett inneh\u00e5ller 1000 mg C-vitamin, 20 mg nyponextrakt och 20 mg citrusbioflavonoider<\/p>\n<\/li>\n<li class=\"\" data-start=\"1238\" data-end=\"1306\">\n<p class=\"\" data-start=\"1240\" data-end=\"1306\"><strong data-start=\"1240\" data-end=\"1266\">365 tabletter per burk<\/strong> \u2013 r\u00e4cker i ett helt \u00e5r vid daglig dos<\/p>\n<\/li>\n<li class=\"\" data-start=\"1307\" data-end=\"1414\">\n<p class=\"\" data-start=\"1309\" data-end=\"1414\"><strong data-start=\"1309\" data-end=\"1329\">Tidsfris\u00e4ttning:<\/strong> Den speciella tablettformen g\u00f6r att C-vitaminet fris\u00e4tts gradvis \u00f6ver flera timmar<\/p>\n<\/li>\n<li class=\"\" data-start=\"1415\" data-end=\"1531\">\n<p class=\"\" data-start=\"1417\" data-end=\"1531\"><strong data-start=\"1417\" data-end=\"1450\">F\u00f6rb\u00e4ttrad biotillg\u00e4nglighet:<\/strong> Citrusbioflavonoider och nyponextrakt bidrar till b\u00e4ttre upptag och stabilitet<\/p>\n<\/li>\n<li class=\"\" data-start=\"1532\" data-end=\"1661\">\n<p class=\"\" data-start=\"1534\" data-end=\"1661\"><strong data-start=\"1534\" data-end=\"1568\">Vegansk &amp; fri fr\u00e5n tillsatser:<\/strong> Inneh\u00e5ller inget gelatin, laktos, gluten, f\u00e4rg\u00e4mnen, smak\u00e4mnen, konserveringsmedel eller GMO<\/p>\n<\/li>\n<\/ul>\n<hr class=\"\" data-start=\"1663\" data-end=\"1666\" \/>\n<h3 class=\"\" data-start=\"1668\" data-end=\"1699\"><strong data-start=\"1672\" data-end=\"1699\">Kvalitet du kan lita p\u00e5<\/strong><\/h3>\n<p class=\"\" data-start=\"1701\" data-end=\"1863\">Vit4ever C-vitamin tillverkas i enlighet med europeiska kvalitetsstandarder (DIN EN ISO 9001 och HACCP) och med noggrant utvalda r\u00e5varor. Tabletterna \u00e4r dessutom:<\/p>\n<ul data-start=\"1865\" data-end=\"2040\">\n<li class=\"\" data-start=\"1865\" data-end=\"1887\">\n<p class=\"\" data-start=\"1867\" data-end=\"1887\"><strong data-start=\"1867\" data-end=\"1885\">100 % veganska<\/strong><\/p>\n<\/li>\n<li class=\"\" data-start=\"1888\" data-end=\"2040\">\n<p class=\"\" data-start=\"1890\" data-end=\"1904\"><strong data-start=\"1890\" data-end=\"1904\">Fria fr\u00e5n:<\/strong><\/p>\n<ul data-start=\"1907\" data-end=\"2040\">\n<li class=\"\" data-start=\"1907\" data-end=\"1918\">\n<p class=\"\" data-start=\"1909\" data-end=\"1918\">Fruktos<\/p>\n<\/li>\n<li class=\"\" data-start=\"1921\" data-end=\"1932\">\n<p class=\"\" data-start=\"1923\" data-end=\"1932\">Gelatin<\/p>\n<\/li>\n<li class=\"\" data-start=\"1935\" data-end=\"1945\">\n<p class=\"\" data-start=\"1937\" data-end=\"1945\">Gluten<\/p>\n<\/li>\n<li class=\"\" data-start=\"1948\" data-end=\"1958\">\n<p class=\"\" data-start=\"1950\" data-end=\"1958\">Laktos<\/p>\n<\/li>\n<li class=\"\" data-start=\"1961\" data-end=\"1968\">\n<p class=\"\" data-start=\"1963\" data-end=\"1968\">GMO<\/p>\n<\/li>\n<li class=\"\" data-start=\"1971\" data-end=\"1994\">\n<p class=\"\" data-start=\"1973\" data-end=\"1994\">Smak- och f\u00e4rg\u00e4mnen<\/p>\n<\/li>\n<li class=\"\" data-start=\"1997\" data-end=\"2017\">\n<p class=\"\" data-start=\"1999\" data-end=\"2017\">Magnesiumstearat<\/p>\n<\/li>\n<li class=\"\" data-start=\"2020\" data-end=\"2040\">\n<p class=\"\" data-start=\"2022\" data-end=\"2040\">Konserveringsmedel<\/p>\n<\/li>\n<\/ul>\n<\/li>\n<\/ul>\n<p class=\"\" data-start=\"2042\" data-end=\"2107\"><strong data-start=\"2042\" data-end=\"2064\">Rekommenderad dos:<\/strong> 1 tablett dagligen tillsammans med v\u00e4tska.<\/p>\n<hr class=\"\" data-start=\"2109\" data-end=\"2112\" \/>\n<p class=\"\" data-start=\"2114\" data-end=\"2144\"><strong data-start=\"2114\" data-end=\"2142\">F\u00f6rpackningsinformation:<\/strong><\/p>\n<ul data-start=\"2145\" data-end=\"2211\">\n<li class=\"\" data-start=\"2145\" data-end=\"2162\">\n<p class=\"\" data-start=\"2147\" data-end=\"2162\">Vikt: 0,49 kg<\/p>\n<\/li>\n<li class=\"\" data-start=\"2163\" data-end=\"2183\">\n<p class=\"\" data-start=\"2165\" data-end=\"2183\">Nettovikt: 427 g<\/p>\n<\/li>\n<li class=\"\" data-start=\"2184\" data-end=\"2211\">\n<p class=\"\" data-start=\"2186\" data-end=\"2211\">Tablettstorlek: 22 x 9 mm<\/p>\n<\/li>\n<\/ul>\n","protected":false},"excerpt":{"rendered":"<p><strong><span>Kosttillskott (NEM) med C-vitamin + nyponextrakt + citrusbioflavonoider. Denna produkt \u00e4r inte ett l\u00e4kemedel.<\/span><\/strong><\/p>\n<table class=\"steelBlueCols\">\n<thead>\n<tr>\n<td><strong><span>N\u00e4ringsv\u00e4rden<\/span><\/strong><\/td>\n<td><strong><span>Per daglig portion<\/span><br \/>\n<span>(1 tablett)<\/span><\/strong><\/td>\n<td><strong><span>NRV*<\/span><\/strong><\/td>\n<\/tr>\n<\/thead>\n<tbody>\n<tr>\n<td><span>C-vitamin<\/span><\/td>\n<td><span>1000 mg<\/span><\/td>\n<td><span>1250 %<\/span><\/td>\n<\/tr>\n<tr>\n<td><span>Nyponextrakt<\/span><\/td>\n<td><span>20 mg<\/span><\/td>\n<td><span>**<\/span><\/td>\n<\/tr>\n<tr>\n<td><span>Citrusbioflavonoider<\/span><\/td>\n<td><span>20 mg<\/span><\/td>\n<td><span>**<\/span><\/td>\n<\/tr>\n<\/tbody>\n<\/table>\n<p><span>* Procentandel av referensv\u00e4rden f\u00f6r n\u00e4rings\u00e4mnen enligt f\u00f6rordning (EU) nr 1169\/2011.<\/span><br \/>\n<span>** Inga k\u00e4nda referensv\u00e4rden f\u00f6r n\u00e4rings\u00e4mnen.<\/span><\/p>\n<p><strong><span>Ingredienser:<\/span><\/strong><span>\u00a0Askorbinsyra, hydrerad ricinolja, nyponextrakt, citrusbioflavonoider.<\/span><\/p>\n<p><strong><span>Viktig information:<\/span><\/strong><span>\u00a0Kosttillskott f\u00e5r inte anv\u00e4ndas som ers\u00e4ttning f\u00f6r en balanserad, varierad kost och en h\u00e4lsosam livsstil. Det rekommenderade dagliga intaget b\u00f6r inte \u00f6verskridas. F\u00f6rvaras tillsluten, svalt, torrt, skyddat fr\u00e5n ljus och utom r\u00e4ckh\u00e5ll f\u00f6r sm\u00e5 barn.<\/span><\/p>\n","protected":false},"featured_media":2710,"comment_status":"open","ping_status":"closed","template":"","meta":{"_et_pb_use_builder":"","_et_pb_old_content":"","_et_gb_content_width":"","om_disable_all_campaigns":false,"_monsterinsights_skip_tracking":false,"_monsterinsights_sitenote_active":false,"_monsterinsights_sitenote_note":"","_monsterinsights_sitenote_category":0,"_uf_show_specific_survey":0,"_uf_disable_surveys":false},"product_brand":[],"product_cat":[52],"product_tag":[],"class_list":{"0":"post-2709","1":"product","2":"type-product","3":"status-publish","4":"has-post-thumbnail","6":"product_cat-vitaminer","8":"first","9":"instock","10":"taxable","11":"shipping-taxable","12":"purchasable","13":"product-type-simple"},"yoast_head":"<!-- This site is optimized with the Yoast SEO plugin v27.3 - https:\/\/yoast.com\/product\/yoast-seo-wordpress\/ -->\n<title>Vitamin C 1000 mg 365 tabletter - Pepvital<\/title>\n<meta name=\"description\" content=\"Buy Vitamin C 1000 mg 365 tabletter online at Pepvital - supplements with natural and synthetic peptides.\" \/>\n<meta name=\"robots\" content=\"index, follow, max-snippet:-1, max-image-preview:large, max-video-preview:-1\" \/>\n<link rel=\"canonical\" href=\"https:\/\/www.pepvital.se\/sv\/produkt\/vitamin-c-1000-mg-365-tabletter\/\" \/>\n<meta property=\"og:locale\" content=\"sv_SE\" \/>\n<meta property=\"og:type\" content=\"article\" \/>\n<meta property=\"og:title\" content=\"Vitamin C 1000 mg 365 tabletter - Pepvital\" \/>\n<meta property=\"og:description\" content=\"Buy Vitamin C 1000 mg 365 tabletter online at Pepvital - supplements with natural and synthetic peptides.\" \/>\n<meta property=\"og:url\" content=\"https:\/\/www.pepvital.se\/sv\/produkt\/vitamin-c-1000-mg-365-tabletter\/\" \/>\n<meta property=\"og:site_name\" content=\"Pepvital\" \/>\n<meta property=\"article:publisher\" content=\"https:\/\/www.facebook.com\/pepvital\" \/>\n<meta property=\"article:modified_time\" content=\"2025-05-23T07:23:47+00:00\" \/>\n<meta property=\"og:image\" content=\"https:\/\/www.pepvital.se\/wp-content\/uploads\/2025\/05\/vitaminc_tr.webp\" \/>\n\t<meta property=\"og:image:width\" content=\"800\" \/>\n\t<meta property=\"og:image:height\" content=\"1000\" \/>\n\t<meta property=\"og:image:type\" content=\"image\/webp\" \/>\n<meta name=\"twitter:card\" content=\"summary_large_image\" \/>\n<meta name=\"twitter:label1\" content=\"Ber\u00e4knad l\u00e4stid\" \/>\n\t<meta name=\"twitter:data1\" content=\"2 minuter\" \/>\n<script type=\"application\/ld+json\" class=\"yoast-schema-graph\">{\"@context\":\"https:\\\/\\\/schema.org\",\"@graph\":[{\"@type\":\"WebPage\",\"@id\":\"https:\\\/\\\/www.pepvital.se\\\/sv\\\/produkt\\\/vitamin-c-1000-mg-365-tabletter\\\/\",\"url\":\"https:\\\/\\\/www.pepvital.se\\\/sv\\\/produkt\\\/vitamin-c-1000-mg-365-tabletter\\\/\",\"name\":\"Vitamin C 1000 mg 365 tabletter - Pepvital\",\"isPartOf\":{\"@id\":\"https:\\\/\\\/www.pepvital.se\\\/sv\\\/#website\"},\"primaryImageOfPage\":{\"@id\":\"https:\\\/\\\/www.pepvital.se\\\/sv\\\/produkt\\\/vitamin-c-1000-mg-365-tabletter\\\/#primaryimage\"},\"image\":{\"@id\":\"https:\\\/\\\/www.pepvital.se\\\/sv\\\/produkt\\\/vitamin-c-1000-mg-365-tabletter\\\/#primaryimage\"},\"thumbnailUrl\":\"https:\\\/\\\/www.pepvital.se\\\/wp-content\\\/uploads\\\/2025\\\/05\\\/vitaminc_tr.webp\",\"datePublished\":\"2025-05-22T07:23:39+00:00\",\"dateModified\":\"2025-05-23T07:23:47+00:00\",\"description\":\"Buy Vitamin C 1000 mg 365 tabletter online at Pepvital - supplements with natural and synthetic peptides.\",\"breadcrumb\":{\"@id\":\"https:\\\/\\\/www.pepvital.se\\\/sv\\\/produkt\\\/vitamin-c-1000-mg-365-tabletter\\\/#breadcrumb\"},\"inLanguage\":\"sv-SE\",\"potentialAction\":[{\"@type\":\"ReadAction\",\"target\":[\"https:\\\/\\\/www.pepvital.se\\\/sv\\\/produkt\\\/vitamin-c-1000-mg-365-tabletter\\\/\"]}]},{\"@type\":\"ImageObject\",\"inLanguage\":\"sv-SE\",\"@id\":\"https:\\\/\\\/www.pepvital.se\\\/sv\\\/produkt\\\/vitamin-c-1000-mg-365-tabletter\\\/#primaryimage\",\"url\":\"https:\\\/\\\/www.pepvital.se\\\/wp-content\\\/uploads\\\/2025\\\/05\\\/vitaminc_tr.webp\",\"contentUrl\":\"https:\\\/\\\/www.pepvital.se\\\/wp-content\\\/uploads\\\/2025\\\/05\\\/vitaminc_tr.webp\",\"width\":800,\"height\":1000},{\"@type\":\"BreadcrumbList\",\"@id\":\"https:\\\/\\\/www.pepvital.se\\\/sv\\\/produkt\\\/vitamin-c-1000-mg-365-tabletter\\\/#breadcrumb\",\"itemListElement\":[{\"@type\":\"ListItem\",\"position\":1,\"name\":\"Hem\",\"item\":\"https:\\\/\\\/www.pepvital.se\\\/sv\\\/\"},{\"@type\":\"ListItem\",\"position\":2,\"name\":\"Handla\",\"item\":\"https:\\\/\\\/www.pepvital.se\\\/sv\\\/butik\\\/\"},{\"@type\":\"ListItem\",\"position\":3,\"name\":\"Vitamin C 1000 mg 365 tabletter\"}]},{\"@type\":\"WebSite\",\"@id\":\"https:\\\/\\\/www.pepvital.se\\\/sv\\\/#website\",\"url\":\"https:\\\/\\\/www.pepvital.se\\\/sv\\\/\",\"name\":\"Pepvital\",\"description\":\"\u00c5terf\u00e5 &amp; bibeh\u00e5ll livskvalit\u00e9n\",\"publisher\":{\"@id\":\"https:\\\/\\\/www.pepvital.se\\\/sv\\\/#organization\"},\"potentialAction\":[{\"@type\":\"SearchAction\",\"target\":{\"@type\":\"EntryPoint\",\"urlTemplate\":\"https:\\\/\\\/www.pepvital.se\\\/sv\\\/?s={search_term_string}\"},\"query-input\":{\"@type\":\"PropertyValueSpecification\",\"valueRequired\":true,\"valueName\":\"search_term_string\"}}],\"inLanguage\":\"sv-SE\"},{\"@type\":\"Organization\",\"@id\":\"https:\\\/\\\/www.pepvital.se\\\/sv\\\/#organization\",\"name\":\"Pepvital\",\"url\":\"https:\\\/\\\/www.pepvital.se\\\/sv\\\/\",\"logo\":{\"@type\":\"ImageObject\",\"inLanguage\":\"sv-SE\",\"@id\":\"https:\\\/\\\/www.pepvital.se\\\/sv\\\/#\\\/schema\\\/logo\\\/image\\\/\",\"url\":\"https:\\\/\\\/www.pepvital.se\\\/wp-content\\\/uploads\\\/2021\\\/05\\\/ogimage.jpg\",\"contentUrl\":\"https:\\\/\\\/www.pepvital.se\\\/wp-content\\\/uploads\\\/2021\\\/05\\\/ogimage.jpg\",\"width\":1200,\"height\":627,\"caption\":\"Pepvital\"},\"image\":{\"@id\":\"https:\\\/\\\/www.pepvital.se\\\/sv\\\/#\\\/schema\\\/logo\\\/image\\\/\"},\"sameAs\":[\"https:\\\/\\\/www.facebook.com\\\/pepvital\",\"https:\\\/\\\/www.instagram.com\\\/pepvital.se\\\/\"]}]}<\/script>\n<!-- \/ Yoast SEO plugin. -->","yoast_head_json":{"title":"Vitamin C 1000 mg 365 tabletter - Pepvital","description":"Buy Vitamin C 1000 mg 365 tabletter online at Pepvital - supplements with natural and synthetic peptides.","robots":{"index":"index","follow":"follow","max-snippet":"max-snippet:-1","max-image-preview":"max-image-preview:large","max-video-preview":"max-video-preview:-1"},"canonical":"https:\/\/www.pepvital.se\/sv\/produkt\/vitamin-c-1000-mg-365-tabletter\/","og_locale":"sv_SE","og_type":"article","og_title":"Vitamin C 1000 mg 365 tabletter - Pepvital","og_description":"Buy Vitamin C 1000 mg 365 tabletter online at Pepvital - supplements with natural and synthetic peptides.","og_url":"https:\/\/www.pepvital.se\/sv\/produkt\/vitamin-c-1000-mg-365-tabletter\/","og_site_name":"Pepvital","article_publisher":"https:\/\/www.facebook.com\/pepvital","article_modified_time":"2025-05-23T07:23:47+00:00","og_image":[{"width":800,"height":1000,"url":"https:\/\/www.pepvital.se\/wp-content\/uploads\/2025\/05\/vitaminc_tr.webp","type":"image\/webp"}],"twitter_card":"summary_large_image","twitter_misc":{"Ber\u00e4knad l\u00e4stid":"2 minuter"},"schema":{"@context":"https:\/\/schema.org","@graph":[{"@type":"WebPage","@id":"https:\/\/www.pepvital.se\/sv\/produkt\/vitamin-c-1000-mg-365-tabletter\/","url":"https:\/\/www.pepvital.se\/sv\/produkt\/vitamin-c-1000-mg-365-tabletter\/","name":"Vitamin C 1000 mg 365 tabletter - Pepvital","isPartOf":{"@id":"https:\/\/www.pepvital.se\/sv\/#website"},"primaryImageOfPage":{"@id":"https:\/\/www.pepvital.se\/sv\/produkt\/vitamin-c-1000-mg-365-tabletter\/#primaryimage"},"image":{"@id":"https:\/\/www.pepvital.se\/sv\/produkt\/vitamin-c-1000-mg-365-tabletter\/#primaryimage"},"thumbnailUrl":"https:\/\/www.pepvital.se\/wp-content\/uploads\/2025\/05\/vitaminc_tr.webp","datePublished":"2025-05-22T07:23:39+00:00","dateModified":"2025-05-23T07:23:47+00:00","description":"Buy Vitamin C 1000 mg 365 tabletter online at Pepvital - supplements with natural and synthetic peptides.","breadcrumb":{"@id":"https:\/\/www.pepvital.se\/sv\/produkt\/vitamin-c-1000-mg-365-tabletter\/#breadcrumb"},"inLanguage":"sv-SE","potentialAction":[{"@type":"ReadAction","target":["https:\/\/www.pepvital.se\/sv\/produkt\/vitamin-c-1000-mg-365-tabletter\/"]}]},{"@type":"ImageObject","inLanguage":"sv-SE","@id":"https:\/\/www.pepvital.se\/sv\/produkt\/vitamin-c-1000-mg-365-tabletter\/#primaryimage","url":"https:\/\/www.pepvital.se\/wp-content\/uploads\/2025\/05\/vitaminc_tr.webp","contentUrl":"https:\/\/www.pepvital.se\/wp-content\/uploads\/2025\/05\/vitaminc_tr.webp","width":800,"height":1000},{"@type":"BreadcrumbList","@id":"https:\/\/www.pepvital.se\/sv\/produkt\/vitamin-c-1000-mg-365-tabletter\/#breadcrumb","itemListElement":[{"@type":"ListItem","position":1,"name":"Hem","item":"https:\/\/www.pepvital.se\/sv\/"},{"@type":"ListItem","position":2,"name":"Handla","item":"https:\/\/www.pepvital.se\/sv\/butik\/"},{"@type":"ListItem","position":3,"name":"Vitamin C 1000 mg 365 tabletter"}]},{"@type":"WebSite","@id":"https:\/\/www.pepvital.se\/sv\/#website","url":"https:\/\/www.pepvital.se\/sv\/","name":"Pepvital","description":"\u00c5terf\u00e5 &amp; bibeh\u00e5ll livskvalit\u00e9n","publisher":{"@id":"https:\/\/www.pepvital.se\/sv\/#organization"},"potentialAction":[{"@type":"SearchAction","target":{"@type":"EntryPoint","urlTemplate":"https:\/\/www.pepvital.se\/sv\/?s={search_term_string}"},"query-input":{"@type":"PropertyValueSpecification","valueRequired":true,"valueName":"search_term_string"}}],"inLanguage":"sv-SE"},{"@type":"Organization","@id":"https:\/\/www.pepvital.se\/sv\/#organization","name":"Pepvital","url":"https:\/\/www.pepvital.se\/sv\/","logo":{"@type":"ImageObject","inLanguage":"sv-SE","@id":"https:\/\/www.pepvital.se\/sv\/#\/schema\/logo\/image\/","url":"https:\/\/www.pepvital.se\/wp-content\/uploads\/2021\/05\/ogimage.jpg","contentUrl":"https:\/\/www.pepvital.se\/wp-content\/uploads\/2021\/05\/ogimage.jpg","width":1200,"height":627,"caption":"Pepvital"},"image":{"@id":"https:\/\/www.pepvital.se\/sv\/#\/schema\/logo\/image\/"},"sameAs":["https:\/\/www.facebook.com\/pepvital","https:\/\/www.instagram.com\/pepvital.se\/"]}]}},"_links":{"self":[{"href":"https:\/\/www.pepvital.se\/sv\/wp-json\/wp\/v2\/product\/2709","targetHints":{"allow":["GET"]}}],"collection":[{"href":"https:\/\/www.pepvital.se\/sv\/wp-json\/wp\/v2\/product"}],"about":[{"href":"https:\/\/www.pepvital.se\/sv\/wp-json\/wp\/v2\/types\/product"}],"replies":[{"embeddable":true,"href":"https:\/\/www.pepvital.se\/sv\/wp-json\/wp\/v2\/comments?post=2709"}],"wp:featuredmedia":[{"embeddable":true,"href":"https:\/\/www.pepvital.se\/sv\/wp-json\/wp\/v2\/media\/2710"}],"wp:attachment":[{"href":"https:\/\/www.pepvital.se\/sv\/wp-json\/wp\/v2\/media?parent=2709"}],"wp:term":[{"taxonomy":"product_brand","embeddable":true,"href":"https:\/\/www.pepvital.se\/sv\/wp-json\/wp\/v2\/product_brand?post=2709"},{"taxonomy":"product_cat","embeddable":true,"href":"https:\/\/www.pepvital.se\/sv\/wp-json\/wp\/v2\/product_cat?post=2709"},{"taxonomy":"product_tag","embeddable":true,"href":"https:\/\/www.pepvital.se\/sv\/wp-json\/wp\/v2\/product_tag?post=2709"}],"curies":[{"name":"wp","href":"https:\/\/api.w.org\/{rel}","templated":true}]}}