{"id":2599,"date":"2025-02-06T09:23:09","date_gmt":"2025-02-06T09:23:09","guid":{"rendered":"https:\/\/www.pepvital.se\/?post_type=product&#038;p=2599"},"modified":"2026-01-15T09:36:07","modified_gmt":"2026-01-15T09:36:07","slug":"2599","status":"publish","type":"product","link":"https:\/\/www.pepvital.se\/sv\/produkt\/2599\/","title":{"rendered":"Mesoterapi med Peptider"},"content":{"rendered":"<h3><strong>Mesotonic med peptider\u00a0 \u2013 Peptidbaserad mesotonic f\u00f6r icke-invasiv h\u00e5rmesoterapi<\/strong><\/h3>\n<p>Detta \u00e4r en unik produkt som bidrar till att aktivera h\u00e5rs\u00e4ckarna och verkar f\u00f6rsiktigt p\u00e5 h\u00e5rbottenepidermis f\u00f6r att stimulera h\u00e5rs\u00e4ckarna f\u00f6r att f\u00f6rb\u00e4ttra h\u00e5rv\u00e4xten.<\/p>\n","protected":false},"excerpt":{"rendered":"<h3><strong>Produktbeskrivning<\/strong><\/h3>\n<p>Peptidbaserad mesotonic f\u00f6r icke-invasiv h\u00e5rmesoterapi. Detta \u00e4r en unik produkt som bidrar till att aktivera h\u00e5rs\u00e4ckarna och p\u00e5verkar f\u00f6rsiktigt h\u00e5rbottenepidermis.<\/p>\n<h3><strong>Rik p\u00e5 aktiva ingredienser:<\/strong><\/h3>\n<ul>\n<li>3 typer av peptider: Brosk, thymus och placenta<\/li>\n<li>Ricinolja<\/li>\n<li>Bergamotolja<\/li>\n<\/ul>\n<h3><strong>Funktioner:<\/strong><\/h3>\n<ul>\n<li>Aktiverar h\u00e5rs\u00e4ckarna<\/li>\n<li>\u00c5terst\u00e4ller f\u00f6rsiktigt balansen i h\u00e5rbotten<\/li>\n<li>St\u00e4rker h\u00e5rroten och fr\u00e4mjar h\u00e5rv\u00e4xten<\/li>\n<\/ul>\n<h3><strong>F\u00f6rdelar:<\/strong><\/h3>\n<ul>\n<li>S\u00e4ker formel*<\/li>\n<li>Mild, neutral doft<\/li>\n<\/ul>\n<p><strong>\u26a0 Kontraindikationer:<\/strong> Individuell \u00f6verk\u00e4nslighet mot n\u00e5gon av ingredienserna.<\/p>\n<h3><strong>Anv\u00e4ndning:<\/strong><\/h3>\n<p>Applicera p\u00e5 handdukstorkat h\u00e5r. Massera f\u00f6rsiktigt in i h\u00e5rbotten. L\u00e5t verka i 6\u20138 timmar (helst \u00f6ver natten). Sk\u00f6lj noggrant. F\u00f6r b\u00e4sta resultat, anv\u00e4nd tillsammans med <strong>HairLine Peptides schampo, balsam och h\u00e5rmask.<\/strong><\/p>\n<ul>\n<li data-start=\"398\" data-end=\"448\">\n<p data-start=\"400\" data-end=\"448\"><strong data-start=\"400\" data-end=\"408\">Kur:<\/strong> 1 g\u00e5ng per vecka eller varannan vecka<\/p>\n<\/li>\n<li data-start=\"449\" data-end=\"481\">\n<p data-start=\"451\" data-end=\"481\"><strong data-start=\"451\" data-end=\"461\">Antal:<\/strong> 6\u201310 behandlingar<\/p>\n<\/li>\n<li data-start=\"482\" data-end=\"515\">\n<p data-start=\"484\" data-end=\"515\"><strong data-start=\"484\" data-end=\"498\">Underh\u00e5ll:<\/strong> 1 g\u00e5ng per m\u00e5nad<\/p>\n<\/li>\n<\/ul>\n<h3><strong>Varning:<\/strong> F\u00f6rvaras o\u00e5tkomligt f\u00f6r barn.<\/h3>\n<h3><strong>Ingredienser:<\/strong><\/h3>\n<p>Purified Water, Cetrimonium Chloride, Piroctone Olamine, Peg-40, Hydrogenated Castor Oil, Ci 42051, Citric Acid, Peptide Complex Pp-4 (Cartilage Peptides), Peptide Complex Pp-6 (Thymus Peptides), Peptide Complex Pp-22 (Placenta Peptides), Citrus Aurantum Bergamia Leaf Oil, Citral, Limonene, Linalool.<\/p>\n<p>M\u00e4ngd: 75 ML<\/p>\n","protected":false},"featured_media":2600,"comment_status":"open","ping_status":"closed","template":"","meta":{"_et_pb_use_builder":"","_et_pb_old_content":"","_et_gb_content_width":"","om_disable_all_campaigns":false,"_monsterinsights_skip_tracking":false,"_monsterinsights_sitenote_active":false,"_monsterinsights_sitenote_note":"","_monsterinsights_sitenote_category":0,"_uf_show_specific_survey":0,"_uf_disable_surveys":false},"product_brand":[],"product_cat":[57],"product_tag":[],"class_list":{"0":"post-2599","1":"product","2":"type-product","3":"status-publish","4":"has-post-thumbnail","6":"product_cat-harvard","8":"first","9":"instock","10":"taxable","11":"shipping-taxable","12":"purchasable","13":"product-type-simple"},"yoast_head":"<!-- This site is optimized with the Yoast SEO plugin v27.4 - https:\/\/yoast.com\/product\/yoast-seo-wordpress\/ -->\n<title>Mesoterapi med Peptider - Pepvital<\/title>\n<meta name=\"description\" content=\"Buy Mesoterapi med Peptider online at Pepvital - supplements with natural and synthetic peptides.\" \/>\n<meta name=\"robots\" content=\"index, follow, max-snippet:-1, max-image-preview:large, max-video-preview:-1\" \/>\n<link rel=\"canonical\" href=\"https:\/\/www.pepvital.se\/sv\/produkt\/2599\/\" \/>\n<meta property=\"og:locale\" content=\"sv_SE\" \/>\n<meta property=\"og:type\" content=\"article\" \/>\n<meta property=\"og:title\" content=\"Mesoterapi med Peptider - Pepvital\" \/>\n<meta property=\"og:description\" content=\"Buy Mesoterapi med Peptider online at Pepvital - supplements with natural and synthetic peptides.\" \/>\n<meta property=\"og:url\" content=\"https:\/\/www.pepvital.se\/sv\/produkt\/2599\/\" \/>\n<meta property=\"og:site_name\" content=\"Pepvital\" \/>\n<meta property=\"article:publisher\" content=\"https:\/\/www.facebook.com\/pepvital\" \/>\n<meta property=\"article:modified_time\" content=\"2026-01-15T09:36:07+00:00\" \/>\n<meta property=\"og:image\" content=\"https:\/\/www.pepvital.se\/wp-content\/uploads\/2025\/02\/5ccc5b626963c0696f5e463075685390-Mesotoric.jpg\" \/>\n\t<meta property=\"og:image:width\" content=\"1500\" \/>\n\t<meta property=\"og:image:height\" content=\"1500\" \/>\n\t<meta property=\"og:image:type\" content=\"image\/jpeg\" \/>\n<meta name=\"twitter:card\" content=\"summary_large_image\" \/>\n<meta name=\"twitter:label1\" content=\"Ber\u00e4knad l\u00e4stid\" \/>\n\t<meta name=\"twitter:data1\" content=\"1 minut\" \/>\n<script type=\"application\/ld+json\" class=\"yoast-schema-graph\">{\"@context\":\"https:\\\/\\\/schema.org\",\"@graph\":[{\"@type\":\"WebPage\",\"@id\":\"https:\\\/\\\/www.pepvital.se\\\/sv\\\/produkt\\\/2599\\\/\",\"url\":\"https:\\\/\\\/www.pepvital.se\\\/sv\\\/produkt\\\/2599\\\/\",\"name\":\"Mesoterapi med Peptider - Pepvital\",\"isPartOf\":{\"@id\":\"https:\\\/\\\/www.pepvital.se\\\/sv\\\/#website\"},\"primaryImageOfPage\":{\"@id\":\"https:\\\/\\\/www.pepvital.se\\\/sv\\\/produkt\\\/2599\\\/#primaryimage\"},\"image\":{\"@id\":\"https:\\\/\\\/www.pepvital.se\\\/sv\\\/produkt\\\/2599\\\/#primaryimage\"},\"thumbnailUrl\":\"https:\\\/\\\/www.pepvital.se\\\/wp-content\\\/uploads\\\/2025\\\/02\\\/5ccc5b626963c0696f5e463075685390-Mesotoric.jpg\",\"datePublished\":\"2025-02-06T09:23:09+00:00\",\"dateModified\":\"2026-01-15T09:36:07+00:00\",\"description\":\"Buy Mesoterapi med Peptider online at Pepvital - supplements with natural and synthetic peptides.\",\"breadcrumb\":{\"@id\":\"https:\\\/\\\/www.pepvital.se\\\/sv\\\/produkt\\\/2599\\\/#breadcrumb\"},\"inLanguage\":\"sv-SE\",\"potentialAction\":[{\"@type\":\"ReadAction\",\"target\":[\"https:\\\/\\\/www.pepvital.se\\\/sv\\\/produkt\\\/2599\\\/\"]}]},{\"@type\":\"ImageObject\",\"inLanguage\":\"sv-SE\",\"@id\":\"https:\\\/\\\/www.pepvital.se\\\/sv\\\/produkt\\\/2599\\\/#primaryimage\",\"url\":\"https:\\\/\\\/www.pepvital.se\\\/wp-content\\\/uploads\\\/2025\\\/02\\\/5ccc5b626963c0696f5e463075685390-Mesotoric.jpg\",\"contentUrl\":\"https:\\\/\\\/www.pepvital.se\\\/wp-content\\\/uploads\\\/2025\\\/02\\\/5ccc5b626963c0696f5e463075685390-Mesotoric.jpg\",\"width\":1500,\"height\":1500},{\"@type\":\"BreadcrumbList\",\"@id\":\"https:\\\/\\\/www.pepvital.se\\\/sv\\\/produkt\\\/2599\\\/#breadcrumb\",\"itemListElement\":[{\"@type\":\"ListItem\",\"position\":1,\"name\":\"Hem\",\"item\":\"https:\\\/\\\/www.pepvital.se\\\/sv\\\/\"},{\"@type\":\"ListItem\",\"position\":2,\"name\":\"Handla\",\"item\":\"https:\\\/\\\/www.pepvital.se\\\/sv\\\/butik\\\/\"},{\"@type\":\"ListItem\",\"position\":3,\"name\":\"Mesoterapi med Peptider\"}]},{\"@type\":\"WebSite\",\"@id\":\"https:\\\/\\\/www.pepvital.se\\\/sv\\\/#website\",\"url\":\"https:\\\/\\\/www.pepvital.se\\\/sv\\\/\",\"name\":\"Pepvital\",\"description\":\"\u00c5terf\u00e5 &amp; bibeh\u00e5ll livskvalit\u00e9n\",\"publisher\":{\"@id\":\"https:\\\/\\\/www.pepvital.se\\\/sv\\\/#organization\"},\"potentialAction\":[{\"@type\":\"SearchAction\",\"target\":{\"@type\":\"EntryPoint\",\"urlTemplate\":\"https:\\\/\\\/www.pepvital.se\\\/sv\\\/?s={search_term_string}\"},\"query-input\":{\"@type\":\"PropertyValueSpecification\",\"valueRequired\":true,\"valueName\":\"search_term_string\"}}],\"inLanguage\":\"sv-SE\"},{\"@type\":\"Organization\",\"@id\":\"https:\\\/\\\/www.pepvital.se\\\/sv\\\/#organization\",\"name\":\"Pepvital\",\"url\":\"https:\\\/\\\/www.pepvital.se\\\/sv\\\/\",\"logo\":{\"@type\":\"ImageObject\",\"inLanguage\":\"sv-SE\",\"@id\":\"https:\\\/\\\/www.pepvital.se\\\/sv\\\/#\\\/schema\\\/logo\\\/image\\\/\",\"url\":\"https:\\\/\\\/www.pepvital.se\\\/wp-content\\\/uploads\\\/2021\\\/05\\\/ogimage.jpg\",\"contentUrl\":\"https:\\\/\\\/www.pepvital.se\\\/wp-content\\\/uploads\\\/2021\\\/05\\\/ogimage.jpg\",\"width\":1200,\"height\":627,\"caption\":\"Pepvital\"},\"image\":{\"@id\":\"https:\\\/\\\/www.pepvital.se\\\/sv\\\/#\\\/schema\\\/logo\\\/image\\\/\"},\"sameAs\":[\"https:\\\/\\\/www.facebook.com\\\/pepvital\",\"https:\\\/\\\/www.instagram.com\\\/pepvital.se\\\/\"]}]}<\/script>\n<!-- \/ Yoast SEO plugin. -->","yoast_head_json":{"title":"Mesoterapi med Peptider - Pepvital","description":"Buy Mesoterapi med Peptider online at Pepvital - supplements with natural and synthetic peptides.","robots":{"index":"index","follow":"follow","max-snippet":"max-snippet:-1","max-image-preview":"max-image-preview:large","max-video-preview":"max-video-preview:-1"},"canonical":"https:\/\/www.pepvital.se\/sv\/produkt\/2599\/","og_locale":"sv_SE","og_type":"article","og_title":"Mesoterapi med Peptider - Pepvital","og_description":"Buy Mesoterapi med Peptider online at Pepvital - supplements with natural and synthetic peptides.","og_url":"https:\/\/www.pepvital.se\/sv\/produkt\/2599\/","og_site_name":"Pepvital","article_publisher":"https:\/\/www.facebook.com\/pepvital","article_modified_time":"2026-01-15T09:36:07+00:00","og_image":[{"width":1500,"height":1500,"url":"https:\/\/www.pepvital.se\/wp-content\/uploads\/2025\/02\/5ccc5b626963c0696f5e463075685390-Mesotoric.jpg","type":"image\/jpeg"}],"twitter_card":"summary_large_image","twitter_misc":{"Ber\u00e4knad l\u00e4stid":"1 minut"},"schema":{"@context":"https:\/\/schema.org","@graph":[{"@type":"WebPage","@id":"https:\/\/www.pepvital.se\/sv\/produkt\/2599\/","url":"https:\/\/www.pepvital.se\/sv\/produkt\/2599\/","name":"Mesoterapi med Peptider - Pepvital","isPartOf":{"@id":"https:\/\/www.pepvital.se\/sv\/#website"},"primaryImageOfPage":{"@id":"https:\/\/www.pepvital.se\/sv\/produkt\/2599\/#primaryimage"},"image":{"@id":"https:\/\/www.pepvital.se\/sv\/produkt\/2599\/#primaryimage"},"thumbnailUrl":"https:\/\/www.pepvital.se\/wp-content\/uploads\/2025\/02\/5ccc5b626963c0696f5e463075685390-Mesotoric.jpg","datePublished":"2025-02-06T09:23:09+00:00","dateModified":"2026-01-15T09:36:07+00:00","description":"Buy Mesoterapi med Peptider online at Pepvital - supplements with natural and synthetic peptides.","breadcrumb":{"@id":"https:\/\/www.pepvital.se\/sv\/produkt\/2599\/#breadcrumb"},"inLanguage":"sv-SE","potentialAction":[{"@type":"ReadAction","target":["https:\/\/www.pepvital.se\/sv\/produkt\/2599\/"]}]},{"@type":"ImageObject","inLanguage":"sv-SE","@id":"https:\/\/www.pepvital.se\/sv\/produkt\/2599\/#primaryimage","url":"https:\/\/www.pepvital.se\/wp-content\/uploads\/2025\/02\/5ccc5b626963c0696f5e463075685390-Mesotoric.jpg","contentUrl":"https:\/\/www.pepvital.se\/wp-content\/uploads\/2025\/02\/5ccc5b626963c0696f5e463075685390-Mesotoric.jpg","width":1500,"height":1500},{"@type":"BreadcrumbList","@id":"https:\/\/www.pepvital.se\/sv\/produkt\/2599\/#breadcrumb","itemListElement":[{"@type":"ListItem","position":1,"name":"Hem","item":"https:\/\/www.pepvital.se\/sv\/"},{"@type":"ListItem","position":2,"name":"Handla","item":"https:\/\/www.pepvital.se\/sv\/butik\/"},{"@type":"ListItem","position":3,"name":"Mesoterapi med Peptider"}]},{"@type":"WebSite","@id":"https:\/\/www.pepvital.se\/sv\/#website","url":"https:\/\/www.pepvital.se\/sv\/","name":"Pepvital","description":"\u00c5terf\u00e5 &amp; bibeh\u00e5ll livskvalit\u00e9n","publisher":{"@id":"https:\/\/www.pepvital.se\/sv\/#organization"},"potentialAction":[{"@type":"SearchAction","target":{"@type":"EntryPoint","urlTemplate":"https:\/\/www.pepvital.se\/sv\/?s={search_term_string}"},"query-input":{"@type":"PropertyValueSpecification","valueRequired":true,"valueName":"search_term_string"}}],"inLanguage":"sv-SE"},{"@type":"Organization","@id":"https:\/\/www.pepvital.se\/sv\/#organization","name":"Pepvital","url":"https:\/\/www.pepvital.se\/sv\/","logo":{"@type":"ImageObject","inLanguage":"sv-SE","@id":"https:\/\/www.pepvital.se\/sv\/#\/schema\/logo\/image\/","url":"https:\/\/www.pepvital.se\/wp-content\/uploads\/2021\/05\/ogimage.jpg","contentUrl":"https:\/\/www.pepvital.se\/wp-content\/uploads\/2021\/05\/ogimage.jpg","width":1200,"height":627,"caption":"Pepvital"},"image":{"@id":"https:\/\/www.pepvital.se\/sv\/#\/schema\/logo\/image\/"},"sameAs":["https:\/\/www.facebook.com\/pepvital","https:\/\/www.instagram.com\/pepvital.se\/"]}]}},"_links":{"self":[{"href":"https:\/\/www.pepvital.se\/sv\/wp-json\/wp\/v2\/product\/2599","targetHints":{"allow":["GET"]}}],"collection":[{"href":"https:\/\/www.pepvital.se\/sv\/wp-json\/wp\/v2\/product"}],"about":[{"href":"https:\/\/www.pepvital.se\/sv\/wp-json\/wp\/v2\/types\/product"}],"replies":[{"embeddable":true,"href":"https:\/\/www.pepvital.se\/sv\/wp-json\/wp\/v2\/comments?post=2599"}],"wp:featuredmedia":[{"embeddable":true,"href":"https:\/\/www.pepvital.se\/sv\/wp-json\/wp\/v2\/media\/2600"}],"wp:attachment":[{"href":"https:\/\/www.pepvital.se\/sv\/wp-json\/wp\/v2\/media?parent=2599"}],"wp:term":[{"taxonomy":"product_brand","embeddable":true,"href":"https:\/\/www.pepvital.se\/sv\/wp-json\/wp\/v2\/product_brand?post=2599"},{"taxonomy":"product_cat","embeddable":true,"href":"https:\/\/www.pepvital.se\/sv\/wp-json\/wp\/v2\/product_cat?post=2599"},{"taxonomy":"product_tag","embeddable":true,"href":"https:\/\/www.pepvital.se\/sv\/wp-json\/wp\/v2\/product_tag?post=2599"}],"curies":[{"name":"wp","href":"https:\/\/api.w.org\/{rel}","templated":true}]}}