{"id":2595,"date":"2025-02-06T09:07:40","date_gmt":"2025-02-06T09:07:40","guid":{"rendered":"https:\/\/www.pepvital.se\/?post_type=product&#038;p=2595"},"modified":"2025-02-06T09:29:38","modified_gmt":"2025-02-06T09:29:38","slug":"2595","status":"publish","type":"product","link":"https:\/\/www.pepvital.se\/sv\/produkt\/2595\/","title":{"rendered":"H\u00e5rinpackning med peptider"},"content":{"rendered":"<h3><strong>H\u00e5rinpackning med Peptider \u2013 F\u00f6rebygger proteinf\u00f6rlust och bevarar h\u00e5rets elasticitet, mjukhet och styrka<\/strong><\/h3>\n<p><strong>Proteinf\u00f6rlust<\/strong> i h\u00e5r betyder att h\u00e5ret f\u00f6rlorar viktiga proteiner som keratin, vilket \u00e4r det huvudsakliga strukturella proteinet i h\u00e5ret. N\u00e4r h\u00e5ret uts\u00e4tts f\u00f6r skadliga faktorer som v\u00e4rme, kemikalier, UV-str\u00e5lning eller mekanisk p\u00e5frestning (som borstning eller torkning), kan det f\u00f6rlora dessa viktiga proteiner. Detta kan g\u00f6ra h\u00e5ret svagt, torrt och spr\u00f6tt, vilket leder till att det l\u00e4ttare g\u00e5r av och ser livl\u00f6st ut.<\/p>\n<p>H\u00e5rinpackningen f\u00f6rebygger proteinf\u00f6rlust hj\u00e4lper till att bevara eller \u00e5terst\u00e4lla proteinbalansen i h\u00e5ret, vilket g\u00f6r det mer h\u00e5llbart, elastiskt och gl\u00e4nsande.<\/p>\n","protected":false},"excerpt":{"rendered":"<h3><strong>Produktbeskrivning<\/strong><\/h3>\n<p>Peptidkomplexet fungerar som ett skyddssystem, f\u00f6rebygger proteinf\u00f6rlust och hj\u00e4lper h\u00e5ret att f\u00f6rbli elastiskt, mjukt och starkt.<\/p>\n<h3><strong>Rik p\u00e5 aktiva ingredienser:<\/strong><\/h3>\n<ul>\n<li>3 typer av peptider: Thymus, placenta och k\u00e4rl<\/li>\n<li>Kollagen<\/li>\n<li>Jojobaolja<\/li>\n<li>Avokado- och kakaosm\u00f6rsextrakt<\/li>\n<\/ul>\n<h3><strong>Funktioner:<\/strong><\/h3>\n<ul>\n<li>Skyddar h\u00e5ret fr\u00e5n yttre p\u00e5frestningar<\/li>\n<li>\u00c5terst\u00e4ller h\u00e5rets naturliga struktur<\/li>\n<li>H\u00e5ller h\u00e5ret elastiskt, mjukt och starkt<\/li>\n<li>Tillf\u00f6r naturlig glans<\/li>\n<li>G\u00f6r kamning enklare<\/li>\n<li>Minskar statiskt elektricitet i h\u00e5ret<\/li>\n<\/ul>\n<h3><strong>F\u00f6rdelar:<\/strong><\/h3>\n<ul>\n<li>S\u00e4ker och skonsam formula<\/li>\n<li>Mild och neutral doft<\/li>\n<li>Passar f\u00f6r daglig anv\u00e4ndning<\/li>\n<li>Passar alla h\u00e5rtyper<\/li>\n<\/ul>\n<p><strong>\u26a0 Kontraindikationer:<\/strong> Individuell \u00f6verk\u00e4nslighet mot n\u00e5gon av ingredienserna.<\/p>\n<h3><strong>Anv\u00e4ndning:<\/strong><\/h3>\n<p>Applicera p\u00e5 rent, handdukstorkat h\u00e5r och l\u00e5t verka i 15\u201320 minuter. Sk\u00f6lj noggrant. Anv\u00e4nd 2-3 g\u00e5nger i veckan. Undvik kontakt med \u00f6gonen. F\u00f6r b\u00e4sta resultat, anv\u00e4nd tillsammans med <strong>HairLine Peptides schampo, balsam och mesotonic.<\/strong><\/p>\n<h3><strong>Ingredienser:<\/strong><\/h3>\n<p>Purified Water, Cetyl Alcohol, Distearyldimonium Chloride, Cocamide Mea, Cetrimonium Chloride, Simmondsia Chinensis Seed Oil, Citric Acid, Phenoxyethanol, Benzoic Acid, Dehydroacetic Acid, Hexyl Cinnamal, Citronellol, Benzyl Salicylate, D-Limonene, Persea Gratissima Fruit Extract, Theobroma Cacao Shell Extract, Potassium Cocoyl Hydrolyzed Collagen, Peptide Complex Pp-4 (Cartilage Peptides), Peptide Complex Pp-6 (Thymus Peptides), Peptide Complex Pp-22 (Placenta Peptides), Peptide Complex Pp-3 (Vessels Peptides), Perfume.<\/p>\n<p>M\u00e4ngd: 150 ML<\/p>\n","protected":false},"featured_media":2596,"comment_status":"open","ping_status":"closed","template":"","meta":{"_et_pb_use_builder":"","_et_pb_old_content":"","_et_gb_content_width":"","om_disable_all_campaigns":false,"_monsterinsights_skip_tracking":false,"_monsterinsights_sitenote_active":false,"_monsterinsights_sitenote_note":"","_monsterinsights_sitenote_category":0,"_uf_show_specific_survey":0,"_uf_disable_surveys":false},"product_brand":[],"product_cat":[57],"product_tag":[],"class_list":{"0":"post-2595","1":"product","2":"type-product","3":"status-publish","4":"has-post-thumbnail","6":"product_cat-harvard","8":"first","9":"instock","10":"taxable","11":"shipping-taxable","12":"purchasable","13":"product-type-simple"},"yoast_head":"<!-- This site is optimized with the Yoast SEO plugin v27.4 - https:\/\/yoast.com\/product\/yoast-seo-wordpress\/ -->\n<title>H\u00e5rinpackning med peptider - Pepvital<\/title>\n<meta name=\"description\" content=\"Buy H\u00e5rinpackning med peptider online at Pepvital - supplements with natural and synthetic peptides.\" \/>\n<meta name=\"robots\" content=\"index, follow, max-snippet:-1, max-image-preview:large, max-video-preview:-1\" \/>\n<link rel=\"canonical\" href=\"https:\/\/www.pepvital.se\/sv\/produkt\/2595\/\" \/>\n<meta property=\"og:locale\" content=\"sv_SE\" \/>\n<meta property=\"og:type\" content=\"article\" \/>\n<meta property=\"og:title\" content=\"H\u00e5rinpackning med peptider - Pepvital\" \/>\n<meta property=\"og:description\" content=\"Buy H\u00e5rinpackning med peptider online at Pepvital - supplements with natural and synthetic peptides.\" \/>\n<meta property=\"og:url\" content=\"https:\/\/www.pepvital.se\/sv\/produkt\/2595\/\" \/>\n<meta property=\"og:site_name\" content=\"Pepvital\" \/>\n<meta property=\"article:publisher\" content=\"https:\/\/www.facebook.com\/pepvital\" \/>\n<meta property=\"article:modified_time\" content=\"2025-02-06T09:29:38+00:00\" \/>\n<meta property=\"og:image\" content=\"https:\/\/www.pepvital.se\/wp-content\/uploads\/2025\/02\/7a46009edfb9d20ce35eaf449c8bc7a5-Hairmask.jpg\" \/>\n\t<meta property=\"og:image:width\" content=\"1500\" \/>\n\t<meta property=\"og:image:height\" content=\"1500\" \/>\n\t<meta property=\"og:image:type\" content=\"image\/jpeg\" \/>\n<meta name=\"twitter:card\" content=\"summary_large_image\" \/>\n<meta name=\"twitter:label1\" content=\"Ber\u00e4knad l\u00e4stid\" \/>\n\t<meta name=\"twitter:data1\" content=\"1 minut\" \/>\n<script type=\"application\/ld+json\" class=\"yoast-schema-graph\">{\"@context\":\"https:\\\/\\\/schema.org\",\"@graph\":[{\"@type\":\"WebPage\",\"@id\":\"https:\\\/\\\/www.pepvital.se\\\/sv\\\/produkt\\\/2595\\\/\",\"url\":\"https:\\\/\\\/www.pepvital.se\\\/sv\\\/produkt\\\/2595\\\/\",\"name\":\"H\u00e5rinpackning med peptider - Pepvital\",\"isPartOf\":{\"@id\":\"https:\\\/\\\/www.pepvital.se\\\/sv\\\/#website\"},\"primaryImageOfPage\":{\"@id\":\"https:\\\/\\\/www.pepvital.se\\\/sv\\\/produkt\\\/2595\\\/#primaryimage\"},\"image\":{\"@id\":\"https:\\\/\\\/www.pepvital.se\\\/sv\\\/produkt\\\/2595\\\/#primaryimage\"},\"thumbnailUrl\":\"https:\\\/\\\/www.pepvital.se\\\/wp-content\\\/uploads\\\/2025\\\/02\\\/7a46009edfb9d20ce35eaf449c8bc7a5-Hairmask.jpg\",\"datePublished\":\"2025-02-06T09:07:40+00:00\",\"dateModified\":\"2025-02-06T09:29:38+00:00\",\"description\":\"Buy H\u00e5rinpackning med peptider online at Pepvital - supplements with natural and synthetic peptides.\",\"breadcrumb\":{\"@id\":\"https:\\\/\\\/www.pepvital.se\\\/sv\\\/produkt\\\/2595\\\/#breadcrumb\"},\"inLanguage\":\"sv-SE\",\"potentialAction\":[{\"@type\":\"ReadAction\",\"target\":[\"https:\\\/\\\/www.pepvital.se\\\/sv\\\/produkt\\\/2595\\\/\"]}]},{\"@type\":\"ImageObject\",\"inLanguage\":\"sv-SE\",\"@id\":\"https:\\\/\\\/www.pepvital.se\\\/sv\\\/produkt\\\/2595\\\/#primaryimage\",\"url\":\"https:\\\/\\\/www.pepvital.se\\\/wp-content\\\/uploads\\\/2025\\\/02\\\/7a46009edfb9d20ce35eaf449c8bc7a5-Hairmask.jpg\",\"contentUrl\":\"https:\\\/\\\/www.pepvital.se\\\/wp-content\\\/uploads\\\/2025\\\/02\\\/7a46009edfb9d20ce35eaf449c8bc7a5-Hairmask.jpg\",\"width\":1500,\"height\":1500},{\"@type\":\"BreadcrumbList\",\"@id\":\"https:\\\/\\\/www.pepvital.se\\\/sv\\\/produkt\\\/2595\\\/#breadcrumb\",\"itemListElement\":[{\"@type\":\"ListItem\",\"position\":1,\"name\":\"Hem\",\"item\":\"https:\\\/\\\/www.pepvital.se\\\/sv\\\/\"},{\"@type\":\"ListItem\",\"position\":2,\"name\":\"Handla\",\"item\":\"https:\\\/\\\/www.pepvital.se\\\/sv\\\/butik\\\/\"},{\"@type\":\"ListItem\",\"position\":3,\"name\":\"H\u00e5rinpackning med peptider\"}]},{\"@type\":\"WebSite\",\"@id\":\"https:\\\/\\\/www.pepvital.se\\\/sv\\\/#website\",\"url\":\"https:\\\/\\\/www.pepvital.se\\\/sv\\\/\",\"name\":\"Pepvital\",\"description\":\"\u00c5terf\u00e5 &amp; bibeh\u00e5ll livskvalit\u00e9n\",\"publisher\":{\"@id\":\"https:\\\/\\\/www.pepvital.se\\\/sv\\\/#organization\"},\"potentialAction\":[{\"@type\":\"SearchAction\",\"target\":{\"@type\":\"EntryPoint\",\"urlTemplate\":\"https:\\\/\\\/www.pepvital.se\\\/sv\\\/?s={search_term_string}\"},\"query-input\":{\"@type\":\"PropertyValueSpecification\",\"valueRequired\":true,\"valueName\":\"search_term_string\"}}],\"inLanguage\":\"sv-SE\"},{\"@type\":\"Organization\",\"@id\":\"https:\\\/\\\/www.pepvital.se\\\/sv\\\/#organization\",\"name\":\"Pepvital\",\"url\":\"https:\\\/\\\/www.pepvital.se\\\/sv\\\/\",\"logo\":{\"@type\":\"ImageObject\",\"inLanguage\":\"sv-SE\",\"@id\":\"https:\\\/\\\/www.pepvital.se\\\/sv\\\/#\\\/schema\\\/logo\\\/image\\\/\",\"url\":\"https:\\\/\\\/www.pepvital.se\\\/wp-content\\\/uploads\\\/2021\\\/05\\\/ogimage.jpg\",\"contentUrl\":\"https:\\\/\\\/www.pepvital.se\\\/wp-content\\\/uploads\\\/2021\\\/05\\\/ogimage.jpg\",\"width\":1200,\"height\":627,\"caption\":\"Pepvital\"},\"image\":{\"@id\":\"https:\\\/\\\/www.pepvital.se\\\/sv\\\/#\\\/schema\\\/logo\\\/image\\\/\"},\"sameAs\":[\"https:\\\/\\\/www.facebook.com\\\/pepvital\",\"https:\\\/\\\/www.instagram.com\\\/pepvital.se\\\/\"]}]}<\/script>\n<!-- \/ Yoast SEO plugin. -->","yoast_head_json":{"title":"H\u00e5rinpackning med peptider - Pepvital","description":"Buy H\u00e5rinpackning med peptider online at Pepvital - supplements with natural and synthetic peptides.","robots":{"index":"index","follow":"follow","max-snippet":"max-snippet:-1","max-image-preview":"max-image-preview:large","max-video-preview":"max-video-preview:-1"},"canonical":"https:\/\/www.pepvital.se\/sv\/produkt\/2595\/","og_locale":"sv_SE","og_type":"article","og_title":"H\u00e5rinpackning med peptider - Pepvital","og_description":"Buy H\u00e5rinpackning med peptider online at Pepvital - supplements with natural and synthetic peptides.","og_url":"https:\/\/www.pepvital.se\/sv\/produkt\/2595\/","og_site_name":"Pepvital","article_publisher":"https:\/\/www.facebook.com\/pepvital","article_modified_time":"2025-02-06T09:29:38+00:00","og_image":[{"width":1500,"height":1500,"url":"https:\/\/www.pepvital.se\/wp-content\/uploads\/2025\/02\/7a46009edfb9d20ce35eaf449c8bc7a5-Hairmask.jpg","type":"image\/jpeg"}],"twitter_card":"summary_large_image","twitter_misc":{"Ber\u00e4knad l\u00e4stid":"1 minut"},"schema":{"@context":"https:\/\/schema.org","@graph":[{"@type":"WebPage","@id":"https:\/\/www.pepvital.se\/sv\/produkt\/2595\/","url":"https:\/\/www.pepvital.se\/sv\/produkt\/2595\/","name":"H\u00e5rinpackning med peptider - Pepvital","isPartOf":{"@id":"https:\/\/www.pepvital.se\/sv\/#website"},"primaryImageOfPage":{"@id":"https:\/\/www.pepvital.se\/sv\/produkt\/2595\/#primaryimage"},"image":{"@id":"https:\/\/www.pepvital.se\/sv\/produkt\/2595\/#primaryimage"},"thumbnailUrl":"https:\/\/www.pepvital.se\/wp-content\/uploads\/2025\/02\/7a46009edfb9d20ce35eaf449c8bc7a5-Hairmask.jpg","datePublished":"2025-02-06T09:07:40+00:00","dateModified":"2025-02-06T09:29:38+00:00","description":"Buy H\u00e5rinpackning med peptider online at Pepvital - supplements with natural and synthetic peptides.","breadcrumb":{"@id":"https:\/\/www.pepvital.se\/sv\/produkt\/2595\/#breadcrumb"},"inLanguage":"sv-SE","potentialAction":[{"@type":"ReadAction","target":["https:\/\/www.pepvital.se\/sv\/produkt\/2595\/"]}]},{"@type":"ImageObject","inLanguage":"sv-SE","@id":"https:\/\/www.pepvital.se\/sv\/produkt\/2595\/#primaryimage","url":"https:\/\/www.pepvital.se\/wp-content\/uploads\/2025\/02\/7a46009edfb9d20ce35eaf449c8bc7a5-Hairmask.jpg","contentUrl":"https:\/\/www.pepvital.se\/wp-content\/uploads\/2025\/02\/7a46009edfb9d20ce35eaf449c8bc7a5-Hairmask.jpg","width":1500,"height":1500},{"@type":"BreadcrumbList","@id":"https:\/\/www.pepvital.se\/sv\/produkt\/2595\/#breadcrumb","itemListElement":[{"@type":"ListItem","position":1,"name":"Hem","item":"https:\/\/www.pepvital.se\/sv\/"},{"@type":"ListItem","position":2,"name":"Handla","item":"https:\/\/www.pepvital.se\/sv\/butik\/"},{"@type":"ListItem","position":3,"name":"H\u00e5rinpackning med peptider"}]},{"@type":"WebSite","@id":"https:\/\/www.pepvital.se\/sv\/#website","url":"https:\/\/www.pepvital.se\/sv\/","name":"Pepvital","description":"\u00c5terf\u00e5 &amp; bibeh\u00e5ll livskvalit\u00e9n","publisher":{"@id":"https:\/\/www.pepvital.se\/sv\/#organization"},"potentialAction":[{"@type":"SearchAction","target":{"@type":"EntryPoint","urlTemplate":"https:\/\/www.pepvital.se\/sv\/?s={search_term_string}"},"query-input":{"@type":"PropertyValueSpecification","valueRequired":true,"valueName":"search_term_string"}}],"inLanguage":"sv-SE"},{"@type":"Organization","@id":"https:\/\/www.pepvital.se\/sv\/#organization","name":"Pepvital","url":"https:\/\/www.pepvital.se\/sv\/","logo":{"@type":"ImageObject","inLanguage":"sv-SE","@id":"https:\/\/www.pepvital.se\/sv\/#\/schema\/logo\/image\/","url":"https:\/\/www.pepvital.se\/wp-content\/uploads\/2021\/05\/ogimage.jpg","contentUrl":"https:\/\/www.pepvital.se\/wp-content\/uploads\/2021\/05\/ogimage.jpg","width":1200,"height":627,"caption":"Pepvital"},"image":{"@id":"https:\/\/www.pepvital.se\/sv\/#\/schema\/logo\/image\/"},"sameAs":["https:\/\/www.facebook.com\/pepvital","https:\/\/www.instagram.com\/pepvital.se\/"]}]}},"_links":{"self":[{"href":"https:\/\/www.pepvital.se\/sv\/wp-json\/wp\/v2\/product\/2595","targetHints":{"allow":["GET"]}}],"collection":[{"href":"https:\/\/www.pepvital.se\/sv\/wp-json\/wp\/v2\/product"}],"about":[{"href":"https:\/\/www.pepvital.se\/sv\/wp-json\/wp\/v2\/types\/product"}],"replies":[{"embeddable":true,"href":"https:\/\/www.pepvital.se\/sv\/wp-json\/wp\/v2\/comments?post=2595"}],"wp:featuredmedia":[{"embeddable":true,"href":"https:\/\/www.pepvital.se\/sv\/wp-json\/wp\/v2\/media\/2596"}],"wp:attachment":[{"href":"https:\/\/www.pepvital.se\/sv\/wp-json\/wp\/v2\/media?parent=2595"}],"wp:term":[{"taxonomy":"product_brand","embeddable":true,"href":"https:\/\/www.pepvital.se\/sv\/wp-json\/wp\/v2\/product_brand?post=2595"},{"taxonomy":"product_cat","embeddable":true,"href":"https:\/\/www.pepvital.se\/sv\/wp-json\/wp\/v2\/product_cat?post=2595"},{"taxonomy":"product_tag","embeddable":true,"href":"https:\/\/www.pepvital.se\/sv\/wp-json\/wp\/v2\/product_tag?post=2595"}],"curies":[{"name":"wp","href":"https:\/\/api.w.org\/{rel}","templated":true}]}}