{"id":2515,"date":"2024-10-15T10:14:59","date_gmt":"2024-10-15T10:14:59","guid":{"rendered":"https:\/\/www.pepvital.se\/?post_type=product&#038;p=2515"},"modified":"2024-10-15T13:01:24","modified_gmt":"2024-10-15T13:01:24","slug":"zink-advanced-400-tabletter","status":"publish","type":"product","link":"https:\/\/www.pepvital.se\/sv\/produkt\/zink-advanced-400-tabletter\/","title":{"rendered":"Zink Advanced 400 tabletter"},"content":{"rendered":"<div class=\"desc\">\n<p>Zink \u00e4r ett sp\u00e5r\u00e4mne som \u00e4r avg\u00f6rande f\u00f6r m\u00e4nniskokroppens \u00f6verlevnad. Zink kr\u00e4vs f\u00f6r m\u00e5nga metabola reaktioner. Mer \u00e4n 50 enzymer i v\u00e5r kropp inneh\u00e5ller zink och utf\u00f6r cellmetabolism p\u00e5 basis av detta sp\u00e5r\u00e4mne. Zink \u00e4r viktigt f\u00f6r insulinlagring, hud och tillv\u00e4xt. Dessutom st\u00e4rks immunf\u00f6rsvaret, spermieproduktionen stimuleras och proteinsyntesen st\u00f6ds. Zink \u00e4r ett av de v\u00e4sentliga sp\u00e5r\u00e4mnena som stimulerar v\u00e5r kropps f\u00f6rsvarsfunktioner. L-Histidin \u00e4r en av de semi-essentiella aminosyrorna och har f\u00f6rutom en basisk del \u00e4ven en imidazolring som \u00e4r typisk f\u00f6r aromater. Aminosyran L-histidin \u00e4r bland annat involverad i bildandet av proteiner och p\u00e5verkar \u00e4ven m\u00e5nga metabola reaktioner i m\u00e4nniskokroppen. Eftersom L-histidin endast kan produceras av kroppen i mycket sm\u00e5 m\u00e4ngder, m\u00e5ste det tillf\u00f6ras kroppen i f\u00f6rsta hand genom mat eller genom ytterligare tillskott.<\/p>\n<h3>H\u00f6jdpunkter i ett \u00f6gonkast:<\/h3>\n<ul>\n<li>400 h\u00f6gdostabletter vardera med 25 mg element\u00e4rt zink per tablett + 25 mg histidin. Praktisk leverans i hela 400 dagar (ca 13,3 m\u00e5nader)<\/li>\n<li>Zinkbisglycinat \u00e4r ett kelatkomplex med en s\u00e4rskilt h\u00f6g biotillg\u00e4nglighet, som \u00e4r cirka 40 % h\u00f6gre \u00e4n zinkglukonat. V\u00e5ra zinktabletter inneh\u00e5ller \u00e4ven aminosyran L-histidin, vilket g\u00f6r att zinken kan utnyttjas \u00e4nnu b\u00e4ttre av kroppen. V\u00e5ra zinkkelattabletter tolereras s\u00e4rskilt v\u00e4l<\/li>\n<li>V\u00e5ra zink + L-histidintabletter \u00e4r 100% veganska &amp; fria fr\u00e5n magnesiumstearat, smak\u00e4mnen, f\u00e4rg\u00e4mnen, stabilisatorer, gelatin och naturligtvis GMO-fria, laktosfria, glutenfria &amp; inga konserveringsmedel<\/li>\n<li>Oberoende laboratorietestad f\u00f6r tungmetaller, m\u00f6gel, E. coli, salmonella och andra relevanta testkriterier. Testet utf\u00f6rdes av ett oberoende tyskt laboratorium certifierat enligt DIN EN ISO\/IEC 17025. Analyscertifikatet hittar du i produktbilderna.<\/li>\n<\/ul>\n<h3>Zink har ett brett spektrum av effekter<\/h3>\n<p>F\u00f6ljande h\u00e4lsop\u00e5st\u00e5enden (h\u00e4lsorelaterad information) \u00e4r till\u00e5tna f\u00f6r zink:<\/p>\n<ul>\n<li>bidrar till att underh\u00e5lla normal hud<\/li>\n<li>bidrar till normal proteinsyntes<\/li>\n<li>bidrar till att bibeh\u00e5lla normala testosteronniv\u00e5er i blodet<\/li>\n<li>bidrar till normal kolhydratmetabolism<\/li>\n<li>bidrar till att underh\u00e5lla normalt h\u00e5r<\/li>\n<li>bidrar till att underh\u00e5lla normala naglar<\/li>\n<li>bidrar till normal metabolism av makron\u00e4rings\u00e4mnen<\/li>\n<li>hj\u00e4lper till att skydda cellerna fr\u00e5n oxidativ stress<\/li>\n<li>bidrar till normal fettsyrametabolism<\/li>\n<\/ul>\n<h3>Zink Advanced i detalj<\/h3>\n<p>Hos Vit4ever \u00e4r kvalitet en absolut prioritet, varf\u00f6r vi endast anv\u00e4nder ett standardiserat extrakt med en oleuropeinhalt p\u00e5 minst 20%.<\/p>\n<p>V\u00e5r Zinc Advanced \u00e4r ett kelatkomplex som tolereras s\u00e4rskilt v\u00e4l. Zinkbisglycinatet den inneh\u00e5ller har en biotillg\u00e4nglighet som \u00e4r upp till 40 procent h\u00f6gre \u00e4n normalt zinkglukonat. Kroppen kan d\u00e4rf\u00f6r utnyttja zink mycket b\u00e4ttre \u00e4n konventionell zink. Dessutom inneh\u00e5ller Zinc Advanced aminosyran L-histidin som ocks\u00e5 \u00f6kar biotillg\u00e4ngligheten av zink och g\u00f6r att kroppen kan utnyttja zinken \u00e4nnu b\u00e4ttre.<\/p>\n<ul>\n<li>Varje f\u00f6rpackning inneh\u00e5ller 400 tabletter, var och en inneh\u00e5ller 25 mg element\u00e4r zink + 25 mg L-histidin<\/li>\n<li>Biotillg\u00e4ngligheten av zinkbisglycinat \u00e4r 40 procent h\u00f6gre \u00e4n zinkglukonat<\/li>\n<li>Zinkbisglycinat \u00e4r ett kelatkomplex som tolereras s\u00e4rskilt v\u00e4l<\/li>\n<li>F\u00f6rb\u00e4ttrad biotillg\u00e4nglighet genom ytterligare L-histidin<\/li>\n<li>Zinkbisglycinattabletterna \u00e4r veganska och tolereras v\u00e4l<\/li>\n<li>Den lilla storleken m\u00f6jligg\u00f6r enkel konsumtion<\/li>\n<\/ul>\n<p><strong>Rekommenderad dosering:<\/strong>\u00a0Ta 1 tablett dagligen med tillr\u00e4ckligt med v\u00e4tska.<\/p>\n<\/div>\n<div class=\"product-attributes\">\n<table class=\"table table-sm table-striped table-bordered-outline\">\n<tbody>\n<tr>\n<td class=\"h6\">Egenskaper:<\/td>\n<td class=\"attr-characteristic\"><a class=\"text-decoration-none-util\" title=\"\" href=\"https:\/\/vitaminversand24.com\/Fruktose-frei\" data-toggle=\"tooltip\" data-placement=\"top\" data-boundary=\"window\" aria-label=\"Fruktosfri\" data-original-title=\"Fruktose frei\"><span class=\"badge badge-primary\">Fruktosfri<\/span><\/a><a class=\"text-decoration-none-util\" title=\"\" href=\"https:\/\/vitaminversand24.com\/Gelatine-frei\" data-toggle=\"tooltip\" data-placement=\"top\" data-boundary=\"window\" aria-label=\"Gelatinfri\" data-original-title=\"Gelatine frei\"><span class=\"badge badge-primary\">Gelatinfri<\/span><\/a><a class=\"text-decoration-none-util\" title=\"\" href=\"https:\/\/vitaminversand24.com\/Gluten-frei\" data-toggle=\"tooltip\" data-placement=\"top\" data-boundary=\"window\" aria-label=\"Glutenfri\" data-original-title=\"Gluten frei\"><span class=\"badge badge-primary\">Glutenfri<\/span><\/a><a class=\"text-decoration-none-util\" title=\"\" href=\"https:\/\/vitaminversand24.com\/GMO-frei\" data-toggle=\"tooltip\" data-placement=\"top\" data-boundary=\"window\" aria-label=\"GMO-fri\" data-original-title=\"GMO frei\"><span class=\"badge badge-primary\">GMO-fri<\/span><\/a><a class=\"text-decoration-none-util\" title=\"\" href=\"https:\/\/vitaminversand24.com\/Laktose-frei\" data-toggle=\"tooltip\" data-placement=\"top\" data-boundary=\"window\" aria-label=\"Laktosfri\" data-original-title=\"Laktose frei\"><span class=\"badge badge-primary\">Laktosfri<\/span><\/a><a class=\"text-decoration-none-util\" title=\"\" href=\"https:\/\/vitaminversand24.com\/ohne-Aromen\" data-toggle=\"tooltip\" data-placement=\"top\" data-boundary=\"window\" aria-label=\"utan smaker\" data-original-title=\"ohne Aromen\"><span class=\"badge badge-primary\">utan smaker<\/span><\/a><a class=\"text-decoration-none-util\" title=\"\" href=\"https:\/\/vitaminversand24.com\/ohne-Konservierungsstoffe\" data-toggle=\"tooltip\" data-placement=\"top\" data-boundary=\"window\" aria-label=\"utan konserveringsmedel\" data-original-title=\"ohne Konservierungsstoffe\"><span class=\"badge badge-primary\">utan konserveringsmedel<\/span><\/a><a class=\"text-decoration-none-util\" title=\"\" href=\"https:\/\/vitaminversand24.com\/vegan\" data-toggle=\"tooltip\" data-placement=\"top\" data-boundary=\"window\" aria-label=\"vegan\" data-original-title=\"vegan\"><span class=\"badge badge-primary\">vegan<\/span><\/a><a class=\"text-decoration-none-util\" title=\"\" href=\"https:\/\/vitaminversand24.com\/vegetarisch\" data-toggle=\"tooltip\" data-placement=\"top\" data-boundary=\"window\" aria-label=\"vegetarian\" data-original-title=\"vegetarisch\"><span class=\"badge badge-primary\">vegetarian<\/span><\/a><a class=\"text-decoration-none-util\" title=\"\" href=\"https:\/\/vitaminversand24.com\/ohne-Magnesiumstearat\" data-toggle=\"tooltip\" data-placement=\"top\" data-boundary=\"window\" aria-label=\"utan magnesiumstearat\" data-original-title=\"ohne Magnesiumstearat\"><span class=\"badge badge-primary\">utan magnesiumstearat<\/span><\/a><\/td>\n<\/tr>\n<tr class=\"attr-weight\">\n<td class=\"h6\">Varans vikt:<\/td>\n<td class=\"weight-unit\">0,09 kg<\/td>\n<\/tr>\n<tr class=\"attr-contents\">\n<td class=\"h6\">Inneh\u00e5ll:<\/td>\n<td class=\"attr-value\">80,00g<\/td>\n<\/tr>\n<\/tbody>\n<\/table>\n<\/div>\n","protected":false},"excerpt":{"rendered":"<p><strong>Kosttillskott (NEM) med zink &amp; L-histidin. Denna produkt \u00e4r inte ett l\u00e4kemedel.<\/strong><\/p>\n<table class=\"steelBlueCols\">\n<thead>\n<tr>\n<td><strong>N\u00e4ringsv\u00e4rden<\/strong><\/td>\n<td><strong>Per daglig dos<br \/>\n(1 tablett)<\/strong><\/td>\n<td><strong>NRV*<\/strong><\/td>\n<\/tr>\n<\/thead>\n<tbody>\n<tr>\n<td>zink<\/td>\n<td>\n<p align=\"center\">25 mg<\/p>\n<\/td>\n<td>\n<p align=\"center\">250 %<\/p>\n<\/td>\n<\/tr>\n<tr>\n<td>L-Histidin<\/td>\n<td>\n<p align=\"center\">25 mg<\/p>\n<\/td>\n<td>\n<p align=\"center\">**<\/p>\n<\/td>\n<\/tr>\n<\/tbody>\n<\/table>\n<p>* Andel av n\u00e4rings\u00e4mnesreferensv\u00e4rden enligt VO (EU) NO. 1169\/2011.<br \/>\n** inga k\u00e4nda referensv\u00e4rden f\u00f6r n\u00e4rings\u00e4mnen.<\/p>\n<p><strong>Ingredienser:<\/strong>\u00a0Zinkbisglycinat, Mikrokristallin cellulosa (fyllmedel), L-Histidin HCL.<\/p>\n<p><strong>Viktig information:<\/strong>\u00a0Kosttillskott f\u00e5r inte anv\u00e4ndas som ers\u00e4ttning f\u00f6r en balanserad, varierad kost och en h\u00e4lsosam livsstil. Den angivna rekommenderade dagliga konsumtionsm\u00e4ngden f\u00e5r inte \u00f6verskridas. F\u00f6rvaras st\u00e4ngt, svalt, torrt, skyddat fr\u00e5n ljus och utom r\u00e4ckh\u00e5ll f\u00f6r sm\u00e5 barn.<\/p>\n","protected":false},"featured_media":2516,"comment_status":"open","ping_status":"closed","template":"","meta":{"_et_pb_use_builder":"","_et_pb_old_content":"","_et_gb_content_width":"","om_disable_all_campaigns":false,"_monsterinsights_skip_tracking":false,"_monsterinsights_sitenote_active":false,"_monsterinsights_sitenote_note":"","_monsterinsights_sitenote_category":0,"_uf_show_specific_survey":0,"_uf_disable_surveys":false},"product_brand":[],"product_cat":[52],"product_tag":[],"class_list":{"0":"post-2515","1":"product","2":"type-product","3":"status-publish","4":"has-post-thumbnail","6":"product_cat-vitaminer","8":"first","9":"instock","10":"taxable","11":"shipping-taxable","12":"purchasable","13":"product-type-simple"},"yoast_head":"<!-- This site is optimized with the Yoast SEO plugin v27.5 - https:\/\/yoast.com\/product\/yoast-seo-wordpress\/ -->\n<title>Zink Advanced 400 tabletter - Pepvital<\/title>\n<meta name=\"description\" content=\"Buy Zink Advanced 400 tabletter online at Pepvital - supplements with natural and synthetic peptides.\" \/>\n<meta name=\"robots\" content=\"index, follow, max-snippet:-1, max-image-preview:large, max-video-preview:-1\" \/>\n<link rel=\"canonical\" href=\"https:\/\/www.pepvital.se\/sv\/produkt\/zink-advanced-400-tabletter\/\" \/>\n<meta property=\"og:locale\" content=\"sv_SE\" \/>\n<meta property=\"og:type\" content=\"article\" \/>\n<meta property=\"og:title\" content=\"Zink Advanced 400 tabletter - Pepvital\" \/>\n<meta property=\"og:description\" content=\"Buy Zink Advanced 400 tabletter online at Pepvital - supplements with natural and synthetic peptides.\" \/>\n<meta property=\"og:url\" content=\"https:\/\/www.pepvital.se\/sv\/produkt\/zink-advanced-400-tabletter\/\" \/>\n<meta property=\"og:site_name\" content=\"Pepvital\" \/>\n<meta property=\"article:publisher\" content=\"https:\/\/www.facebook.com\/pepvital\" \/>\n<meta property=\"article:modified_time\" content=\"2024-10-15T13:01:24+00:00\" \/>\n<meta property=\"og:image\" content=\"https:\/\/www.pepvital.se\/wp-content\/uploads\/2024\/10\/Zink.jpg\" \/>\n\t<meta property=\"og:image:width\" content=\"1000\" \/>\n\t<meta property=\"og:image:height\" content=\"1000\" \/>\n\t<meta property=\"og:image:type\" content=\"image\/jpeg\" \/>\n<meta name=\"twitter:card\" content=\"summary_large_image\" \/>\n<meta name=\"twitter:label1\" content=\"Ber\u00e4knad l\u00e4stid\" \/>\n\t<meta name=\"twitter:data1\" content=\"3 minuter\" \/>\n<script type=\"application\/ld+json\" class=\"yoast-schema-graph\">{\"@context\":\"https:\\\/\\\/schema.org\",\"@graph\":[{\"@type\":\"WebPage\",\"@id\":\"https:\\\/\\\/www.pepvital.se\\\/sv\\\/produkt\\\/zink-advanced-400-tabletter\\\/\",\"url\":\"https:\\\/\\\/www.pepvital.se\\\/sv\\\/produkt\\\/zink-advanced-400-tabletter\\\/\",\"name\":\"Zink Advanced 400 tabletter - Pepvital\",\"isPartOf\":{\"@id\":\"https:\\\/\\\/www.pepvital.se\\\/sv\\\/#website\"},\"primaryImageOfPage\":{\"@id\":\"https:\\\/\\\/www.pepvital.se\\\/sv\\\/produkt\\\/zink-advanced-400-tabletter\\\/#primaryimage\"},\"image\":{\"@id\":\"https:\\\/\\\/www.pepvital.se\\\/sv\\\/produkt\\\/zink-advanced-400-tabletter\\\/#primaryimage\"},\"thumbnailUrl\":\"https:\\\/\\\/www.pepvital.se\\\/wp-content\\\/uploads\\\/2024\\\/10\\\/Zink.jpg\",\"datePublished\":\"2024-10-15T10:14:59+00:00\",\"dateModified\":\"2024-10-15T13:01:24+00:00\",\"description\":\"Buy Zink Advanced 400 tabletter online at Pepvital - supplements with natural and synthetic peptides.\",\"breadcrumb\":{\"@id\":\"https:\\\/\\\/www.pepvital.se\\\/sv\\\/produkt\\\/zink-advanced-400-tabletter\\\/#breadcrumb\"},\"inLanguage\":\"sv-SE\",\"potentialAction\":[{\"@type\":\"ReadAction\",\"target\":[\"https:\\\/\\\/www.pepvital.se\\\/sv\\\/produkt\\\/zink-advanced-400-tabletter\\\/\"]}]},{\"@type\":\"ImageObject\",\"inLanguage\":\"sv-SE\",\"@id\":\"https:\\\/\\\/www.pepvital.se\\\/sv\\\/produkt\\\/zink-advanced-400-tabletter\\\/#primaryimage\",\"url\":\"https:\\\/\\\/www.pepvital.se\\\/wp-content\\\/uploads\\\/2024\\\/10\\\/Zink.jpg\",\"contentUrl\":\"https:\\\/\\\/www.pepvital.se\\\/wp-content\\\/uploads\\\/2024\\\/10\\\/Zink.jpg\",\"width\":1000,\"height\":1000},{\"@type\":\"BreadcrumbList\",\"@id\":\"https:\\\/\\\/www.pepvital.se\\\/sv\\\/produkt\\\/zink-advanced-400-tabletter\\\/#breadcrumb\",\"itemListElement\":[{\"@type\":\"ListItem\",\"position\":1,\"name\":\"Hem\",\"item\":\"https:\\\/\\\/www.pepvital.se\\\/sv\\\/\"},{\"@type\":\"ListItem\",\"position\":2,\"name\":\"Handla\",\"item\":\"https:\\\/\\\/www.pepvital.se\\\/sv\\\/butik\\\/\"},{\"@type\":\"ListItem\",\"position\":3,\"name\":\"Zink Advanced 400 tabletter\"}]},{\"@type\":\"WebSite\",\"@id\":\"https:\\\/\\\/www.pepvital.se\\\/sv\\\/#website\",\"url\":\"https:\\\/\\\/www.pepvital.se\\\/sv\\\/\",\"name\":\"Pepvital\",\"description\":\"\u00c5terf\u00e5 &amp; bibeh\u00e5ll livskvalit\u00e9n\",\"publisher\":{\"@id\":\"https:\\\/\\\/www.pepvital.se\\\/sv\\\/#organization\"},\"potentialAction\":[{\"@type\":\"SearchAction\",\"target\":{\"@type\":\"EntryPoint\",\"urlTemplate\":\"https:\\\/\\\/www.pepvital.se\\\/sv\\\/?s={search_term_string}\"},\"query-input\":{\"@type\":\"PropertyValueSpecification\",\"valueRequired\":true,\"valueName\":\"search_term_string\"}}],\"inLanguage\":\"sv-SE\"},{\"@type\":\"Organization\",\"@id\":\"https:\\\/\\\/www.pepvital.se\\\/sv\\\/#organization\",\"name\":\"Pepvital\",\"url\":\"https:\\\/\\\/www.pepvital.se\\\/sv\\\/\",\"logo\":{\"@type\":\"ImageObject\",\"inLanguage\":\"sv-SE\",\"@id\":\"https:\\\/\\\/www.pepvital.se\\\/sv\\\/#\\\/schema\\\/logo\\\/image\\\/\",\"url\":\"https:\\\/\\\/www.pepvital.se\\\/wp-content\\\/uploads\\\/2021\\\/05\\\/ogimage.jpg\",\"contentUrl\":\"https:\\\/\\\/www.pepvital.se\\\/wp-content\\\/uploads\\\/2021\\\/05\\\/ogimage.jpg\",\"width\":1200,\"height\":627,\"caption\":\"Pepvital\"},\"image\":{\"@id\":\"https:\\\/\\\/www.pepvital.se\\\/sv\\\/#\\\/schema\\\/logo\\\/image\\\/\"},\"sameAs\":[\"https:\\\/\\\/www.facebook.com\\\/pepvital\",\"https:\\\/\\\/www.instagram.com\\\/pepvital.se\\\/\"]}]}<\/script>\n<!-- \/ Yoast SEO plugin. -->","yoast_head_json":{"title":"Zink Advanced 400 tabletter - Pepvital","description":"Buy Zink Advanced 400 tabletter online at Pepvital - supplements with natural and synthetic peptides.","robots":{"index":"index","follow":"follow","max-snippet":"max-snippet:-1","max-image-preview":"max-image-preview:large","max-video-preview":"max-video-preview:-1"},"canonical":"https:\/\/www.pepvital.se\/sv\/produkt\/zink-advanced-400-tabletter\/","og_locale":"sv_SE","og_type":"article","og_title":"Zink Advanced 400 tabletter - Pepvital","og_description":"Buy Zink Advanced 400 tabletter online at Pepvital - supplements with natural and synthetic peptides.","og_url":"https:\/\/www.pepvital.se\/sv\/produkt\/zink-advanced-400-tabletter\/","og_site_name":"Pepvital","article_publisher":"https:\/\/www.facebook.com\/pepvital","article_modified_time":"2024-10-15T13:01:24+00:00","og_image":[{"width":1000,"height":1000,"url":"https:\/\/www.pepvital.se\/wp-content\/uploads\/2024\/10\/Zink.jpg","type":"image\/jpeg"}],"twitter_card":"summary_large_image","twitter_misc":{"Ber\u00e4knad l\u00e4stid":"3 minuter"},"schema":{"@context":"https:\/\/schema.org","@graph":[{"@type":"WebPage","@id":"https:\/\/www.pepvital.se\/sv\/produkt\/zink-advanced-400-tabletter\/","url":"https:\/\/www.pepvital.se\/sv\/produkt\/zink-advanced-400-tabletter\/","name":"Zink Advanced 400 tabletter - Pepvital","isPartOf":{"@id":"https:\/\/www.pepvital.se\/sv\/#website"},"primaryImageOfPage":{"@id":"https:\/\/www.pepvital.se\/sv\/produkt\/zink-advanced-400-tabletter\/#primaryimage"},"image":{"@id":"https:\/\/www.pepvital.se\/sv\/produkt\/zink-advanced-400-tabletter\/#primaryimage"},"thumbnailUrl":"https:\/\/www.pepvital.se\/wp-content\/uploads\/2024\/10\/Zink.jpg","datePublished":"2024-10-15T10:14:59+00:00","dateModified":"2024-10-15T13:01:24+00:00","description":"Buy Zink Advanced 400 tabletter online at Pepvital - supplements with natural and synthetic peptides.","breadcrumb":{"@id":"https:\/\/www.pepvital.se\/sv\/produkt\/zink-advanced-400-tabletter\/#breadcrumb"},"inLanguage":"sv-SE","potentialAction":[{"@type":"ReadAction","target":["https:\/\/www.pepvital.se\/sv\/produkt\/zink-advanced-400-tabletter\/"]}]},{"@type":"ImageObject","inLanguage":"sv-SE","@id":"https:\/\/www.pepvital.se\/sv\/produkt\/zink-advanced-400-tabletter\/#primaryimage","url":"https:\/\/www.pepvital.se\/wp-content\/uploads\/2024\/10\/Zink.jpg","contentUrl":"https:\/\/www.pepvital.se\/wp-content\/uploads\/2024\/10\/Zink.jpg","width":1000,"height":1000},{"@type":"BreadcrumbList","@id":"https:\/\/www.pepvital.se\/sv\/produkt\/zink-advanced-400-tabletter\/#breadcrumb","itemListElement":[{"@type":"ListItem","position":1,"name":"Hem","item":"https:\/\/www.pepvital.se\/sv\/"},{"@type":"ListItem","position":2,"name":"Handla","item":"https:\/\/www.pepvital.se\/sv\/butik\/"},{"@type":"ListItem","position":3,"name":"Zink Advanced 400 tabletter"}]},{"@type":"WebSite","@id":"https:\/\/www.pepvital.se\/sv\/#website","url":"https:\/\/www.pepvital.se\/sv\/","name":"Pepvital","description":"\u00c5terf\u00e5 &amp; bibeh\u00e5ll livskvalit\u00e9n","publisher":{"@id":"https:\/\/www.pepvital.se\/sv\/#organization"},"potentialAction":[{"@type":"SearchAction","target":{"@type":"EntryPoint","urlTemplate":"https:\/\/www.pepvital.se\/sv\/?s={search_term_string}"},"query-input":{"@type":"PropertyValueSpecification","valueRequired":true,"valueName":"search_term_string"}}],"inLanguage":"sv-SE"},{"@type":"Organization","@id":"https:\/\/www.pepvital.se\/sv\/#organization","name":"Pepvital","url":"https:\/\/www.pepvital.se\/sv\/","logo":{"@type":"ImageObject","inLanguage":"sv-SE","@id":"https:\/\/www.pepvital.se\/sv\/#\/schema\/logo\/image\/","url":"https:\/\/www.pepvital.se\/wp-content\/uploads\/2021\/05\/ogimage.jpg","contentUrl":"https:\/\/www.pepvital.se\/wp-content\/uploads\/2021\/05\/ogimage.jpg","width":1200,"height":627,"caption":"Pepvital"},"image":{"@id":"https:\/\/www.pepvital.se\/sv\/#\/schema\/logo\/image\/"},"sameAs":["https:\/\/www.facebook.com\/pepvital","https:\/\/www.instagram.com\/pepvital.se\/"]}]}},"_links":{"self":[{"href":"https:\/\/www.pepvital.se\/sv\/wp-json\/wp\/v2\/product\/2515","targetHints":{"allow":["GET"]}}],"collection":[{"href":"https:\/\/www.pepvital.se\/sv\/wp-json\/wp\/v2\/product"}],"about":[{"href":"https:\/\/www.pepvital.se\/sv\/wp-json\/wp\/v2\/types\/product"}],"replies":[{"embeddable":true,"href":"https:\/\/www.pepvital.se\/sv\/wp-json\/wp\/v2\/comments?post=2515"}],"wp:featuredmedia":[{"embeddable":true,"href":"https:\/\/www.pepvital.se\/sv\/wp-json\/wp\/v2\/media\/2516"}],"wp:attachment":[{"href":"https:\/\/www.pepvital.se\/sv\/wp-json\/wp\/v2\/media?parent=2515"}],"wp:term":[{"taxonomy":"product_brand","embeddable":true,"href":"https:\/\/www.pepvital.se\/sv\/wp-json\/wp\/v2\/product_brand?post=2515"},{"taxonomy":"product_cat","embeddable":true,"href":"https:\/\/www.pepvital.se\/sv\/wp-json\/wp\/v2\/product_cat?post=2515"},{"taxonomy":"product_tag","embeddable":true,"href":"https:\/\/www.pepvital.se\/sv\/wp-json\/wp\/v2\/product_tag?post=2515"}],"curies":[{"name":"wp","href":"https:\/\/api.w.org\/{rel}","templated":true}]}}