{"id":2512,"date":"2024-10-15T10:02:31","date_gmt":"2024-10-15T10:02:31","guid":{"rendered":"https:\/\/www.pepvital.se\/?post_type=product&#038;p=2512"},"modified":"2024-10-15T10:02:41","modified_gmt":"2024-10-15T10:02:41","slug":"vitamin-b12-trippel-komplex-240-tabletter","status":"publish","type":"product","link":"https:\/\/www.pepvital.se\/sv\/produkt\/vitamin-b12-trippel-komplex-240-tabletter\/","title":{"rendered":"Vitamin B12 Trippel Komplex &#8211; 240 tabletter"},"content":{"rendered":"<div class=\"desc\">\n<h2><span>Vitamin B12 + Folat (Quatrefolic\u00ae) \u2013 Den perfekta kombinationen f\u00f6r din \u00e4mnesoms\u00e4ttning<\/span><\/h2>\n<p><span>Vitamin B12 och folat (folsyra) \u00e4r tv\u00e5 viktiga vattenl\u00f6sliga B-vitaminer som arbetar n\u00e4ra tillsammans i kroppen. Tillsammans bidrar de till den normala funktionen av homocysteinmetabolism. Vitamin B12 och folat \u00e4r kofaktorer f\u00f6r metioninsyntas, som omvandlar homocystein till metionin. Vitamin B12 hj\u00e4lper till att omvandla folat tillbaka till sin aktiva form, tetrahydrofolat. Denna form \u00e4r viktig f\u00f6r celldelningen och bidrar till immunsystemets normala funktion.<\/span><\/p>\n<ul>\n<li><strong><span>L\u00e5ngtidsf\u00f6rs\u00f6rjning:<\/span><\/strong><span>\u00a0240 tabletter i 1,3 \u00e5r (1 tablett varannan dag).<\/span><\/li>\n<li><strong><span>H\u00f6g dos:<\/span><\/strong><span>\u00a0En \u00bd tablett inneh\u00e5ller 500 \u00b5g vitamin B12 och 200 \u00b5g folat.<\/span><\/li>\n<li><strong><span>Premiumkvalitet:<\/span><\/strong><span>\u00a0Inneh\u00e5ller bioaktiva former av vitamin B12 (metylkobalamin, adenosylkobalamin) och dep\u00e5formen (hydroxokobalamin), samt folat (folsyra) som 5-MTHF-glukosamin (Quatrefolic\u00ae), den biologiskt aktiva och mest stabila formen av folsyra syra.<\/span><\/li>\n<li><strong><span>Aktuella vetenskapliga r\u00f6n:<\/span><\/strong><span>\u00a0Utvecklad baserat p\u00e5 de senaste studierna och expertkunskapen.<\/span><\/li>\n<li><strong><span>Praktisk anv\u00e4ndning:<\/span><\/strong><span>\u00a0Sm\u00e5, fyllmedelsreducerade tabletter som \u00e4r l\u00e4tta att ta och 100% veganska.<\/span><\/li>\n<li><strong><span>Fri fr\u00e5n o\u00f6nskade tillsatser:<\/span><\/strong><span>\u00a0Utan magnesiumstearat, gelatin, smak\u00e4mnen, f\u00e4rg\u00e4mnen, stabiliseringsmedel, konserveringsmedel och naturligtvis laktosfri, glutenfri och GMO-fri.<\/span><\/li>\n<li><strong><span>Oberoende laboratorietestad:<\/span><\/strong><span>\u00a0Testad f\u00f6r kontaminering och f\u00f6roreningar som tungmetaller, m\u00f6gel, E. coli, salmonella och andra relevanta testkriterier.<\/span><\/li>\n<\/ul>\n<h3><span>Vitamin B12 Trippel Komplex i detalj:<\/span><\/h3>\n<p><span>V\u00e5r Premium Vitamin B12 Trippel Komplex inneh\u00e5ller alla tre bioaktiva formerna av vitamin B12 i ett optimalt f\u00f6rh\u00e5llande (1:1:1) samt bioaktivt folat (Quatrefolic\u00ae) med h\u00f6g biotillg\u00e4nglighet och renhet.<\/span><\/p>\n<ul>\n<li><strong><span>Metylkobalamin &amp; Adenosylkobalamin:<\/span><\/strong><span>\u00a0Dessa tv\u00e5 former \u00e4r de enda bioaktiva koenzymerna av vitamin B12 och v\u00e4rderas f\u00f6r sin utm\u00e4rkta absorptionsf\u00f6rm\u00e5ga.<\/span><\/li>\n<li><strong><span>Hydroxokobalamin:<\/span><\/strong><span>\u00a0Denna naturliga form av vitamin B12 kan cirkulera i kroppen under l\u00e5ng tid och har bra proteinbindning och dep\u00e5effekt.<\/span><\/li>\n<li><strong><span>5MTHF-Glukosamin (Quatrefolic\u00ae):<\/span><\/strong><span>\u00a0Denna prim\u00e4ra biologiskt aktiva form av folsyra \u00e4r viktig f\u00f6r DNA-syntes och cysteincykeln. Tack vare den patenterade kopplingen med glukosamin erbjuder Quatrefolic\u00ae optimal stabilitet och effektivitet.<\/span><\/li>\n<\/ul>\n<h3><span>Godk\u00e4nda h\u00e4lsop\u00e5st\u00e5enden:<\/span><\/h3>\n<ul>\n<li><strong><span>Vitamin B12:<\/span><\/strong>\n<ul>\n<li><span>Bidrar till normal energioms\u00e4ttning.<\/span><\/li>\n<li><span>Bidrar till nervsystemets normala funktion.<\/span><\/li>\n<li><span>Bidrar till normal psykologisk funktion.<\/span><\/li>\n<li><span>Bidrar till normal bildning av r\u00f6da blodkroppar.<\/span><\/li>\n<li><span>Bidrar till immunsystemets normala funktion.<\/span><\/li>\n<li><span>Bidrar till att minska tr\u00f6tthet och utmattning.<\/span><\/li>\n<li><span>Har en funktion vid celldelning.<\/span><\/li>\n<\/ul>\n<\/li>\n<li><strong><span>Folat (folsyra):<\/span><\/strong>\n<ul>\n<li><span>Bidrar till normal aminosyrasyntes.<\/span><\/li>\n<li><span>Bidrar till normal blodbildning.<\/span><\/li>\n<li><span>Bidrar till immunsystemets normala funktion.<\/span><\/li>\n<li><span>Bidrar till att minska tr\u00f6tthet och utmattning.<\/span><\/li>\n<li><span>Bidrar till normal psykologisk funktion.<\/span><\/li>\n<li><span>Har en funktion vid celldelning.<\/span><\/li>\n<li><span>Bidrar till tillv\u00e4xten av moderns v\u00e4vnad under graviditeten.<\/span><\/li>\n<\/ul>\n<\/li>\n<\/ul>\n<p><span>Uppt\u00e4ck hur en kombination av vitamin B12 och folat (Quatrefolic\u00ae) som en del av din dagliga rutin kan hj\u00e4lpa till att st\u00f6dja din h\u00e4lsa. Detta kosttillskott erbjuder ett effektivt s\u00e4tt att s\u00e4kerst\u00e4lla intaget av dessa viktiga n\u00e4rings\u00e4mnen.<\/span><\/p>\n<p><strong><span>Rekommenderad dosering:<\/span><\/strong><span>\u00a0Ta 1 tablett varannan dag med tillr\u00e4ckligt med v\u00e4tsk<\/span><\/p>\n<\/div>\n<div class=\"product-attributes\">\n<table class=\"table table-sm table-striped table-bordered-outline\">\n<tbody>\n<tr>\n<td class=\"h6\"><span>Egenskaper:<\/span><\/td>\n<td class=\"attr-characteristic\"><a class=\"text-decoration-none-util\" title=\"\" href=\"https:\/\/vitaminversand24.com\/Fruktose-frei\" data-toggle=\"tooltip\" data-placement=\"top\" data-boundary=\"window\" aria-label=\"Fruktosfri\" data-original-title=\"Fruktose frei\"><span class=\"badge  badge-primary\"><span>Fruktosfri<\/span><\/span><\/a><a class=\"text-decoration-none-util\" title=\"\" href=\"https:\/\/vitaminversand24.com\/Gelatine-frei\" data-toggle=\"tooltip\" data-placement=\"top\" data-boundary=\"window\" aria-label=\"Gelatinfri\" data-original-title=\"Gelatine frei\"><span class=\"badge  badge-primary\"><span>Gelatinfri<\/span><\/span><\/a><a class=\"text-decoration-none-util\" title=\"\" href=\"https:\/\/vitaminversand24.com\/Gluten-frei\" data-toggle=\"tooltip\" data-placement=\"top\" data-boundary=\"window\" aria-label=\"Glutenfri\" data-original-title=\"Gluten frei\"><span class=\"badge  badge-primary\"><span>Glutenfri<\/span><\/span><\/a><a class=\"text-decoration-none-util\" title=\"\" href=\"https:\/\/vitaminversand24.com\/GMO-frei\" data-toggle=\"tooltip\" data-placement=\"top\" data-boundary=\"window\" aria-label=\"GMO-fri\" data-original-title=\"GMO frei\"><span class=\"badge  badge-primary\"><span>GMO-fri<\/span><\/span><\/a><a class=\"text-decoration-none-util\" title=\"\" href=\"https:\/\/vitaminversand24.com\/Laktose-frei\" data-toggle=\"tooltip\" data-placement=\"top\" data-boundary=\"window\" aria-label=\"Laktosfri\" data-original-title=\"Laktose frei\"><span class=\"badge  badge-primary\"><span>Laktosfri<\/span><\/span><\/a><a class=\"text-decoration-none-util\" title=\"\" href=\"https:\/\/vitaminversand24.com\/ohne-Konservierungsstoffe\" data-toggle=\"tooltip\" data-placement=\"top\" data-boundary=\"window\" aria-label=\"utan konserveringsmedel\" data-original-title=\"ohne Konservierungsstoffe\"><span class=\"badge  badge-primary\"><span>utan konserveringsmedel<\/span><\/span><\/a><a class=\"text-decoration-none-util\" title=\"\" href=\"https:\/\/vitaminversand24.com\/vegan\" data-toggle=\"tooltip\" data-placement=\"top\" data-boundary=\"window\" aria-label=\"vegan\" data-original-title=\"vegan\"><span class=\"badge  badge-primary\"><span>vegan<\/span><\/span><\/a><a class=\"text-decoration-none-util\" title=\"\" href=\"https:\/\/vitaminversand24.com\/vegetarisch\" data-toggle=\"tooltip\" data-placement=\"top\" data-boundary=\"window\" aria-label=\"vegetarian\" data-original-title=\"vegetarisch\"><span class=\"badge  badge-primary\"><span>vegetarian<\/span><\/span><\/a><a class=\"text-decoration-none-util\" title=\"\" href=\"https:\/\/vitaminversand24.com\/ohne-Magnesiumstearat\" data-toggle=\"tooltip\" data-placement=\"top\" data-boundary=\"window\" aria-label=\"utan magnesiumstearat\" data-original-title=\"ohne Magnesiumstearat\"><span class=\"badge  badge-primary\"><span>utan magnesiumstearat<\/span><\/span><\/a><\/td>\n<\/tr>\n<tr class=\"attr-weight\">\n<td class=\"h6\"><span>Varans vikt:<\/span><\/td>\n<td class=\"weight-unit\"><span>0,08 kg<\/span><\/td>\n<\/tr>\n<tr class=\"attr-contents\">\n<td class=\"h6\"><span>Inneh\u00e5ll:<\/span><\/td>\n<td class=\"attr-value\"><span>240,00 stycken<\/span><\/td>\n<\/tr>\n<\/tbody>\n<\/table>\n<\/div>\n","protected":false},"excerpt":{"rendered":"<p><strong><span>Kosttillskott (NEM) med vitamin B12. Denna produkt \u00e4r inte ett l\u00e4kemedel.<\/span><\/strong><\/p>\n<table class=\"steelBlueCols\">\n<thead>\n<tr>\n<th colspan=\"3\"><span>N\u00e4ringsinformation \/ N\u00e4ringsfakta<\/span><\/th>\n<\/tr>\n<\/thead>\n<tbody>\n<tr>\n<td class=\"tg-yw4l\"><strong><span>Ingredienser<\/span><\/strong><\/td>\n<td class=\"tg-yw4l\">\n<div align=\"right\">\n<div align=\"center\"><strong><span>Per 2-dagars dos<\/span><\/strong><\/div>\n<div align=\"center\"><strong><span>(1 tablett)<\/span><\/strong><\/div>\n<\/div>\n<\/td>\n<td class=\"tg-yw4l\">\n<div align=\"right\"><strong><span>%NRV*<\/span><\/strong><\/div>\n<\/td>\n<\/tr>\n<tr>\n<td class=\"tg-yw4l\"><span>Vitamin B12<\/span><\/td>\n<td class=\"tg-yw4l\">\n<div align=\"right\">\n<div align=\"center\"><span>1000 mcg\/mcg<\/span><\/div>\n<\/div>\n<\/td>\n<td class=\"tg-yw4l\"><span>40 000<\/span><\/td>\n<\/tr>\n<tr>\n<td class=\"tg-yw4l\"><span>Folat<\/span><\/td>\n<td class=\"tg-yw4l\">\n<div align=\"right\">\n<div align=\"center\"><span>400 mcg<\/span><\/div>\n<\/div>\n<\/td>\n<td class=\"tg-yw4l\"><span>200<\/span><\/td>\n<\/tr>\n<\/tbody>\n<\/table>\n<p><span>*Procentandel av n\u00e4rings\u00e4mnesreferensv\u00e4rden enligt VO (EU) NO. 1169\/2011.<\/span><\/p>\n<p><strong><span>Ingredienser:<\/span><\/strong><span>\u00a0Mikrokristallin cellulosa, 5MTHF-glukosamin (Quatrefolic\u00ae), metylkobalamin, adenosylkobalamin, hydroxokobalamin.<\/span><\/p>\n<p><strong><span>Viktig information:<\/span><\/strong><span>\u00a0Kosttillskott f\u00e5r inte anv\u00e4ndas som ers\u00e4ttning f\u00f6r en balanserad, varierad kost och en h\u00e4lsosam livsstil. Den angivna rekommenderade dagliga konsumtionsm\u00e4ngden f\u00e5r inte \u00f6verskridas. F\u00f6rvaras st\u00e4ngt, svalt, torrt, skyddat fr\u00e5n ljus och utom r\u00e4ckh\u00e5ll f\u00f6r sm\u00e5 barn.<\/span><\/p>\n","protected":false},"featured_media":2513,"comment_status":"open","ping_status":"closed","template":"","meta":{"_et_pb_use_builder":"","_et_pb_old_content":"","_et_gb_content_width":"","om_disable_all_campaigns":false,"_monsterinsights_skip_tracking":false,"_monsterinsights_sitenote_active":false,"_monsterinsights_sitenote_note":"","_monsterinsights_sitenote_category":0,"_uf_show_specific_survey":0,"_uf_disable_surveys":false},"product_brand":[],"product_cat":[52],"product_tag":[],"class_list":{"0":"post-2512","1":"product","2":"type-product","3":"status-publish","4":"has-post-thumbnail","6":"product_cat-vitaminer","8":"first","9":"instock","10":"taxable","11":"shipping-taxable","12":"purchasable","13":"product-type-simple"},"yoast_head":"<!-- This site is optimized with the Yoast SEO plugin v27.3 - https:\/\/yoast.com\/product\/yoast-seo-wordpress\/ -->\n<title>Vitamin B12 Trippel Komplex - 240 tabletter - Pepvital<\/title>\n<meta name=\"description\" content=\"Buy Vitamin B12 Trippel Komplex - 240 tabletter online at Pepvital - supplements with natural and synthetic peptides.\" \/>\n<meta name=\"robots\" content=\"index, follow, max-snippet:-1, max-image-preview:large, max-video-preview:-1\" \/>\n<link rel=\"canonical\" href=\"https:\/\/www.pepvital.se\/sv\/produkt\/vitamin-b12-trippel-komplex-240-tabletter\/\" \/>\n<meta property=\"og:locale\" content=\"sv_SE\" \/>\n<meta property=\"og:type\" content=\"article\" \/>\n<meta property=\"og:title\" content=\"Vitamin B12 Trippel Komplex - 240 tabletter - Pepvital\" \/>\n<meta property=\"og:description\" content=\"Buy Vitamin B12 Trippel Komplex - 240 tabletter online at Pepvital - supplements with natural and synthetic peptides.\" \/>\n<meta property=\"og:url\" content=\"https:\/\/www.pepvital.se\/sv\/produkt\/vitamin-b12-trippel-komplex-240-tabletter\/\" \/>\n<meta property=\"og:site_name\" content=\"Pepvital\" \/>\n<meta property=\"article:publisher\" content=\"https:\/\/www.facebook.com\/pepvital\" \/>\n<meta property=\"article:modified_time\" content=\"2024-10-15T10:02:41+00:00\" \/>\n<meta property=\"og:image\" content=\"https:\/\/www.pepvital.se\/wp-content\/uploads\/2024\/10\/b12_triple.webp\" \/>\n\t<meta property=\"og:image:width\" content=\"1000\" \/>\n\t<meta property=\"og:image:height\" content=\"1000\" \/>\n\t<meta property=\"og:image:type\" content=\"image\/webp\" \/>\n<meta name=\"twitter:card\" content=\"summary_large_image\" \/>\n<meta name=\"twitter:label1\" content=\"Ber\u00e4knad l\u00e4stid\" \/>\n\t<meta name=\"twitter:data1\" content=\"3 minuter\" \/>\n<script type=\"application\/ld+json\" class=\"yoast-schema-graph\">{\"@context\":\"https:\\\/\\\/schema.org\",\"@graph\":[{\"@type\":\"WebPage\",\"@id\":\"https:\\\/\\\/www.pepvital.se\\\/sv\\\/produkt\\\/vitamin-b12-trippel-komplex-240-tabletter\\\/\",\"url\":\"https:\\\/\\\/www.pepvital.se\\\/sv\\\/produkt\\\/vitamin-b12-trippel-komplex-240-tabletter\\\/\",\"name\":\"Vitamin B12 Trippel Komplex - 240 tabletter - Pepvital\",\"isPartOf\":{\"@id\":\"https:\\\/\\\/www.pepvital.se\\\/sv\\\/#website\"},\"primaryImageOfPage\":{\"@id\":\"https:\\\/\\\/www.pepvital.se\\\/sv\\\/produkt\\\/vitamin-b12-trippel-komplex-240-tabletter\\\/#primaryimage\"},\"image\":{\"@id\":\"https:\\\/\\\/www.pepvital.se\\\/sv\\\/produkt\\\/vitamin-b12-trippel-komplex-240-tabletter\\\/#primaryimage\"},\"thumbnailUrl\":\"https:\\\/\\\/www.pepvital.se\\\/wp-content\\\/uploads\\\/2024\\\/10\\\/b12_triple.webp\",\"datePublished\":\"2024-10-15T10:02:31+00:00\",\"dateModified\":\"2024-10-15T10:02:41+00:00\",\"description\":\"Buy Vitamin B12 Trippel Komplex - 240 tabletter online at Pepvital - supplements with natural and synthetic peptides.\",\"breadcrumb\":{\"@id\":\"https:\\\/\\\/www.pepvital.se\\\/sv\\\/produkt\\\/vitamin-b12-trippel-komplex-240-tabletter\\\/#breadcrumb\"},\"inLanguage\":\"sv-SE\",\"potentialAction\":[{\"@type\":\"ReadAction\",\"target\":[\"https:\\\/\\\/www.pepvital.se\\\/sv\\\/produkt\\\/vitamin-b12-trippel-komplex-240-tabletter\\\/\"]}]},{\"@type\":\"ImageObject\",\"inLanguage\":\"sv-SE\",\"@id\":\"https:\\\/\\\/www.pepvital.se\\\/sv\\\/produkt\\\/vitamin-b12-trippel-komplex-240-tabletter\\\/#primaryimage\",\"url\":\"https:\\\/\\\/www.pepvital.se\\\/wp-content\\\/uploads\\\/2024\\\/10\\\/b12_triple.webp\",\"contentUrl\":\"https:\\\/\\\/www.pepvital.se\\\/wp-content\\\/uploads\\\/2024\\\/10\\\/b12_triple.webp\",\"width\":1000,\"height\":1000},{\"@type\":\"BreadcrumbList\",\"@id\":\"https:\\\/\\\/www.pepvital.se\\\/sv\\\/produkt\\\/vitamin-b12-trippel-komplex-240-tabletter\\\/#breadcrumb\",\"itemListElement\":[{\"@type\":\"ListItem\",\"position\":1,\"name\":\"Hem\",\"item\":\"https:\\\/\\\/www.pepvital.se\\\/sv\\\/\"},{\"@type\":\"ListItem\",\"position\":2,\"name\":\"Handla\",\"item\":\"https:\\\/\\\/www.pepvital.se\\\/sv\\\/butik\\\/\"},{\"@type\":\"ListItem\",\"position\":3,\"name\":\"Vitamin B12 Trippel Komplex &#8211; 240 tabletter\"}]},{\"@type\":\"WebSite\",\"@id\":\"https:\\\/\\\/www.pepvital.se\\\/sv\\\/#website\",\"url\":\"https:\\\/\\\/www.pepvital.se\\\/sv\\\/\",\"name\":\"Pepvital\",\"description\":\"\u00c5terf\u00e5 &amp; bibeh\u00e5ll livskvalit\u00e9n\",\"publisher\":{\"@id\":\"https:\\\/\\\/www.pepvital.se\\\/sv\\\/#organization\"},\"potentialAction\":[{\"@type\":\"SearchAction\",\"target\":{\"@type\":\"EntryPoint\",\"urlTemplate\":\"https:\\\/\\\/www.pepvital.se\\\/sv\\\/?s={search_term_string}\"},\"query-input\":{\"@type\":\"PropertyValueSpecification\",\"valueRequired\":true,\"valueName\":\"search_term_string\"}}],\"inLanguage\":\"sv-SE\"},{\"@type\":\"Organization\",\"@id\":\"https:\\\/\\\/www.pepvital.se\\\/sv\\\/#organization\",\"name\":\"Pepvital\",\"url\":\"https:\\\/\\\/www.pepvital.se\\\/sv\\\/\",\"logo\":{\"@type\":\"ImageObject\",\"inLanguage\":\"sv-SE\",\"@id\":\"https:\\\/\\\/www.pepvital.se\\\/sv\\\/#\\\/schema\\\/logo\\\/image\\\/\",\"url\":\"https:\\\/\\\/www.pepvital.se\\\/wp-content\\\/uploads\\\/2021\\\/05\\\/ogimage.jpg\",\"contentUrl\":\"https:\\\/\\\/www.pepvital.se\\\/wp-content\\\/uploads\\\/2021\\\/05\\\/ogimage.jpg\",\"width\":1200,\"height\":627,\"caption\":\"Pepvital\"},\"image\":{\"@id\":\"https:\\\/\\\/www.pepvital.se\\\/sv\\\/#\\\/schema\\\/logo\\\/image\\\/\"},\"sameAs\":[\"https:\\\/\\\/www.facebook.com\\\/pepvital\",\"https:\\\/\\\/www.instagram.com\\\/pepvital.se\\\/\"]}]}<\/script>\n<!-- \/ Yoast SEO plugin. -->","yoast_head_json":{"title":"Vitamin B12 Trippel Komplex - 240 tabletter - Pepvital","description":"Buy Vitamin B12 Trippel Komplex - 240 tabletter online at Pepvital - supplements with natural and synthetic peptides.","robots":{"index":"index","follow":"follow","max-snippet":"max-snippet:-1","max-image-preview":"max-image-preview:large","max-video-preview":"max-video-preview:-1"},"canonical":"https:\/\/www.pepvital.se\/sv\/produkt\/vitamin-b12-trippel-komplex-240-tabletter\/","og_locale":"sv_SE","og_type":"article","og_title":"Vitamin B12 Trippel Komplex - 240 tabletter - Pepvital","og_description":"Buy Vitamin B12 Trippel Komplex - 240 tabletter online at Pepvital - supplements with natural and synthetic peptides.","og_url":"https:\/\/www.pepvital.se\/sv\/produkt\/vitamin-b12-trippel-komplex-240-tabletter\/","og_site_name":"Pepvital","article_publisher":"https:\/\/www.facebook.com\/pepvital","article_modified_time":"2024-10-15T10:02:41+00:00","og_image":[{"width":1000,"height":1000,"url":"https:\/\/www.pepvital.se\/wp-content\/uploads\/2024\/10\/b12_triple.webp","type":"image\/webp"}],"twitter_card":"summary_large_image","twitter_misc":{"Ber\u00e4knad l\u00e4stid":"3 minuter"},"schema":{"@context":"https:\/\/schema.org","@graph":[{"@type":"WebPage","@id":"https:\/\/www.pepvital.se\/sv\/produkt\/vitamin-b12-trippel-komplex-240-tabletter\/","url":"https:\/\/www.pepvital.se\/sv\/produkt\/vitamin-b12-trippel-komplex-240-tabletter\/","name":"Vitamin B12 Trippel Komplex - 240 tabletter - Pepvital","isPartOf":{"@id":"https:\/\/www.pepvital.se\/sv\/#website"},"primaryImageOfPage":{"@id":"https:\/\/www.pepvital.se\/sv\/produkt\/vitamin-b12-trippel-komplex-240-tabletter\/#primaryimage"},"image":{"@id":"https:\/\/www.pepvital.se\/sv\/produkt\/vitamin-b12-trippel-komplex-240-tabletter\/#primaryimage"},"thumbnailUrl":"https:\/\/www.pepvital.se\/wp-content\/uploads\/2024\/10\/b12_triple.webp","datePublished":"2024-10-15T10:02:31+00:00","dateModified":"2024-10-15T10:02:41+00:00","description":"Buy Vitamin B12 Trippel Komplex - 240 tabletter online at Pepvital - supplements with natural and synthetic peptides.","breadcrumb":{"@id":"https:\/\/www.pepvital.se\/sv\/produkt\/vitamin-b12-trippel-komplex-240-tabletter\/#breadcrumb"},"inLanguage":"sv-SE","potentialAction":[{"@type":"ReadAction","target":["https:\/\/www.pepvital.se\/sv\/produkt\/vitamin-b12-trippel-komplex-240-tabletter\/"]}]},{"@type":"ImageObject","inLanguage":"sv-SE","@id":"https:\/\/www.pepvital.se\/sv\/produkt\/vitamin-b12-trippel-komplex-240-tabletter\/#primaryimage","url":"https:\/\/www.pepvital.se\/wp-content\/uploads\/2024\/10\/b12_triple.webp","contentUrl":"https:\/\/www.pepvital.se\/wp-content\/uploads\/2024\/10\/b12_triple.webp","width":1000,"height":1000},{"@type":"BreadcrumbList","@id":"https:\/\/www.pepvital.se\/sv\/produkt\/vitamin-b12-trippel-komplex-240-tabletter\/#breadcrumb","itemListElement":[{"@type":"ListItem","position":1,"name":"Hem","item":"https:\/\/www.pepvital.se\/sv\/"},{"@type":"ListItem","position":2,"name":"Handla","item":"https:\/\/www.pepvital.se\/sv\/butik\/"},{"@type":"ListItem","position":3,"name":"Vitamin B12 Trippel Komplex &#8211; 240 tabletter"}]},{"@type":"WebSite","@id":"https:\/\/www.pepvital.se\/sv\/#website","url":"https:\/\/www.pepvital.se\/sv\/","name":"Pepvital","description":"\u00c5terf\u00e5 &amp; bibeh\u00e5ll livskvalit\u00e9n","publisher":{"@id":"https:\/\/www.pepvital.se\/sv\/#organization"},"potentialAction":[{"@type":"SearchAction","target":{"@type":"EntryPoint","urlTemplate":"https:\/\/www.pepvital.se\/sv\/?s={search_term_string}"},"query-input":{"@type":"PropertyValueSpecification","valueRequired":true,"valueName":"search_term_string"}}],"inLanguage":"sv-SE"},{"@type":"Organization","@id":"https:\/\/www.pepvital.se\/sv\/#organization","name":"Pepvital","url":"https:\/\/www.pepvital.se\/sv\/","logo":{"@type":"ImageObject","inLanguage":"sv-SE","@id":"https:\/\/www.pepvital.se\/sv\/#\/schema\/logo\/image\/","url":"https:\/\/www.pepvital.se\/wp-content\/uploads\/2021\/05\/ogimage.jpg","contentUrl":"https:\/\/www.pepvital.se\/wp-content\/uploads\/2021\/05\/ogimage.jpg","width":1200,"height":627,"caption":"Pepvital"},"image":{"@id":"https:\/\/www.pepvital.se\/sv\/#\/schema\/logo\/image\/"},"sameAs":["https:\/\/www.facebook.com\/pepvital","https:\/\/www.instagram.com\/pepvital.se\/"]}]}},"_links":{"self":[{"href":"https:\/\/www.pepvital.se\/sv\/wp-json\/wp\/v2\/product\/2512","targetHints":{"allow":["GET"]}}],"collection":[{"href":"https:\/\/www.pepvital.se\/sv\/wp-json\/wp\/v2\/product"}],"about":[{"href":"https:\/\/www.pepvital.se\/sv\/wp-json\/wp\/v2\/types\/product"}],"replies":[{"embeddable":true,"href":"https:\/\/www.pepvital.se\/sv\/wp-json\/wp\/v2\/comments?post=2512"}],"wp:featuredmedia":[{"embeddable":true,"href":"https:\/\/www.pepvital.se\/sv\/wp-json\/wp\/v2\/media\/2513"}],"wp:attachment":[{"href":"https:\/\/www.pepvital.se\/sv\/wp-json\/wp\/v2\/media?parent=2512"}],"wp:term":[{"taxonomy":"product_brand","embeddable":true,"href":"https:\/\/www.pepvital.se\/sv\/wp-json\/wp\/v2\/product_brand?post=2512"},{"taxonomy":"product_cat","embeddable":true,"href":"https:\/\/www.pepvital.se\/sv\/wp-json\/wp\/v2\/product_cat?post=2512"},{"taxonomy":"product_tag","embeddable":true,"href":"https:\/\/www.pepvital.se\/sv\/wp-json\/wp\/v2\/product_tag?post=2512"}],"curies":[{"name":"wp","href":"https:\/\/api.w.org\/{rel}","templated":true}]}}