{"id":2508,"date":"2024-10-15T09:37:35","date_gmt":"2024-10-15T09:37:35","guid":{"rendered":"https:\/\/www.pepvital.se\/?post_type=product&#038;p=2508"},"modified":"2024-10-15T13:02:19","modified_gmt":"2024-10-15T13:02:19","slug":"koppar-365-tabletter","status":"publish","type":"product","link":"https:\/\/www.pepvital.se\/sv\/produkt\/koppar-365-tabletter\/","title":{"rendered":"Koppar 365 tabletter"},"content":{"rendered":"<div class=\"desc\">\n<p>Koppar \u00e4r ett kemiskt element och mineral som kr\u00e4vs i sm\u00e5 m\u00e4ngder i organismer. Koppar \u00e4r ett viktigt sp\u00e5r\u00e4mne f\u00f6r m\u00e4nniskor. Kroppen kan inte producera koppar sj\u00e4lv, s\u00e5 den m\u00e5ste f\u00f6rlita sig p\u00e5 en extern f\u00f6rs\u00f6rjning. Sp\u00e5r\u00e4mnen beh\u00f6vs bara av organismen i mycket sm\u00e5 m\u00e4ngder, varf\u00f6r de inte p\u00e5 n\u00e5got s\u00e4tt b\u00f6r f\u00f6rsummas. Koppar \u00e4r involverat i funktionen av minst 16 enzymer och \u00e4r d\u00e4rf\u00f6r avg\u00f6rande f\u00f6r en frisk kropp. Det mesta av kopparn finns i levern, men den lagras \u00e4ven i hj\u00e4rnan, hj\u00e4rtat, muskler, skelett och njurar och \u00e4r ocks\u00e5 involverad i bildandet av r\u00f6da blodkroppar.<\/p>\n<h3>H\u00f6jdpunkter i ett \u00f6gonkast:<\/h3>\n<ul>\n<li>365 tabletter i en praktisk 12 m\u00e5naders leverans. Varje tablett inneh\u00e5ller 2 mg element\u00e4r koppar<\/li>\n<li>De h\u00f6gdoserade koppartabletterna inneh\u00e5ller kopparglukonat, som har god biotillg\u00e4nglighet och l\u00e4tt kan tas upp av kroppen<\/li>\n<li>Funktionella p\u00e5st\u00e5enden Koppar bidrar till normal energioms\u00e4ttning, bidrar till normal funktion av nervsystemet, bidrar till normal funktion av immunsystemet (fysiskt f\u00f6rsvar).<\/li>\n<li>V\u00e5ra koppartabletter inneh\u00e5ller inga o\u00f6nskade tillsatser och \u00e4r 100% veganska. Tabletterna \u00e4r fria fr\u00e5n magnesiumstearat, smak\u00e4mnen, f\u00e4rg\u00e4mnen, stabiliseringsmedel, gelatin och naturligtvis GMO-fria, laktosfria, glutenfria och inga konserveringsmedel<\/li>\n<\/ul>\n<h3>Koppareffekt<\/h3>\n<p>Nedan \u00e4r effekterna av koppar p\u00e5 m\u00e4nniskor som anses bekr\u00e4ftade av Europeiska myndigheten f\u00f6r livsmedelss\u00e4kerhet (EFSA).<\/p>\n<p><b>Funktionella anspr\u00e5k (h\u00e4lsop\u00e5st\u00e5enden)<\/b><\/p>\n<p><b>koppar<\/b><\/p>\n<ul>\n<li>bidrar till normal energioms\u00e4ttning<\/li>\n<li>bidrar till nervsystemets normala funktion<\/li>\n<li>bidrar till immunsystemets normala funktion (fysiskt f\u00f6rsvar).<\/li>\n<li>hj\u00e4lper till att skydda cellerna fr\u00e5n oxidativ stress<\/li>\n<li>bidrar till uppr\u00e4tth\u00e5llandet av normal bindv\u00e4v<\/li>\n<li>bidrar till normal j\u00e4rntransport i kroppen<\/li>\n<li>bidrar till normal h\u00e5rpigmentering<\/li>\n<li>bidrar till normal hudpigmentering<\/li>\n<\/ul>\n<p>Koppar tabletternar inneh\u00e5ller <b>2 mg ren koppar per tablett.<\/b> Tack vare XXL-f\u00f6rpackningen med 365 tabletter\u00a0<b> r\u00e4cker i ett helt \u00e5r<\/b>\u00a0om du tar 1 tablett dagligen.<\/p>\n<p>Genom att anv\u00e4nda h\u00f6gl\u00f6sligt kopparglukonat uppn\u00e5r vi mycket god biotillg\u00e4nglighet och tolerabilitet.<\/p>\n<p>Genom att minska fillers och eliminera on\u00f6diga tillsatser\u00a0<b>kan vi anv\u00e4nda 6 mm sm\u00e5, veganska och l\u00e4tta att sv\u00e4lja tabletter<\/b>\u00a0som g\u00f6r det l\u00e4ttare att ta.<\/p>\n<p><strong>Rekommenderad dosering:<\/strong>\u00a0Ta 1 tablett dagligen med tillr\u00e4ckligt med v\u00e4tska.<\/p>\n<p>Koppartabletterna \u00e4r 100 % veganska, fria fr\u00e5n magnesiumstearat, gelatinfria, fria fr\u00e5n smak\u00e4mnen, fria fr\u00e5n f\u00e4rg\u00e4mnen, fria fr\u00e5n stabilisatorer, laktosfria, glutenfria, fria fr\u00e5n konserveringsmedel, fria fr\u00e5n genetiskt modifierade ingredienser (GMO-fria) .<\/p>\n<\/div>\n<div class=\"product-attributes\">\n<table class=\"table table-sm table-striped table-bordered-outline\">\n<tbody>\n<tr>\n<td class=\"h6\">Egenskaper:<\/td>\n<td class=\"attr-characteristic\"><a class=\"text-decoration-none-util\" title=\"\" href=\"https:\/\/vitaminversand24.com\/Fruktose-frei\" data-toggle=\"tooltip\" data-placement=\"top\" data-boundary=\"window\" aria-label=\"Fruktosfri\" data-original-title=\"Fruktose frei\"><span class=\"badge badge-primary\">Fruktosfri <\/span><\/a><a class=\"text-decoration-none-util\" title=\"\" href=\"https:\/\/vitaminversand24.com\/Gelatine-frei\" data-toggle=\"tooltip\" data-placement=\"top\" data-boundary=\"window\" aria-label=\"Gelatinfri\" data-original-title=\"Gelatine frei\"><span class=\"badge badge-primary\">Gelatinfr i<\/span><\/a><a class=\"text-decoration-none-util\" title=\"\" href=\"https:\/\/vitaminversand24.com\/Gluten-frei\" data-toggle=\"tooltip\" data-placement=\"top\" data-boundary=\"window\" aria-label=\"Glutenfri\" data-original-title=\"Gluten frei\"><span class=\"badge badge-primary\">Glutenfri <\/span><\/a><a class=\"text-decoration-none-util\" title=\"\" href=\"https:\/\/vitaminversand24.com\/GMO-frei\" data-toggle=\"tooltip\" data-placement=\"top\" data-boundary=\"window\" aria-label=\"GMO-fri\" data-original-title=\"GMO frei\"><span class=\"badge badge-primary\">GMO-fri <\/span><\/a><a class=\"text-decoration-none-util\" title=\"\" href=\"https:\/\/vitaminversand24.com\/Laktose-frei\" data-toggle=\"tooltip\" data-placement=\"top\" data-boundary=\"window\" aria-label=\"Laktosfri\" data-original-title=\"Laktose frei\"><span class=\"badge badge-primary\">Laktosfri <\/span><\/a><a class=\"text-decoration-none-util\" title=\"\" href=\"https:\/\/vitaminversand24.com\/ohne-Aromen\" data-toggle=\"tooltip\" data-placement=\"top\" data-boundary=\"window\" aria-label=\"utan smaker\" data-original-title=\"ohne Aromen\"><span class=\"badge badge-primary\">utan smaker <\/span><\/a><a class=\"text-decoration-none-util\" title=\"\" href=\"https:\/\/vitaminversand24.com\/ohne-Konservierungsstoffe\" data-toggle=\"tooltip\" data-placement=\"top\" data-boundary=\"window\" aria-label=\"utan konserveringsmedel\" data-original-title=\"ohne Konservierungsstoffe\"><span class=\"badge badge-primary\">utan konserveringsmede l<\/span><\/a><a class=\"text-decoration-none-util\" title=\"\" href=\"https:\/\/vitaminversand24.com\/vegan\" data-toggle=\"tooltip\" data-placement=\"top\" data-boundary=\"window\" aria-label=\"vegan\" data-original-title=\"vegan\"><span class=\"badge badge-primary\">vegan<\/span><\/a><a class=\"text-decoration-none-util\" title=\"\" href=\"https:\/\/vitaminversand24.com\/vegetarisch\" data-toggle=\"tooltip\" data-placement=\"top\" data-boundary=\"window\" aria-label=\"vegetarian\" data-original-title=\"vegetarisch\"><span class=\"badge badge-primary\">vegetarian <\/span><\/a><a class=\"text-decoration-none-util\" title=\"\" href=\"https:\/\/vitaminversand24.com\/ohne-Magnesiumstearat\" data-toggle=\"tooltip\" data-placement=\"top\" data-boundary=\"window\" aria-label=\"utan magnesiumstearat\" data-original-title=\"ohne Magnesiumstearat\"><span class=\"badge badge-primary\">utan magnesiumstearat<\/span><\/a><\/td>\n<\/tr>\n<tr class=\"attr-weight\">\n<td class=\"h6\">Varans vikt:<\/td>\n<td class=\"weight-unit\">0,05 kg<\/td>\n<\/tr>\n<tr class=\"attr-contents\">\n<td class=\"h6\">Inneh\u00e5ll:<\/td>\n<td class=\"attr-value\">365,00 stycken<\/td>\n<\/tr>\n<\/tbody>\n<\/table>\n<\/div>\n","protected":false},"excerpt":{"rendered":"<div class=\"container \">\n<nav class=\"tab-navigation\">\n<div id=\"tab-content-product-tabs\" class=\"tab-content\">\n<div id=\"tab-Inhaltsstoffe\" class=\"tab-pane fade active show\" role=\"tabpanel\" aria-labelledby=\"tab-link-Inhaltsstoffe\">\n<p><strong>Kosttillskott (NEM) med koppar. Denna produkt \u00e4r inte ett l\u00e4kemedel.<\/strong><\/p>\n<table class=\"steelBlueCols\">\n<thead>\n<tr>\n<td><strong>N\u00e4ringsv\u00e4rden<\/strong><\/td>\n<td><strong>Per daglig dos<br \/>\n(1 tablett)<\/strong><\/td>\n<td><strong>NRV*<\/strong><\/td>\n<\/tr>\n<\/thead>\n<tbody>\n<tr>\n<td>koppar<\/td>\n<td>\n<p align=\"center\">2 mg<\/p>\n<\/td>\n<td>\n<p align=\"center\">200 %<\/p>\n<\/td>\n<\/tr>\n<\/tbody>\n<\/table>\n<p>* Andel av n\u00e4rings\u00e4mnesreferensv\u00e4rden enligt VO (EU) NO. 1169\/2011.<br \/>\n** inga k\u00e4nda referensv\u00e4rden f\u00f6r n\u00e4rings\u00e4mnen.<\/p>\n<p><strong>Ingredienser:<\/strong>\u00a0Kalciumkarbonat (pressmedel), mikrokristallin cellulosa (fyllmedel), risextraktblandning (sl\u00e4ppmedel), kopparglukonat.<\/p>\n<p><strong>Viktig information:<\/strong>\u00a0Kosttillskott f\u00e5r inte anv\u00e4ndas som ers\u00e4ttning f\u00f6r en balanserad, varierad kost och en h\u00e4lsosam livsstil. Den angivna rekommenderade dagliga konsumtionsm\u00e4ngden f\u00e5r inte \u00f6verskridas. Det finns risk f\u00f6r kv\u00e4vning f\u00f6r konsumenter som har sv\u00e5rt att sv\u00e4lja eller inte dricker tillr\u00e4ckligt med v\u00e4tska. St\u00e4ngt, svalt, torrt, skyddat fr\u00e5n ljus och utom r\u00e4ckh\u00e5ll f\u00f6r sm\u00e5 barn!<\/p>\n<\/div>\n<\/div>\n<\/nav>\n<\/div>\n<div class=\"container-fluid \">\n<div class=\"recommendations d-print-none\">\n<div id=\"slider-xsell\" class=\"slick-slider-other is-not-opc x-sell\">\n<div class=\"hr-sect h2\"><\/div>\n<\/div>\n<\/div>\n<\/div>\n","protected":false},"featured_media":2509,"comment_status":"open","ping_status":"closed","template":"","meta":{"_et_pb_use_builder":"","_et_pb_old_content":"","_et_gb_content_width":"","om_disable_all_campaigns":false,"_monsterinsights_skip_tracking":false,"_monsterinsights_sitenote_active":false,"_monsterinsights_sitenote_note":"","_monsterinsights_sitenote_category":0,"_uf_show_specific_survey":0,"_uf_disable_surveys":false},"product_brand":[],"product_cat":[52],"product_tag":[],"class_list":{"0":"post-2508","1":"product","2":"type-product","3":"status-publish","4":"has-post-thumbnail","6":"product_cat-vitaminer","8":"first","9":"instock","10":"taxable","11":"shipping-taxable","12":"purchasable","13":"product-type-simple"},"yoast_head":"<!-- This site is optimized with the Yoast SEO plugin v27.3 - https:\/\/yoast.com\/product\/yoast-seo-wordpress\/ -->\n<title>Koppar 365 tabletter - Pepvital<\/title>\n<meta name=\"description\" content=\"Buy Koppar 365 tabletter online at Pepvital - supplements with natural and synthetic peptides.\" \/>\n<meta name=\"robots\" content=\"index, follow, max-snippet:-1, max-image-preview:large, max-video-preview:-1\" \/>\n<link rel=\"canonical\" href=\"https:\/\/www.pepvital.se\/sv\/produkt\/koppar-365-tabletter\/\" \/>\n<meta property=\"og:locale\" content=\"sv_SE\" \/>\n<meta property=\"og:type\" content=\"article\" \/>\n<meta property=\"og:title\" content=\"Koppar 365 tabletter - Pepvital\" \/>\n<meta property=\"og:description\" content=\"Buy Koppar 365 tabletter online at Pepvital - supplements with natural and synthetic peptides.\" \/>\n<meta property=\"og:url\" content=\"https:\/\/www.pepvital.se\/sv\/produkt\/koppar-365-tabletter\/\" \/>\n<meta property=\"og:site_name\" content=\"Pepvital\" \/>\n<meta property=\"article:publisher\" content=\"https:\/\/www.facebook.com\/pepvital\" \/>\n<meta property=\"article:modified_time\" content=\"2024-10-15T13:02:19+00:00\" \/>\n<meta property=\"og:image\" content=\"https:\/\/www.pepvital.se\/wp-content\/uploads\/2024\/10\/vit_kupfer.webp\" \/>\n\t<meta property=\"og:image:width\" content=\"1000\" \/>\n\t<meta property=\"og:image:height\" content=\"1000\" \/>\n\t<meta property=\"og:image:type\" content=\"image\/webp\" \/>\n<meta name=\"twitter:card\" content=\"summary_large_image\" \/>\n<meta name=\"twitter:label1\" content=\"Ber\u00e4knad l\u00e4stid\" \/>\n\t<meta name=\"twitter:data1\" content=\"3 minuter\" \/>\n<script type=\"application\/ld+json\" class=\"yoast-schema-graph\">{\"@context\":\"https:\\\/\\\/schema.org\",\"@graph\":[{\"@type\":\"WebPage\",\"@id\":\"https:\\\/\\\/www.pepvital.se\\\/sv\\\/produkt\\\/koppar-365-tabletter\\\/\",\"url\":\"https:\\\/\\\/www.pepvital.se\\\/sv\\\/produkt\\\/koppar-365-tabletter\\\/\",\"name\":\"Koppar 365 tabletter - Pepvital\",\"isPartOf\":{\"@id\":\"https:\\\/\\\/www.pepvital.se\\\/sv\\\/#website\"},\"primaryImageOfPage\":{\"@id\":\"https:\\\/\\\/www.pepvital.se\\\/sv\\\/produkt\\\/koppar-365-tabletter\\\/#primaryimage\"},\"image\":{\"@id\":\"https:\\\/\\\/www.pepvital.se\\\/sv\\\/produkt\\\/koppar-365-tabletter\\\/#primaryimage\"},\"thumbnailUrl\":\"https:\\\/\\\/www.pepvital.se\\\/wp-content\\\/uploads\\\/2024\\\/10\\\/vit_kupfer.webp\",\"datePublished\":\"2024-10-15T09:37:35+00:00\",\"dateModified\":\"2024-10-15T13:02:19+00:00\",\"description\":\"Buy Koppar 365 tabletter online at Pepvital - supplements with natural and synthetic peptides.\",\"breadcrumb\":{\"@id\":\"https:\\\/\\\/www.pepvital.se\\\/sv\\\/produkt\\\/koppar-365-tabletter\\\/#breadcrumb\"},\"inLanguage\":\"sv-SE\",\"potentialAction\":[{\"@type\":\"ReadAction\",\"target\":[\"https:\\\/\\\/www.pepvital.se\\\/sv\\\/produkt\\\/koppar-365-tabletter\\\/\"]}]},{\"@type\":\"ImageObject\",\"inLanguage\":\"sv-SE\",\"@id\":\"https:\\\/\\\/www.pepvital.se\\\/sv\\\/produkt\\\/koppar-365-tabletter\\\/#primaryimage\",\"url\":\"https:\\\/\\\/www.pepvital.se\\\/wp-content\\\/uploads\\\/2024\\\/10\\\/vit_kupfer.webp\",\"contentUrl\":\"https:\\\/\\\/www.pepvital.se\\\/wp-content\\\/uploads\\\/2024\\\/10\\\/vit_kupfer.webp\",\"width\":1000,\"height\":1000},{\"@type\":\"BreadcrumbList\",\"@id\":\"https:\\\/\\\/www.pepvital.se\\\/sv\\\/produkt\\\/koppar-365-tabletter\\\/#breadcrumb\",\"itemListElement\":[{\"@type\":\"ListItem\",\"position\":1,\"name\":\"Hem\",\"item\":\"https:\\\/\\\/www.pepvital.se\\\/sv\\\/\"},{\"@type\":\"ListItem\",\"position\":2,\"name\":\"Handla\",\"item\":\"https:\\\/\\\/www.pepvital.se\\\/sv\\\/butik\\\/\"},{\"@type\":\"ListItem\",\"position\":3,\"name\":\"Koppar 365 tabletter\"}]},{\"@type\":\"WebSite\",\"@id\":\"https:\\\/\\\/www.pepvital.se\\\/sv\\\/#website\",\"url\":\"https:\\\/\\\/www.pepvital.se\\\/sv\\\/\",\"name\":\"Pepvital\",\"description\":\"\u00c5terf\u00e5 &amp; bibeh\u00e5ll livskvalit\u00e9n\",\"publisher\":{\"@id\":\"https:\\\/\\\/www.pepvital.se\\\/sv\\\/#organization\"},\"potentialAction\":[{\"@type\":\"SearchAction\",\"target\":{\"@type\":\"EntryPoint\",\"urlTemplate\":\"https:\\\/\\\/www.pepvital.se\\\/sv\\\/?s={search_term_string}\"},\"query-input\":{\"@type\":\"PropertyValueSpecification\",\"valueRequired\":true,\"valueName\":\"search_term_string\"}}],\"inLanguage\":\"sv-SE\"},{\"@type\":\"Organization\",\"@id\":\"https:\\\/\\\/www.pepvital.se\\\/sv\\\/#organization\",\"name\":\"Pepvital\",\"url\":\"https:\\\/\\\/www.pepvital.se\\\/sv\\\/\",\"logo\":{\"@type\":\"ImageObject\",\"inLanguage\":\"sv-SE\",\"@id\":\"https:\\\/\\\/www.pepvital.se\\\/sv\\\/#\\\/schema\\\/logo\\\/image\\\/\",\"url\":\"https:\\\/\\\/www.pepvital.se\\\/wp-content\\\/uploads\\\/2021\\\/05\\\/ogimage.jpg\",\"contentUrl\":\"https:\\\/\\\/www.pepvital.se\\\/wp-content\\\/uploads\\\/2021\\\/05\\\/ogimage.jpg\",\"width\":1200,\"height\":627,\"caption\":\"Pepvital\"},\"image\":{\"@id\":\"https:\\\/\\\/www.pepvital.se\\\/sv\\\/#\\\/schema\\\/logo\\\/image\\\/\"},\"sameAs\":[\"https:\\\/\\\/www.facebook.com\\\/pepvital\",\"https:\\\/\\\/www.instagram.com\\\/pepvital.se\\\/\"]}]}<\/script>\n<!-- \/ Yoast SEO plugin. -->","yoast_head_json":{"title":"Koppar 365 tabletter - Pepvital","description":"Buy Koppar 365 tabletter online at Pepvital - supplements with natural and synthetic peptides.","robots":{"index":"index","follow":"follow","max-snippet":"max-snippet:-1","max-image-preview":"max-image-preview:large","max-video-preview":"max-video-preview:-1"},"canonical":"https:\/\/www.pepvital.se\/sv\/produkt\/koppar-365-tabletter\/","og_locale":"sv_SE","og_type":"article","og_title":"Koppar 365 tabletter - Pepvital","og_description":"Buy Koppar 365 tabletter online at Pepvital - supplements with natural and synthetic peptides.","og_url":"https:\/\/www.pepvital.se\/sv\/produkt\/koppar-365-tabletter\/","og_site_name":"Pepvital","article_publisher":"https:\/\/www.facebook.com\/pepvital","article_modified_time":"2024-10-15T13:02:19+00:00","og_image":[{"width":1000,"height":1000,"url":"https:\/\/www.pepvital.se\/wp-content\/uploads\/2024\/10\/vit_kupfer.webp","type":"image\/webp"}],"twitter_card":"summary_large_image","twitter_misc":{"Ber\u00e4knad l\u00e4stid":"3 minuter"},"schema":{"@context":"https:\/\/schema.org","@graph":[{"@type":"WebPage","@id":"https:\/\/www.pepvital.se\/sv\/produkt\/koppar-365-tabletter\/","url":"https:\/\/www.pepvital.se\/sv\/produkt\/koppar-365-tabletter\/","name":"Koppar 365 tabletter - Pepvital","isPartOf":{"@id":"https:\/\/www.pepvital.se\/sv\/#website"},"primaryImageOfPage":{"@id":"https:\/\/www.pepvital.se\/sv\/produkt\/koppar-365-tabletter\/#primaryimage"},"image":{"@id":"https:\/\/www.pepvital.se\/sv\/produkt\/koppar-365-tabletter\/#primaryimage"},"thumbnailUrl":"https:\/\/www.pepvital.se\/wp-content\/uploads\/2024\/10\/vit_kupfer.webp","datePublished":"2024-10-15T09:37:35+00:00","dateModified":"2024-10-15T13:02:19+00:00","description":"Buy Koppar 365 tabletter online at Pepvital - supplements with natural and synthetic peptides.","breadcrumb":{"@id":"https:\/\/www.pepvital.se\/sv\/produkt\/koppar-365-tabletter\/#breadcrumb"},"inLanguage":"sv-SE","potentialAction":[{"@type":"ReadAction","target":["https:\/\/www.pepvital.se\/sv\/produkt\/koppar-365-tabletter\/"]}]},{"@type":"ImageObject","inLanguage":"sv-SE","@id":"https:\/\/www.pepvital.se\/sv\/produkt\/koppar-365-tabletter\/#primaryimage","url":"https:\/\/www.pepvital.se\/wp-content\/uploads\/2024\/10\/vit_kupfer.webp","contentUrl":"https:\/\/www.pepvital.se\/wp-content\/uploads\/2024\/10\/vit_kupfer.webp","width":1000,"height":1000},{"@type":"BreadcrumbList","@id":"https:\/\/www.pepvital.se\/sv\/produkt\/koppar-365-tabletter\/#breadcrumb","itemListElement":[{"@type":"ListItem","position":1,"name":"Hem","item":"https:\/\/www.pepvital.se\/sv\/"},{"@type":"ListItem","position":2,"name":"Handla","item":"https:\/\/www.pepvital.se\/sv\/butik\/"},{"@type":"ListItem","position":3,"name":"Koppar 365 tabletter"}]},{"@type":"WebSite","@id":"https:\/\/www.pepvital.se\/sv\/#website","url":"https:\/\/www.pepvital.se\/sv\/","name":"Pepvital","description":"\u00c5terf\u00e5 &amp; bibeh\u00e5ll livskvalit\u00e9n","publisher":{"@id":"https:\/\/www.pepvital.se\/sv\/#organization"},"potentialAction":[{"@type":"SearchAction","target":{"@type":"EntryPoint","urlTemplate":"https:\/\/www.pepvital.se\/sv\/?s={search_term_string}"},"query-input":{"@type":"PropertyValueSpecification","valueRequired":true,"valueName":"search_term_string"}}],"inLanguage":"sv-SE"},{"@type":"Organization","@id":"https:\/\/www.pepvital.se\/sv\/#organization","name":"Pepvital","url":"https:\/\/www.pepvital.se\/sv\/","logo":{"@type":"ImageObject","inLanguage":"sv-SE","@id":"https:\/\/www.pepvital.se\/sv\/#\/schema\/logo\/image\/","url":"https:\/\/www.pepvital.se\/wp-content\/uploads\/2021\/05\/ogimage.jpg","contentUrl":"https:\/\/www.pepvital.se\/wp-content\/uploads\/2021\/05\/ogimage.jpg","width":1200,"height":627,"caption":"Pepvital"},"image":{"@id":"https:\/\/www.pepvital.se\/sv\/#\/schema\/logo\/image\/"},"sameAs":["https:\/\/www.facebook.com\/pepvital","https:\/\/www.instagram.com\/pepvital.se\/"]}]}},"_links":{"self":[{"href":"https:\/\/www.pepvital.se\/sv\/wp-json\/wp\/v2\/product\/2508","targetHints":{"allow":["GET"]}}],"collection":[{"href":"https:\/\/www.pepvital.se\/sv\/wp-json\/wp\/v2\/product"}],"about":[{"href":"https:\/\/www.pepvital.se\/sv\/wp-json\/wp\/v2\/types\/product"}],"replies":[{"embeddable":true,"href":"https:\/\/www.pepvital.se\/sv\/wp-json\/wp\/v2\/comments?post=2508"}],"wp:featuredmedia":[{"embeddable":true,"href":"https:\/\/www.pepvital.se\/sv\/wp-json\/wp\/v2\/media\/2509"}],"wp:attachment":[{"href":"https:\/\/www.pepvital.se\/sv\/wp-json\/wp\/v2\/media?parent=2508"}],"wp:term":[{"taxonomy":"product_brand","embeddable":true,"href":"https:\/\/www.pepvital.se\/sv\/wp-json\/wp\/v2\/product_brand?post=2508"},{"taxonomy":"product_cat","embeddable":true,"href":"https:\/\/www.pepvital.se\/sv\/wp-json\/wp\/v2\/product_cat?post=2508"},{"taxonomy":"product_tag","embeddable":true,"href":"https:\/\/www.pepvital.se\/sv\/wp-json\/wp\/v2\/product_tag?post=2508"}],"curies":[{"name":"wp","href":"https:\/\/api.w.org\/{rel}","templated":true}]}}