{"id":2503,"date":"2024-10-15T09:17:29","date_gmt":"2024-10-15T09:17:29","guid":{"rendered":"https:\/\/www.pepvital.se\/?post_type=product&#038;p=2503"},"modified":"2025-03-09T06:45:49","modified_gmt":"2025-03-09T06:45:49","slug":"kalcium-magnesium-21-forhallande-365-tabletter","status":"publish","type":"product","link":"https:\/\/www.pepvital.se\/sv\/produkt\/kalcium-magnesium-21-forhallande-365-tabletter\/","title":{"rendered":"Kalcium + Magnesium &#8211; 2:1 f\u00f6rh\u00e5llande &#8211; 365 tabletter"},"content":{"rendered":"<div class=\"desc\">\n<h1><span>Kalcium &amp; Magnesium &#8211; Viktigt f\u00f6r kroppen<\/span><\/h1>\n<p><span>Essentiella mineraler och sp\u00e5r\u00e4mnen \u00e4r\u00a0<\/span><b><span>viktiga oorganiska n\u00e4rings\u00e4mnen<\/span><\/b><span>\u00a0som m\u00e5ste tillf\u00f6ras v\u00e5r kropp genom maten. Mineralerna kalcium och magnesium \u00e4r\u00a0<\/span><b><span>involverade i en m\u00e4ngd olika fysiologiska processer i kroppen<\/span><\/b><span>\u00a0och \u00e4r bland de\u00a0<\/span><b><span>viktigaste mineralerna<\/span><\/b><span>\u00a0v\u00e5r kropp beh\u00f6ver.<\/span><\/p>\n<p><span>Eftersom b\u00e5da mineralerna har en h\u00f6gre koncentration i v\u00e5r organism \u00e4n 50 mg per kroppsvikt \u00e4r de d\u00e4rf\u00f6r viktiga kvantiteter eller makroelement.\u00a0<\/span><b><span>Kalciumbrist eller magnesiumbrist p\u00e5 grund av suboptimal n\u00e4ring<\/span><\/b><span>\u00a0kan f\u00e5 oh\u00e4lsosamma konsekvenser. Kosttillskott och mineraltabletter kan motverka detta och s\u00e4kerst\u00e4lla intaget av den rekommenderade dygnsdosen.<\/span><\/p>\n<h3><span>H\u00f6jdpunkter i ett \u00f6gonkast:<\/span><\/h3>\n<ul>\n<li><span>XXL-f\u00f6rpackningen inneh\u00e5ller 360 h\u00f6gdoserade, rent ekologiska tabletter med 400 mg kalcium och 200 mg magnesium per tablett. De rekommenderade 2 tabletterna dagligen r\u00e4cker i 180 dagar<\/span><\/li>\n<li><span>Vit4ever magnesium- och kalciumkomplexet har ett idealiskt f\u00f6rh\u00e5llande mellan kalcium och magnesium (2:1) f\u00f6r att dra s\u00e5 mycket som m\u00f6jligt av synergin mellan de tv\u00e5 aktiva ingredienserna<\/span><\/li>\n<li><span>Kosttillskott i form av magnesiumtabletter bidrar till normal proteinbiosyntes och kan minska k\u00e4nslan av tr\u00f6tthet och muskeltr\u00f6tthet<\/span><\/li>\n<\/ul>\n<h3><span>Anv\u00e4ndningsomr\u00e5de:<\/span><\/h3>\n<p><span>VIKTIGT F\u00d6R BEN OCH T\u00c4NDER: 99 % av kalciumet i kroppen finns i ben och t\u00e4nder. Undvik farlig kalciumbrist och osteoporos genom att st\u00e4rka din kropp med kalciumtabletter<\/span><\/p>\n<p><strong><span>Rekommenderad dosering:<\/span><\/strong><span>\u00a0Ta 2 tabletter dagligen med tillr\u00e4ckligt med v\u00e4tska.<\/span><\/p>\n<h3><span>Mineraler med m\u00e5nga funktioner<\/span><\/h3>\n<p><span>Som redan n\u00e4mnts \u00e4r de tv\u00e5 mineralerna involverade i en m\u00e4ngd olika funktioner i v\u00e5r kropp. Kalcium \u00e4r det mest f\u00f6rekommande mineralet i m\u00e4nniskokroppen och beh\u00f6vs f\u00f6r att\u00a0<\/span><b><span>bibeh\u00e5lla normala ben och t\u00e4nder<\/span><\/b><span>\u00a0och kan \u00e4ven motverka benf\u00f6rlust. Dessutom bidrar mineralet till normal\u00a0<\/span><b><span>energioms\u00e4ttning,<\/span><\/b><span>\u00a0normal\u00a0<\/span><b><span>muskelfunktion<\/span><\/b><span>\u00a0och normal funktion av matsm\u00e4ltningsenzymer. Magnesium beh\u00f6vs ocks\u00e5 st\u00e4ndigt av oss och bidrar till normal\u00a0<\/span><b><span>fysisk funktion,<\/span><\/b><span>\u00a0samt normal muskelfunktion, normal energioms\u00e4ttning och\u00a0<\/span><b><span>reducering av tr\u00f6tthet och utmattning<\/span><\/b><span>\u00a0.<\/span><\/p>\n<\/div>\n<div class=\"product-attributes\">\n<table class=\"table table-sm table-striped table-bordered-outline\">\n<tbody>\n<tr>\n<td class=\"h6\"><span>Egenskaper:<\/span><\/td>\n<td class=\"attr-characteristic\"><a class=\"text-decoration-none-util\" title=\"\" href=\"https:\/\/vitaminversand24.com\/Fruktose-frei\" data-toggle=\"tooltip\" data-placement=\"top\" data-boundary=\"window\" aria-label=\"Fruktosfri\" data-original-title=\"Fruktose frei\"><span class=\"badge  badge-primary\"><span>Fruktosfri <\/span><\/span><\/a><a class=\"text-decoration-none-util\" title=\"\" href=\"https:\/\/vitaminversand24.com\/Gelatine-frei\" data-toggle=\"tooltip\" data-placement=\"top\" data-boundary=\"window\" aria-label=\"Gelatinfri\" data-original-title=\"Gelatine frei\"><span class=\"badge  badge-primary\"><span>Gelatinfri <\/span><\/span><\/a><a class=\"text-decoration-none-util\" title=\"\" href=\"https:\/\/vitaminversand24.com\/Gluten-frei\" data-toggle=\"tooltip\" data-placement=\"top\" data-boundary=\"window\" aria-label=\"Glutenfri\" data-original-title=\"Gluten frei\"><span class=\"badge  badge-primary\"><span>Glutenfri <\/span><\/span><\/a><a class=\"text-decoration-none-util\" title=\"\" href=\"https:\/\/vitaminversand24.com\/GMO-frei\" data-toggle=\"tooltip\" data-placement=\"top\" data-boundary=\"window\" aria-label=\"GMO-fri\" data-original-title=\"GMO frei\"><span class=\"badge  badge-primary\"><span>GMO-fri<\/span><\/span><\/a><a class=\"text-decoration-none-util\" title=\"\" href=\"https:\/\/vitaminversand24.com\/Laktose-frei\" data-toggle=\"tooltip\" data-placement=\"top\" data-boundary=\"window\" aria-label=\"Laktosfri\" data-original-title=\"Laktose frei\"><span class=\"badge  badge-primary\"><span>Laktosfri \u00a0<\/span><\/span><\/a><a class=\"text-decoration-none-util\" title=\"\" href=\"https:\/\/vitaminversand24.com\/ohne-Aromen\" data-toggle=\"tooltip\" data-placement=\"top\" data-boundary=\"window\" aria-label=\"utan smaker\" data-original-title=\"ohne Aromen\"><span class=\"badge  badge-primary\"><span>utan smaker <\/span><\/span><\/a><a class=\"text-decoration-none-util\" title=\"\" href=\"https:\/\/vitaminversand24.com\/ohne-Konservierungsstoffe\" data-toggle=\"tooltip\" data-placement=\"top\" data-boundary=\"window\" aria-label=\"utan konserveringsmedel\" data-original-title=\"ohne Konservierungsstoffe\"><span class=\"badge  badge-primary\"><span>utan konserveringsmedel<\/span><\/span><\/a><\/td>\n<\/tr>\n<tr class=\"attr-weight\">\n<td class=\"h6\"><span>Varans vikt:<\/span><\/td>\n<td class=\"weight-unit\"><span>0,64 kg<\/span><\/td>\n<\/tr>\n<tr class=\"attr-contents\">\n<td class=\"h6\"><span>Inneh\u00e5ll:<\/span><\/td>\n<td class=\"attr-value\"><span>590,00g<\/span><\/td>\n<\/tr>\n<\/tbody>\n<\/table>\n<\/div>\n","protected":false},"excerpt":{"rendered":"<p><strong><span>Kosttillskott (NEM) med kalcium och magnesium. Denna produkt \u00e4r inte ett l\u00e4kemedel.<\/span><\/strong><\/p>\n<table class=\"steelBlueCols\">\n<thead>\n<tr>\n<td><strong><span>N\u00e4ringsv\u00e4rden<\/span><\/strong><\/td>\n<td><strong><span>Per daglig portion<\/span><br \/>\n<span>(2 tabletter)<\/span><\/strong><\/td>\n<td><strong><span>*%NRV<\/span><\/strong><\/td>\n<\/tr>\n<\/thead>\n<tbody>\n<tr>\n<td><span>Kalcium<\/span><\/td>\n<td>\n<p align=\"center\"><span>800 mg<\/span><\/p>\n<\/td>\n<td>\n<p align=\"center\"><span>100 %<\/span><\/p>\n<\/td>\n<\/tr>\n<tr>\n<td><span>magnesium<\/span><\/td>\n<td>\n<p align=\"center\"><span>400 mg<\/span><\/p>\n<\/td>\n<td>\n<p align=\"center\"><span>107 %<\/span><\/p>\n<\/td>\n<\/tr>\n<\/tbody>\n<\/table>\n<p><span>* Andel av n\u00e4rings\u00e4mnesreferensv\u00e4rden enligt VO (EU) NO. 1169\/2011.<\/span><br \/>\n<span>** inga k\u00e4nda referensv\u00e4rden f\u00f6r n\u00e4rings\u00e4mnen.<\/span><\/p>\n<p><strong><span>Ingredienser:<\/span><\/strong><span>\u00a0Kalciumkarbonat, Magnesiumkarbonat, Magnesiumoxid.<\/span><\/p>\n<p><strong><span>Viktig information:<\/span><\/strong><span>\u00a0Denna produkt \u00e4r inte en ers\u00e4ttning f\u00f6r en balanserad och varierad kost. Den angivna rekommenderade dagliga konsumtionsm\u00e4ngden f\u00e5r inte \u00f6verskridas. Produkten ska f\u00f6rvaras utom r\u00e4ckh\u00e5ll f\u00f6r sm\u00e5 barn.<\/span><\/p>\n","protected":false},"featured_media":2504,"comment_status":"open","ping_status":"closed","template":"","meta":{"_et_pb_use_builder":"","_et_pb_old_content":"","_et_gb_content_width":"","om_disable_all_campaigns":false,"_monsterinsights_skip_tracking":false,"_monsterinsights_sitenote_active":false,"_monsterinsights_sitenote_note":"","_monsterinsights_sitenote_category":0,"_uf_show_specific_survey":0,"_uf_disable_surveys":false},"product_brand":[],"product_cat":[52],"product_tag":[],"class_list":{"0":"post-2503","1":"product","2":"type-product","3":"status-publish","4":"has-post-thumbnail","6":"product_cat-vitaminer","8":"first","9":"instock","10":"taxable","11":"shipping-taxable","12":"purchasable","13":"product-type-simple"},"yoast_head":"<!-- This site is optimized with the Yoast SEO plugin v27.3 - https:\/\/yoast.com\/product\/yoast-seo-wordpress\/ -->\n<title>Kalcium + Magnesium - 2:1 f\u00f6rh\u00e5llande - 365 tabletter - Pepvital<\/title>\n<meta name=\"description\" content=\"Buy Kalcium + Magnesium - 2:1 f\u00f6rh\u00e5llande - 365 tabletter online at Pepvital - supplements with natural and synthetic peptides.\" \/>\n<meta name=\"robots\" content=\"index, follow, max-snippet:-1, max-image-preview:large, max-video-preview:-1\" \/>\n<link rel=\"canonical\" href=\"https:\/\/www.pepvital.se\/sv\/produkt\/kalcium-magnesium-21-forhallande-365-tabletter\/\" \/>\n<meta property=\"og:locale\" content=\"sv_SE\" \/>\n<meta property=\"og:type\" content=\"article\" \/>\n<meta property=\"og:title\" content=\"Kalcium + Magnesium - 2:1 f\u00f6rh\u00e5llande - 365 tabletter - Pepvital\" \/>\n<meta property=\"og:description\" content=\"Buy Kalcium + Magnesium - 2:1 f\u00f6rh\u00e5llande - 365 tabletter online at Pepvital - supplements with natural and synthetic peptides.\" \/>\n<meta property=\"og:url\" content=\"https:\/\/www.pepvital.se\/sv\/produkt\/kalcium-magnesium-21-forhallande-365-tabletter\/\" \/>\n<meta property=\"og:site_name\" content=\"Pepvital\" \/>\n<meta property=\"article:publisher\" content=\"https:\/\/www.facebook.com\/pepvital\" \/>\n<meta property=\"article:modified_time\" content=\"2025-03-09T06:45:49+00:00\" \/>\n<meta property=\"og:image\" content=\"https:\/\/www.pepvital.se\/wp-content\/uploads\/2024\/10\/calcium_magnesium.webp\" \/>\n\t<meta property=\"og:image:width\" content=\"1000\" \/>\n\t<meta property=\"og:image:height\" content=\"1000\" \/>\n\t<meta property=\"og:image:type\" content=\"image\/webp\" \/>\n<meta name=\"twitter:card\" content=\"summary_large_image\" \/>\n<meta name=\"twitter:label1\" content=\"Ber\u00e4knad l\u00e4stid\" \/>\n\t<meta name=\"twitter:data1\" content=\"2 minuter\" \/>\n<script type=\"application\/ld+json\" class=\"yoast-schema-graph\">{\"@context\":\"https:\\\/\\\/schema.org\",\"@graph\":[{\"@type\":\"WebPage\",\"@id\":\"https:\\\/\\\/www.pepvital.se\\\/sv\\\/produkt\\\/kalcium-magnesium-21-forhallande-365-tabletter\\\/\",\"url\":\"https:\\\/\\\/www.pepvital.se\\\/sv\\\/produkt\\\/kalcium-magnesium-21-forhallande-365-tabletter\\\/\",\"name\":\"Kalcium + Magnesium - 2:1 f\u00f6rh\u00e5llande - 365 tabletter - Pepvital\",\"isPartOf\":{\"@id\":\"https:\\\/\\\/www.pepvital.se\\\/sv\\\/#website\"},\"primaryImageOfPage\":{\"@id\":\"https:\\\/\\\/www.pepvital.se\\\/sv\\\/produkt\\\/kalcium-magnesium-21-forhallande-365-tabletter\\\/#primaryimage\"},\"image\":{\"@id\":\"https:\\\/\\\/www.pepvital.se\\\/sv\\\/produkt\\\/kalcium-magnesium-21-forhallande-365-tabletter\\\/#primaryimage\"},\"thumbnailUrl\":\"https:\\\/\\\/www.pepvital.se\\\/wp-content\\\/uploads\\\/2024\\\/10\\\/calcium_magnesium.webp\",\"datePublished\":\"2024-10-15T09:17:29+00:00\",\"dateModified\":\"2025-03-09T06:45:49+00:00\",\"description\":\"Buy Kalcium + Magnesium - 2:1 f\u00f6rh\u00e5llande - 365 tabletter online at Pepvital - supplements with natural and synthetic peptides.\",\"breadcrumb\":{\"@id\":\"https:\\\/\\\/www.pepvital.se\\\/sv\\\/produkt\\\/kalcium-magnesium-21-forhallande-365-tabletter\\\/#breadcrumb\"},\"inLanguage\":\"sv-SE\",\"potentialAction\":[{\"@type\":\"ReadAction\",\"target\":[\"https:\\\/\\\/www.pepvital.se\\\/sv\\\/produkt\\\/kalcium-magnesium-21-forhallande-365-tabletter\\\/\"]}]},{\"@type\":\"ImageObject\",\"inLanguage\":\"sv-SE\",\"@id\":\"https:\\\/\\\/www.pepvital.se\\\/sv\\\/produkt\\\/kalcium-magnesium-21-forhallande-365-tabletter\\\/#primaryimage\",\"url\":\"https:\\\/\\\/www.pepvital.se\\\/wp-content\\\/uploads\\\/2024\\\/10\\\/calcium_magnesium.webp\",\"contentUrl\":\"https:\\\/\\\/www.pepvital.se\\\/wp-content\\\/uploads\\\/2024\\\/10\\\/calcium_magnesium.webp\",\"width\":1000,\"height\":1000},{\"@type\":\"BreadcrumbList\",\"@id\":\"https:\\\/\\\/www.pepvital.se\\\/sv\\\/produkt\\\/kalcium-magnesium-21-forhallande-365-tabletter\\\/#breadcrumb\",\"itemListElement\":[{\"@type\":\"ListItem\",\"position\":1,\"name\":\"Hem\",\"item\":\"https:\\\/\\\/www.pepvital.se\\\/sv\\\/\"},{\"@type\":\"ListItem\",\"position\":2,\"name\":\"Handla\",\"item\":\"https:\\\/\\\/www.pepvital.se\\\/sv\\\/butik\\\/\"},{\"@type\":\"ListItem\",\"position\":3,\"name\":\"Kalcium + Magnesium &#8211; 2:1 f\u00f6rh\u00e5llande &#8211; 365 tabletter\"}]},{\"@type\":\"WebSite\",\"@id\":\"https:\\\/\\\/www.pepvital.se\\\/sv\\\/#website\",\"url\":\"https:\\\/\\\/www.pepvital.se\\\/sv\\\/\",\"name\":\"Pepvital\",\"description\":\"\u00c5terf\u00e5 &amp; bibeh\u00e5ll livskvalit\u00e9n\",\"publisher\":{\"@id\":\"https:\\\/\\\/www.pepvital.se\\\/sv\\\/#organization\"},\"potentialAction\":[{\"@type\":\"SearchAction\",\"target\":{\"@type\":\"EntryPoint\",\"urlTemplate\":\"https:\\\/\\\/www.pepvital.se\\\/sv\\\/?s={search_term_string}\"},\"query-input\":{\"@type\":\"PropertyValueSpecification\",\"valueRequired\":true,\"valueName\":\"search_term_string\"}}],\"inLanguage\":\"sv-SE\"},{\"@type\":\"Organization\",\"@id\":\"https:\\\/\\\/www.pepvital.se\\\/sv\\\/#organization\",\"name\":\"Pepvital\",\"url\":\"https:\\\/\\\/www.pepvital.se\\\/sv\\\/\",\"logo\":{\"@type\":\"ImageObject\",\"inLanguage\":\"sv-SE\",\"@id\":\"https:\\\/\\\/www.pepvital.se\\\/sv\\\/#\\\/schema\\\/logo\\\/image\\\/\",\"url\":\"https:\\\/\\\/www.pepvital.se\\\/wp-content\\\/uploads\\\/2021\\\/05\\\/ogimage.jpg\",\"contentUrl\":\"https:\\\/\\\/www.pepvital.se\\\/wp-content\\\/uploads\\\/2021\\\/05\\\/ogimage.jpg\",\"width\":1200,\"height\":627,\"caption\":\"Pepvital\"},\"image\":{\"@id\":\"https:\\\/\\\/www.pepvital.se\\\/sv\\\/#\\\/schema\\\/logo\\\/image\\\/\"},\"sameAs\":[\"https:\\\/\\\/www.facebook.com\\\/pepvital\",\"https:\\\/\\\/www.instagram.com\\\/pepvital.se\\\/\"]}]}<\/script>\n<!-- \/ Yoast SEO plugin. -->","yoast_head_json":{"title":"Kalcium + Magnesium - 2:1 f\u00f6rh\u00e5llande - 365 tabletter - Pepvital","description":"Buy Kalcium + Magnesium - 2:1 f\u00f6rh\u00e5llande - 365 tabletter online at Pepvital - supplements with natural and synthetic peptides.","robots":{"index":"index","follow":"follow","max-snippet":"max-snippet:-1","max-image-preview":"max-image-preview:large","max-video-preview":"max-video-preview:-1"},"canonical":"https:\/\/www.pepvital.se\/sv\/produkt\/kalcium-magnesium-21-forhallande-365-tabletter\/","og_locale":"sv_SE","og_type":"article","og_title":"Kalcium + Magnesium - 2:1 f\u00f6rh\u00e5llande - 365 tabletter - Pepvital","og_description":"Buy Kalcium + Magnesium - 2:1 f\u00f6rh\u00e5llande - 365 tabletter online at Pepvital - supplements with natural and synthetic peptides.","og_url":"https:\/\/www.pepvital.se\/sv\/produkt\/kalcium-magnesium-21-forhallande-365-tabletter\/","og_site_name":"Pepvital","article_publisher":"https:\/\/www.facebook.com\/pepvital","article_modified_time":"2025-03-09T06:45:49+00:00","og_image":[{"width":1000,"height":1000,"url":"https:\/\/www.pepvital.se\/wp-content\/uploads\/2024\/10\/calcium_magnesium.webp","type":"image\/webp"}],"twitter_card":"summary_large_image","twitter_misc":{"Ber\u00e4knad l\u00e4stid":"2 minuter"},"schema":{"@context":"https:\/\/schema.org","@graph":[{"@type":"WebPage","@id":"https:\/\/www.pepvital.se\/sv\/produkt\/kalcium-magnesium-21-forhallande-365-tabletter\/","url":"https:\/\/www.pepvital.se\/sv\/produkt\/kalcium-magnesium-21-forhallande-365-tabletter\/","name":"Kalcium + Magnesium - 2:1 f\u00f6rh\u00e5llande - 365 tabletter - Pepvital","isPartOf":{"@id":"https:\/\/www.pepvital.se\/sv\/#website"},"primaryImageOfPage":{"@id":"https:\/\/www.pepvital.se\/sv\/produkt\/kalcium-magnesium-21-forhallande-365-tabletter\/#primaryimage"},"image":{"@id":"https:\/\/www.pepvital.se\/sv\/produkt\/kalcium-magnesium-21-forhallande-365-tabletter\/#primaryimage"},"thumbnailUrl":"https:\/\/www.pepvital.se\/wp-content\/uploads\/2024\/10\/calcium_magnesium.webp","datePublished":"2024-10-15T09:17:29+00:00","dateModified":"2025-03-09T06:45:49+00:00","description":"Buy Kalcium + Magnesium - 2:1 f\u00f6rh\u00e5llande - 365 tabletter online at Pepvital - supplements with natural and synthetic peptides.","breadcrumb":{"@id":"https:\/\/www.pepvital.se\/sv\/produkt\/kalcium-magnesium-21-forhallande-365-tabletter\/#breadcrumb"},"inLanguage":"sv-SE","potentialAction":[{"@type":"ReadAction","target":["https:\/\/www.pepvital.se\/sv\/produkt\/kalcium-magnesium-21-forhallande-365-tabletter\/"]}]},{"@type":"ImageObject","inLanguage":"sv-SE","@id":"https:\/\/www.pepvital.se\/sv\/produkt\/kalcium-magnesium-21-forhallande-365-tabletter\/#primaryimage","url":"https:\/\/www.pepvital.se\/wp-content\/uploads\/2024\/10\/calcium_magnesium.webp","contentUrl":"https:\/\/www.pepvital.se\/wp-content\/uploads\/2024\/10\/calcium_magnesium.webp","width":1000,"height":1000},{"@type":"BreadcrumbList","@id":"https:\/\/www.pepvital.se\/sv\/produkt\/kalcium-magnesium-21-forhallande-365-tabletter\/#breadcrumb","itemListElement":[{"@type":"ListItem","position":1,"name":"Hem","item":"https:\/\/www.pepvital.se\/sv\/"},{"@type":"ListItem","position":2,"name":"Handla","item":"https:\/\/www.pepvital.se\/sv\/butik\/"},{"@type":"ListItem","position":3,"name":"Kalcium + Magnesium &#8211; 2:1 f\u00f6rh\u00e5llande &#8211; 365 tabletter"}]},{"@type":"WebSite","@id":"https:\/\/www.pepvital.se\/sv\/#website","url":"https:\/\/www.pepvital.se\/sv\/","name":"Pepvital","description":"\u00c5terf\u00e5 &amp; bibeh\u00e5ll livskvalit\u00e9n","publisher":{"@id":"https:\/\/www.pepvital.se\/sv\/#organization"},"potentialAction":[{"@type":"SearchAction","target":{"@type":"EntryPoint","urlTemplate":"https:\/\/www.pepvital.se\/sv\/?s={search_term_string}"},"query-input":{"@type":"PropertyValueSpecification","valueRequired":true,"valueName":"search_term_string"}}],"inLanguage":"sv-SE"},{"@type":"Organization","@id":"https:\/\/www.pepvital.se\/sv\/#organization","name":"Pepvital","url":"https:\/\/www.pepvital.se\/sv\/","logo":{"@type":"ImageObject","inLanguage":"sv-SE","@id":"https:\/\/www.pepvital.se\/sv\/#\/schema\/logo\/image\/","url":"https:\/\/www.pepvital.se\/wp-content\/uploads\/2021\/05\/ogimage.jpg","contentUrl":"https:\/\/www.pepvital.se\/wp-content\/uploads\/2021\/05\/ogimage.jpg","width":1200,"height":627,"caption":"Pepvital"},"image":{"@id":"https:\/\/www.pepvital.se\/sv\/#\/schema\/logo\/image\/"},"sameAs":["https:\/\/www.facebook.com\/pepvital","https:\/\/www.instagram.com\/pepvital.se\/"]}]}},"_links":{"self":[{"href":"https:\/\/www.pepvital.se\/sv\/wp-json\/wp\/v2\/product\/2503","targetHints":{"allow":["GET"]}}],"collection":[{"href":"https:\/\/www.pepvital.se\/sv\/wp-json\/wp\/v2\/product"}],"about":[{"href":"https:\/\/www.pepvital.se\/sv\/wp-json\/wp\/v2\/types\/product"}],"replies":[{"embeddable":true,"href":"https:\/\/www.pepvital.se\/sv\/wp-json\/wp\/v2\/comments?post=2503"}],"wp:featuredmedia":[{"embeddable":true,"href":"https:\/\/www.pepvital.se\/sv\/wp-json\/wp\/v2\/media\/2504"}],"wp:attachment":[{"href":"https:\/\/www.pepvital.se\/sv\/wp-json\/wp\/v2\/media?parent=2503"}],"wp:term":[{"taxonomy":"product_brand","embeddable":true,"href":"https:\/\/www.pepvital.se\/sv\/wp-json\/wp\/v2\/product_brand?post=2503"},{"taxonomy":"product_cat","embeddable":true,"href":"https:\/\/www.pepvital.se\/sv\/wp-json\/wp\/v2\/product_cat?post=2503"},{"taxonomy":"product_tag","embeddable":true,"href":"https:\/\/www.pepvital.se\/sv\/wp-json\/wp\/v2\/product_tag?post=2503"}],"curies":[{"name":"wp","href":"https:\/\/api.w.org\/{rel}","templated":true}]}}