{"id":2302,"date":"2023-08-29T09:09:08","date_gmt":"2023-08-29T09:09:08","guid":{"rendered":"https:\/\/www.pepvital.se\/?post_type=product&#038;p=2302"},"modified":"2025-02-06T08:33:11","modified_gmt":"2025-02-06T08:33:11","slug":"schampo-med-peptider","status":"publish","type":"product","link":"https:\/\/www.pepvital.se\/sv\/produkt\/schampo-med-peptider\/","title":{"rendered":"Schampo med peptider"},"content":{"rendered":"<p><strong>PRODUKTBESKRIVNING<\/strong><br \/>\nSPA LINE \u2014 serie produkter avsedda f\u00f6r hemmabruk. Linjen av professionella verktyg f\u00f6r kropps- och h\u00e5rv\u00e5rd skapas med h\u00e4nsyn till nuvarande trender och de senaste innovativa teknologierna inom SPA-kosmetologiomr\u00e5det. Den inneh\u00e5ller schampo och balsam med peptider f\u00f6r alla typer av h\u00e5r, h\u00e5rkr\u00e4m-mask med peptider, kr\u00e4m-tv\u00e5l med peptider, mezotel f\u00f6r bad med eteriska oljor. SPA LINE-produkter inkluderar k\u00e4rl, brosk, tymuspeptider, bioantioxidant Neovitin complex \u00ae och bioflavolipid Aktivitin-komplex.<\/p>\n<p>Otroligt drygt schampo som ger h\u00e5ret den vitala kraften, elasticiteten och volymen. Shampooingredienser skadar inte proteinh\u00e5rets struktur, har exceptionellt mjuk tv\u00e4ttverkan. Ger bra reng\u00f6ring och mjuk avfettning som har f\u00f6rebyggande effekt av huvudets hudsjukdomar. Vid regelbunden anv\u00e4ndning \u00e5terst\u00e4ll strukturen p\u00e5 skadat h\u00e5r och ge ett friskt utseende.<\/p>\n<p><strong>Effekt:<\/strong><\/p>\n<p>&nbsp;<\/p>\n<ul>\n<li>G\u00f6r h\u00e5ret mjukt och glansigt<\/li>\n<li>Stimulerar regenerering av h\u00e5rs\u00e4ckar<\/li>\n<li>St\u00e4rker och ger n\u00e4ring \u00e5t h\u00e5rr\u00f6tterna och h\u00e5rets hudstruktur<\/li>\n<li>F\u00f6rb\u00e4ttrar mikrocirkulationen<\/li>\n<li>Aktiverar utbytesprocesser<\/li>\n<li>L\u00e4ttare att kamma h\u00e5ret<\/li>\n<\/ul>\n<p><strong>Ingredienser:<\/strong><\/p>\n<p>Renat vatten, peptidkomplex: A-6, A-4, A-3; kokamidopropylbetain, natriumkokoamfoacetat, natriummetylkokoyltaurat, decylglukosid, kokamid DEA, bioantioxidantkomplex \u00abNeovitin\u00bb\u00ae, akrylater\/palmet-25-akrylatsampolymer, silikonkvarternium-22, tetrahydroxipropyletylendiamin, styren-hydroxi-hydroxiklorid-sampolymer, styren-\/hydroxi-hydroxiklorid-sampolymer. syra, parfym, metylisotiazolinon, metylkloroisotiazolinon, BHT, butylfenylmetylpropional, hydroximetylpentyl 3-cyklohexenkarboxaldehyd, hexylkanel.<\/p>\n<p><strong>Anv\u00e4ndning:<\/strong><br \/>\nApplicera lite schampoo i v\u00e5tt h\u00e5r, skumma genom att massera r\u00f6relser. Sk\u00f6lj med varmt vatten. Undvik att f\u00e5 det \u00f6gonen. F\u00f6r dagligt bruk.<\/p>\n<p><strong>Volym<\/strong>: 200 ml<\/p>\n","protected":false},"excerpt":{"rendered":"<p>PRODUKTBESKRIVNING SPA LINE \u2014 serie produkter avsedda f\u00f6r hemmabruk. Linjen av professionella verktyg f\u00f6r kropps- och h\u00e5rv\u00e5rd skapas med h\u00e4nsyn till nuvarande trender och de senaste innovativa teknologierna inom SPA-kosmetologiomr\u00e5det. Den inneh\u00e5ller schampo och balsam med peptider f\u00f6r alla typer av h\u00e5r, h\u00e5rkr\u00e4m-mask med peptider, kr\u00e4m-tv\u00e5l med peptider, mezotel f\u00f6r bad med eteriska oljor. SPA [&hellip;]<\/p>\n","protected":false},"featured_media":2303,"comment_status":"open","ping_status":"closed","template":"","meta":{"_et_pb_use_builder":"","_et_pb_old_content":"","_et_gb_content_width":"","om_disable_all_campaigns":false,"_monsterinsights_skip_tracking":false,"_monsterinsights_sitenote_active":false,"_monsterinsights_sitenote_note":"","_monsterinsights_sitenote_category":0,"_uf_show_specific_survey":0,"_uf_disable_surveys":false},"product_brand":[],"product_cat":[15],"product_tag":[],"class_list":{"0":"post-2302","1":"product","2":"type-product","3":"status-publish","4":"has-post-thumbnail","6":"product_cat-okategoriserad","8":"first","9":"instock","10":"taxable","11":"shipping-taxable","12":"purchasable","13":"product-type-simple"},"yoast_head":"<!-- This site is optimized with the Yoast SEO plugin v27.5 - https:\/\/yoast.com\/product\/yoast-seo-wordpress\/ -->\n<title>Schampo med peptider - Pepvital<\/title>\n<meta name=\"description\" content=\"Buy Schampo med peptider online at Pepvital - supplements with natural and synthetic peptides.\" \/>\n<meta name=\"robots\" content=\"index, follow, max-snippet:-1, max-image-preview:large, max-video-preview:-1\" \/>\n<link rel=\"canonical\" href=\"https:\/\/www.pepvital.se\/sv\/produkt\/schampo-med-peptider\/\" \/>\n<meta property=\"og:locale\" content=\"sv_SE\" \/>\n<meta property=\"og:type\" content=\"article\" \/>\n<meta property=\"og:title\" content=\"Schampo med peptider - Pepvital\" \/>\n<meta property=\"og:description\" content=\"Buy Schampo med peptider online at Pepvital - supplements with natural and synthetic peptides.\" \/>\n<meta property=\"og:url\" content=\"https:\/\/www.pepvital.se\/sv\/produkt\/schampo-med-peptider\/\" \/>\n<meta property=\"og:site_name\" content=\"Pepvital\" \/>\n<meta property=\"article:publisher\" content=\"https:\/\/www.facebook.com\/pepvital\" \/>\n<meta property=\"article:modified_time\" content=\"2025-02-06T08:33:11+00:00\" \/>\n<meta property=\"og:image\" content=\"https:\/\/www.pepvital.se\/wp-content\/uploads\/2023\/08\/4cd8a07fb173d7b00aa7d753273853b9.jpg\" \/>\n\t<meta property=\"og:image:width\" content=\"1000\" \/>\n\t<meta property=\"og:image:height\" content=\"1000\" \/>\n\t<meta property=\"og:image:type\" content=\"image\/jpeg\" \/>\n<meta name=\"twitter:card\" content=\"summary_large_image\" \/>\n<meta name=\"twitter:label1\" content=\"Ber\u00e4knad l\u00e4stid\" \/>\n\t<meta name=\"twitter:data1\" content=\"2 minuter\" \/>\n<script type=\"application\/ld+json\" class=\"yoast-schema-graph\">{\"@context\":\"https:\\\/\\\/schema.org\",\"@graph\":[{\"@type\":\"WebPage\",\"@id\":\"https:\\\/\\\/www.pepvital.se\\\/sv\\\/produkt\\\/schampo-med-peptider\\\/\",\"url\":\"https:\\\/\\\/www.pepvital.se\\\/sv\\\/produkt\\\/schampo-med-peptider\\\/\",\"name\":\"Schampo med peptider - Pepvital\",\"isPartOf\":{\"@id\":\"https:\\\/\\\/www.pepvital.se\\\/sv\\\/#website\"},\"primaryImageOfPage\":{\"@id\":\"https:\\\/\\\/www.pepvital.se\\\/sv\\\/produkt\\\/schampo-med-peptider\\\/#primaryimage\"},\"image\":{\"@id\":\"https:\\\/\\\/www.pepvital.se\\\/sv\\\/produkt\\\/schampo-med-peptider\\\/#primaryimage\"},\"thumbnailUrl\":\"https:\\\/\\\/www.pepvital.se\\\/wp-content\\\/uploads\\\/2023\\\/08\\\/4cd8a07fb173d7b00aa7d753273853b9.jpg\",\"datePublished\":\"2023-08-29T09:09:08+00:00\",\"dateModified\":\"2025-02-06T08:33:11+00:00\",\"description\":\"Buy Schampo med peptider online at Pepvital - supplements with natural and synthetic peptides.\",\"breadcrumb\":{\"@id\":\"https:\\\/\\\/www.pepvital.se\\\/sv\\\/produkt\\\/schampo-med-peptider\\\/#breadcrumb\"},\"inLanguage\":\"sv-SE\",\"potentialAction\":[{\"@type\":\"ReadAction\",\"target\":[\"https:\\\/\\\/www.pepvital.se\\\/sv\\\/produkt\\\/schampo-med-peptider\\\/\"]}]},{\"@type\":\"ImageObject\",\"inLanguage\":\"sv-SE\",\"@id\":\"https:\\\/\\\/www.pepvital.se\\\/sv\\\/produkt\\\/schampo-med-peptider\\\/#primaryimage\",\"url\":\"https:\\\/\\\/www.pepvital.se\\\/wp-content\\\/uploads\\\/2023\\\/08\\\/4cd8a07fb173d7b00aa7d753273853b9.jpg\",\"contentUrl\":\"https:\\\/\\\/www.pepvital.se\\\/wp-content\\\/uploads\\\/2023\\\/08\\\/4cd8a07fb173d7b00aa7d753273853b9.jpg\",\"width\":1000,\"height\":1000},{\"@type\":\"BreadcrumbList\",\"@id\":\"https:\\\/\\\/www.pepvital.se\\\/sv\\\/produkt\\\/schampo-med-peptider\\\/#breadcrumb\",\"itemListElement\":[{\"@type\":\"ListItem\",\"position\":1,\"name\":\"Hem\",\"item\":\"https:\\\/\\\/www.pepvital.se\\\/sv\\\/\"},{\"@type\":\"ListItem\",\"position\":2,\"name\":\"Handla\",\"item\":\"https:\\\/\\\/www.pepvital.se\\\/sv\\\/butik\\\/\"},{\"@type\":\"ListItem\",\"position\":3,\"name\":\"Schampo med peptider\"}]},{\"@type\":\"WebSite\",\"@id\":\"https:\\\/\\\/www.pepvital.se\\\/sv\\\/#website\",\"url\":\"https:\\\/\\\/www.pepvital.se\\\/sv\\\/\",\"name\":\"Pepvital\",\"description\":\"\u00c5terf\u00e5 &amp; bibeh\u00e5ll livskvalit\u00e9n\",\"publisher\":{\"@id\":\"https:\\\/\\\/www.pepvital.se\\\/sv\\\/#organization\"},\"potentialAction\":[{\"@type\":\"SearchAction\",\"target\":{\"@type\":\"EntryPoint\",\"urlTemplate\":\"https:\\\/\\\/www.pepvital.se\\\/sv\\\/?s={search_term_string}\"},\"query-input\":{\"@type\":\"PropertyValueSpecification\",\"valueRequired\":true,\"valueName\":\"search_term_string\"}}],\"inLanguage\":\"sv-SE\"},{\"@type\":\"Organization\",\"@id\":\"https:\\\/\\\/www.pepvital.se\\\/sv\\\/#organization\",\"name\":\"Pepvital\",\"url\":\"https:\\\/\\\/www.pepvital.se\\\/sv\\\/\",\"logo\":{\"@type\":\"ImageObject\",\"inLanguage\":\"sv-SE\",\"@id\":\"https:\\\/\\\/www.pepvital.se\\\/sv\\\/#\\\/schema\\\/logo\\\/image\\\/\",\"url\":\"https:\\\/\\\/www.pepvital.se\\\/wp-content\\\/uploads\\\/2021\\\/05\\\/ogimage.jpg\",\"contentUrl\":\"https:\\\/\\\/www.pepvital.se\\\/wp-content\\\/uploads\\\/2021\\\/05\\\/ogimage.jpg\",\"width\":1200,\"height\":627,\"caption\":\"Pepvital\"},\"image\":{\"@id\":\"https:\\\/\\\/www.pepvital.se\\\/sv\\\/#\\\/schema\\\/logo\\\/image\\\/\"},\"sameAs\":[\"https:\\\/\\\/www.facebook.com\\\/pepvital\",\"https:\\\/\\\/www.instagram.com\\\/pepvital.se\\\/\"]}]}<\/script>\n<!-- \/ Yoast SEO plugin. -->","yoast_head_json":{"title":"Schampo med peptider - Pepvital","description":"Buy Schampo med peptider online at Pepvital - supplements with natural and synthetic peptides.","robots":{"index":"index","follow":"follow","max-snippet":"max-snippet:-1","max-image-preview":"max-image-preview:large","max-video-preview":"max-video-preview:-1"},"canonical":"https:\/\/www.pepvital.se\/sv\/produkt\/schampo-med-peptider\/","og_locale":"sv_SE","og_type":"article","og_title":"Schampo med peptider - Pepvital","og_description":"Buy Schampo med peptider online at Pepvital - supplements with natural and synthetic peptides.","og_url":"https:\/\/www.pepvital.se\/sv\/produkt\/schampo-med-peptider\/","og_site_name":"Pepvital","article_publisher":"https:\/\/www.facebook.com\/pepvital","article_modified_time":"2025-02-06T08:33:11+00:00","og_image":[{"width":1000,"height":1000,"url":"https:\/\/www.pepvital.se\/wp-content\/uploads\/2023\/08\/4cd8a07fb173d7b00aa7d753273853b9.jpg","type":"image\/jpeg"}],"twitter_card":"summary_large_image","twitter_misc":{"Ber\u00e4knad l\u00e4stid":"2 minuter"},"schema":{"@context":"https:\/\/schema.org","@graph":[{"@type":"WebPage","@id":"https:\/\/www.pepvital.se\/sv\/produkt\/schampo-med-peptider\/","url":"https:\/\/www.pepvital.se\/sv\/produkt\/schampo-med-peptider\/","name":"Schampo med peptider - Pepvital","isPartOf":{"@id":"https:\/\/www.pepvital.se\/sv\/#website"},"primaryImageOfPage":{"@id":"https:\/\/www.pepvital.se\/sv\/produkt\/schampo-med-peptider\/#primaryimage"},"image":{"@id":"https:\/\/www.pepvital.se\/sv\/produkt\/schampo-med-peptider\/#primaryimage"},"thumbnailUrl":"https:\/\/www.pepvital.se\/wp-content\/uploads\/2023\/08\/4cd8a07fb173d7b00aa7d753273853b9.jpg","datePublished":"2023-08-29T09:09:08+00:00","dateModified":"2025-02-06T08:33:11+00:00","description":"Buy Schampo med peptider online at Pepvital - supplements with natural and synthetic peptides.","breadcrumb":{"@id":"https:\/\/www.pepvital.se\/sv\/produkt\/schampo-med-peptider\/#breadcrumb"},"inLanguage":"sv-SE","potentialAction":[{"@type":"ReadAction","target":["https:\/\/www.pepvital.se\/sv\/produkt\/schampo-med-peptider\/"]}]},{"@type":"ImageObject","inLanguage":"sv-SE","@id":"https:\/\/www.pepvital.se\/sv\/produkt\/schampo-med-peptider\/#primaryimage","url":"https:\/\/www.pepvital.se\/wp-content\/uploads\/2023\/08\/4cd8a07fb173d7b00aa7d753273853b9.jpg","contentUrl":"https:\/\/www.pepvital.se\/wp-content\/uploads\/2023\/08\/4cd8a07fb173d7b00aa7d753273853b9.jpg","width":1000,"height":1000},{"@type":"BreadcrumbList","@id":"https:\/\/www.pepvital.se\/sv\/produkt\/schampo-med-peptider\/#breadcrumb","itemListElement":[{"@type":"ListItem","position":1,"name":"Hem","item":"https:\/\/www.pepvital.se\/sv\/"},{"@type":"ListItem","position":2,"name":"Handla","item":"https:\/\/www.pepvital.se\/sv\/butik\/"},{"@type":"ListItem","position":3,"name":"Schampo med peptider"}]},{"@type":"WebSite","@id":"https:\/\/www.pepvital.se\/sv\/#website","url":"https:\/\/www.pepvital.se\/sv\/","name":"Pepvital","description":"\u00c5terf\u00e5 &amp; bibeh\u00e5ll livskvalit\u00e9n","publisher":{"@id":"https:\/\/www.pepvital.se\/sv\/#organization"},"potentialAction":[{"@type":"SearchAction","target":{"@type":"EntryPoint","urlTemplate":"https:\/\/www.pepvital.se\/sv\/?s={search_term_string}"},"query-input":{"@type":"PropertyValueSpecification","valueRequired":true,"valueName":"search_term_string"}}],"inLanguage":"sv-SE"},{"@type":"Organization","@id":"https:\/\/www.pepvital.se\/sv\/#organization","name":"Pepvital","url":"https:\/\/www.pepvital.se\/sv\/","logo":{"@type":"ImageObject","inLanguage":"sv-SE","@id":"https:\/\/www.pepvital.se\/sv\/#\/schema\/logo\/image\/","url":"https:\/\/www.pepvital.se\/wp-content\/uploads\/2021\/05\/ogimage.jpg","contentUrl":"https:\/\/www.pepvital.se\/wp-content\/uploads\/2021\/05\/ogimage.jpg","width":1200,"height":627,"caption":"Pepvital"},"image":{"@id":"https:\/\/www.pepvital.se\/sv\/#\/schema\/logo\/image\/"},"sameAs":["https:\/\/www.facebook.com\/pepvital","https:\/\/www.instagram.com\/pepvital.se\/"]}]}},"_links":{"self":[{"href":"https:\/\/www.pepvital.se\/sv\/wp-json\/wp\/v2\/product\/2302","targetHints":{"allow":["GET"]}}],"collection":[{"href":"https:\/\/www.pepvital.se\/sv\/wp-json\/wp\/v2\/product"}],"about":[{"href":"https:\/\/www.pepvital.se\/sv\/wp-json\/wp\/v2\/types\/product"}],"replies":[{"embeddable":true,"href":"https:\/\/www.pepvital.se\/sv\/wp-json\/wp\/v2\/comments?post=2302"}],"wp:featuredmedia":[{"embeddable":true,"href":"https:\/\/www.pepvital.se\/sv\/wp-json\/wp\/v2\/media\/2303"}],"wp:attachment":[{"href":"https:\/\/www.pepvital.se\/sv\/wp-json\/wp\/v2\/media?parent=2302"}],"wp:term":[{"taxonomy":"product_brand","embeddable":true,"href":"https:\/\/www.pepvital.se\/sv\/wp-json\/wp\/v2\/product_brand?post=2302"},{"taxonomy":"product_cat","embeddable":true,"href":"https:\/\/www.pepvital.se\/sv\/wp-json\/wp\/v2\/product_cat?post=2302"},{"taxonomy":"product_tag","embeddable":true,"href":"https:\/\/www.pepvital.se\/sv\/wp-json\/wp\/v2\/product_tag?post=2302"}],"curies":[{"name":"wp","href":"https:\/\/api.w.org\/{rel}","templated":true}]}}