{"id":2272,"date":"2023-08-29T09:24:33","date_gmt":"2023-08-29T09:24:33","guid":{"rendered":"https:\/\/www.pepvital.se\/?post_type=product&#038;p=2272"},"modified":"2025-01-06T16:29:06","modified_gmt":"2025-01-06T16:29:06","slug":"vitamin-d3-20-000-ie-vitamin-k2-200-mcg-100-tabletter","status":"publish","type":"product","link":"https:\/\/www.pepvital.se\/sv\/produkt\/vitamin-d3-20-000-ie-vitamin-k2-200-mcg-100-tabletter\/","title":{"rendered":"Vitamin D3 20 000 IE + vitamin K2 200 mcg &#8211; 100 tabletter"},"content":{"rendered":"<p>N\u00e4r vi v\u00e4ljer r\u00e5varor f\u00f6r v\u00e5ra vitaminer D3 + K2 tabletter f\u00f6rlitar vi oss uteslutande p\u00e5 anv\u00e4ndningen av h\u00f6gkvalitativa och testade m\u00e4rkesr\u00e5varor med absolut renhet!<\/p>\n<p><strong>F\u00f6r v\u00e5r vitamin K2 f\u00f6rlitar vi oss p\u00e5 premiumr\u00e5varan K2VITAL!\u00a0K2VITAL \u00e4r det bevisade s\u00e4kraste och renaste vitamin K2 med en bekr\u00e4ftad 100% all-trans inneh\u00e5ll.\u00a0<\/strong>Den \u00e4r \u00e4ven godk\u00e4nd i EU av den europeiska myndigheten f\u00f6r livsmedelss\u00e4kerhet (EFSA), har f\u00e5tt sGRAS-status i USA och erh\u00e5lls fr\u00e5n vegetabiliska oljor med en speciell tillverkningsprocess.\u00a0Den har en bevisad biotillg\u00e4nglighet och har en s\u00e4rskilt h\u00f6g stabilitet.<\/p>\n<p>F\u00f6r v\u00e5rt vitamin D3 anv\u00e4nder vi kolekalciferol av farmaceutisk kvalitet, som skonsamt extraheras fr\u00e5n lanolin.\u00a0<strong>Vi f\u00e5r b\u00e5de vitamin K2 och vitamin D3 direkt fr\u00e5n Kappa Bioscience.<\/strong><\/p>\n<p>Dosering &amp; produktegenskaper<\/p>\n<p>Dosering: Dosering: Varje 6 mm liten fyllnadsreducerad tablett inneh\u00e5ller 20 000 IE vitamin D3 + 200 \u00b5g vitamin K2 menaquinon 7 &#8211; MK7 med ett garanterat all-trans inneh\u00e5ll p\u00e5 99,5 %.<\/p>\n<p><strong>Rekommenderad dosering:<\/strong> Ta 1 tablett otuggad med vatten var tjugonde dag. Detta motsvarar en daglig konsumtion av vitamin D3 25 \u00b5g (1000 IE, 500 % NRV).<\/p>\n<p>Utan o\u00f6nskade tillsatser: Vitamin D3 + K2 tabletterna \u00e4r 100 % vegetariska och fria fr\u00e5n o\u00f6nskade tillsatser som smak\u00e4mnen, f\u00e4rg\u00e4mnen eller konserveringsmedel.\u00a0Naturligtvis \u00e4r tabletterna \u00e4ven fria fr\u00e5n laktos, gelatin och gluten.<\/p>\n<p><strong>Kosttillskott (NEM) med vitamin D3 + vitamin K2.\u00a0Denna produkt \u00e4r inte ett l\u00e4kemedel.<\/strong><\/p>\n<table>\n<thead>\n<tr>\n<td><strong>n\u00e4ringsv\u00e4rden<\/strong><\/td>\n<td><strong>Per 20-dagars dos<br \/>\n(1 tablett)<\/strong><\/td>\n<td><strong>NRV*<\/strong><\/td>\n<\/tr>\n<\/thead>\n<tbody>\n<tr>\n<td>Vitamin D3<\/td>\n<td>20 000 IE (250 mcg)<\/td>\n<td>10000 %<\/td>\n<\/tr>\n<tr>\n<td>Vitamin K2<\/td>\n<td>200 mcg<\/td>\n<td>267 %<\/td>\n<\/tr>\n<\/tbody>\n<\/table>\n<p>* Andel av n\u00e4rings\u00e4mnesreferensv\u00e4rdena enligt VO (EU) NO.\u00a01169\/2011.<br \/>\n** Inga k\u00e4nda referensv\u00e4rden f\u00f6r n\u00e4rings\u00e4mnen.<\/p>\n<p><strong>Ingredienser:<\/strong>\u00a0Kolekalciferol (Vitamin D3), mikrokristallin cellulosa (bulkmedel), Menaquinone MK-7 (K2VITAL, All-trans 99+%).<\/p>\n<p><strong>Viktiga anm\u00e4rkningar:<\/strong>\u00a0Om du tar antikoagulantia, tala med din l\u00e4kare innan du tar det.\u00a0Kosttillskott f\u00e5r inte anv\u00e4ndas som ers\u00e4ttning f\u00f6r en balanserad, varierad kost och en h\u00e4lsosam livsstil.\u00a0Den rekommenderade dagliga dosen b\u00f6r inte \u00f6verskridas.\u00a0H\u00e5ll borta fr\u00e5n barn!\u00a0Inte l\u00e4mplig f\u00f6r ungdomar, gravida kvinnor och ammande m\u00f6drar.\u00a0F\u00f6rvara svalt och torrt.<\/p>\n","protected":false},"excerpt":{"rendered":"<p>N\u00e4r vi v\u00e4ljer r\u00e5varor f\u00f6r v\u00e5ra vitaminer D3 + K2 tabletter f\u00f6rlitar vi oss uteslutande p\u00e5 anv\u00e4ndningen av h\u00f6gkvalitativa och testade m\u00e4rkesr\u00e5varor med absolut renhet! F\u00f6r v\u00e5r vitamin K2 f\u00f6rlitar vi oss p\u00e5 premiumr\u00e5varan K2VITAL!\u00a0K2VITAL \u00e4r det bevisade s\u00e4kraste och renaste vitamin K2 med en bekr\u00e4ftad 100% all-trans inneh\u00e5ll.\u00a0Den \u00e4r \u00e4ven godk\u00e4nd i EU av [&hellip;]<\/p>\n","protected":false},"featured_media":2273,"comment_status":"open","ping_status":"closed","template":"","meta":{"_et_pb_use_builder":"","_et_pb_old_content":"","_et_gb_content_width":"","om_disable_all_campaigns":false,"_monsterinsights_skip_tracking":false,"_monsterinsights_sitenote_active":false,"_monsterinsights_sitenote_note":"","_monsterinsights_sitenote_category":0,"_uf_show_specific_survey":0,"_uf_disable_surveys":false},"product_brand":[],"product_cat":[52],"product_tag":[],"class_list":{"0":"post-2272","1":"product","2":"type-product","3":"status-publish","4":"has-post-thumbnail","6":"product_cat-vitaminer","8":"first","9":"outofstock","10":"taxable","11":"shipping-taxable","12":"purchasable","13":"product-type-simple"},"yoast_head":"<!-- This site is optimized with the Yoast SEO plugin v27.5 - https:\/\/yoast.com\/product\/yoast-seo-wordpress\/ -->\n<title>Vitamin D3 20 000 IE + vitamin K2 200 mcg - 100 tabletter - Pepvital<\/title>\n<meta name=\"description\" content=\"Buy Vitamin D3 20 000 IE + vitamin K2 200 mcg - 100 tabletter online at Pepvital - supplements with natural and synthetic peptides.\" \/>\n<meta name=\"robots\" content=\"index, follow, max-snippet:-1, max-image-preview:large, max-video-preview:-1\" \/>\n<link rel=\"canonical\" href=\"https:\/\/www.pepvital.se\/sv\/produkt\/vitamin-d3-20-000-ie-vitamin-k2-200-mcg-100-tabletter\/\" \/>\n<meta property=\"og:locale\" content=\"sv_SE\" \/>\n<meta property=\"og:type\" content=\"article\" \/>\n<meta property=\"og:title\" content=\"Vitamin D3 20 000 IE + vitamin K2 200 mcg - 100 tabletter - Pepvital\" \/>\n<meta property=\"og:description\" content=\"Buy Vitamin D3 20 000 IE + vitamin K2 200 mcg - 100 tabletter online at Pepvital - supplements with natural and synthetic peptides.\" \/>\n<meta property=\"og:url\" content=\"https:\/\/www.pepvital.se\/sv\/produkt\/vitamin-d3-20-000-ie-vitamin-k2-200-mcg-100-tabletter\/\" \/>\n<meta property=\"og:site_name\" content=\"Pepvital\" \/>\n<meta property=\"article:publisher\" content=\"https:\/\/www.facebook.com\/pepvital\" \/>\n<meta property=\"article:modified_time\" content=\"2025-01-06T16:29:06+00:00\" \/>\n<meta property=\"og:image\" content=\"https:\/\/www.pepvital.se\/wp-content\/uploads\/2023\/06\/d3_k2_20000_180.webp\" \/>\n\t<meta property=\"og:image:width\" content=\"1000\" \/>\n\t<meta property=\"og:image:height\" content=\"1000\" \/>\n\t<meta property=\"og:image:type\" content=\"image\/webp\" \/>\n<meta name=\"twitter:card\" content=\"summary_large_image\" \/>\n<meta name=\"twitter:label1\" content=\"Ber\u00e4knad l\u00e4stid\" \/>\n\t<meta name=\"twitter:data1\" content=\"2 minuter\" \/>\n<script type=\"application\/ld+json\" class=\"yoast-schema-graph\">{\"@context\":\"https:\\\/\\\/schema.org\",\"@graph\":[{\"@type\":\"WebPage\",\"@id\":\"https:\\\/\\\/www.pepvital.se\\\/sv\\\/produkt\\\/vitamin-d3-20-000-ie-vitamin-k2-200-mcg-100-tabletter\\\/\",\"url\":\"https:\\\/\\\/www.pepvital.se\\\/sv\\\/produkt\\\/vitamin-d3-20-000-ie-vitamin-k2-200-mcg-100-tabletter\\\/\",\"name\":\"Vitamin D3 20 000 IE + vitamin K2 200 mcg - 100 tabletter - Pepvital\",\"isPartOf\":{\"@id\":\"https:\\\/\\\/www.pepvital.se\\\/sv\\\/#website\"},\"primaryImageOfPage\":{\"@id\":\"https:\\\/\\\/www.pepvital.se\\\/sv\\\/produkt\\\/vitamin-d3-20-000-ie-vitamin-k2-200-mcg-100-tabletter\\\/#primaryimage\"},\"image\":{\"@id\":\"https:\\\/\\\/www.pepvital.se\\\/sv\\\/produkt\\\/vitamin-d3-20-000-ie-vitamin-k2-200-mcg-100-tabletter\\\/#primaryimage\"},\"thumbnailUrl\":\"https:\\\/\\\/www.pepvital.se\\\/wp-content\\\/uploads\\\/2023\\\/06\\\/d3_k2_20000_180.webp\",\"datePublished\":\"2023-08-29T09:24:33+00:00\",\"dateModified\":\"2025-01-06T16:29:06+00:00\",\"description\":\"Buy Vitamin D3 20 000 IE + vitamin K2 200 mcg - 100 tabletter online at Pepvital - supplements with natural and synthetic peptides.\",\"breadcrumb\":{\"@id\":\"https:\\\/\\\/www.pepvital.se\\\/sv\\\/produkt\\\/vitamin-d3-20-000-ie-vitamin-k2-200-mcg-100-tabletter\\\/#breadcrumb\"},\"inLanguage\":\"sv-SE\",\"potentialAction\":[{\"@type\":\"ReadAction\",\"target\":[\"https:\\\/\\\/www.pepvital.se\\\/sv\\\/produkt\\\/vitamin-d3-20-000-ie-vitamin-k2-200-mcg-100-tabletter\\\/\"]}]},{\"@type\":\"ImageObject\",\"inLanguage\":\"sv-SE\",\"@id\":\"https:\\\/\\\/www.pepvital.se\\\/sv\\\/produkt\\\/vitamin-d3-20-000-ie-vitamin-k2-200-mcg-100-tabletter\\\/#primaryimage\",\"url\":\"https:\\\/\\\/www.pepvital.se\\\/wp-content\\\/uploads\\\/2023\\\/06\\\/d3_k2_20000_180.webp\",\"contentUrl\":\"https:\\\/\\\/www.pepvital.se\\\/wp-content\\\/uploads\\\/2023\\\/06\\\/d3_k2_20000_180.webp\",\"width\":1000,\"height\":1000},{\"@type\":\"BreadcrumbList\",\"@id\":\"https:\\\/\\\/www.pepvital.se\\\/sv\\\/produkt\\\/vitamin-d3-20-000-ie-vitamin-k2-200-mcg-100-tabletter\\\/#breadcrumb\",\"itemListElement\":[{\"@type\":\"ListItem\",\"position\":1,\"name\":\"Hem\",\"item\":\"https:\\\/\\\/www.pepvital.se\\\/sv\\\/\"},{\"@type\":\"ListItem\",\"position\":2,\"name\":\"Handla\",\"item\":\"https:\\\/\\\/www.pepvital.se\\\/sv\\\/butik\\\/\"},{\"@type\":\"ListItem\",\"position\":3,\"name\":\"Vitamin D3 20 000 IE + vitamin K2 200 mcg &#8211; 100 tabletter\"}]},{\"@type\":\"WebSite\",\"@id\":\"https:\\\/\\\/www.pepvital.se\\\/sv\\\/#website\",\"url\":\"https:\\\/\\\/www.pepvital.se\\\/sv\\\/\",\"name\":\"Pepvital\",\"description\":\"\u00c5terf\u00e5 &amp; bibeh\u00e5ll livskvalit\u00e9n\",\"publisher\":{\"@id\":\"https:\\\/\\\/www.pepvital.se\\\/sv\\\/#organization\"},\"potentialAction\":[{\"@type\":\"SearchAction\",\"target\":{\"@type\":\"EntryPoint\",\"urlTemplate\":\"https:\\\/\\\/www.pepvital.se\\\/sv\\\/?s={search_term_string}\"},\"query-input\":{\"@type\":\"PropertyValueSpecification\",\"valueRequired\":true,\"valueName\":\"search_term_string\"}}],\"inLanguage\":\"sv-SE\"},{\"@type\":\"Organization\",\"@id\":\"https:\\\/\\\/www.pepvital.se\\\/sv\\\/#organization\",\"name\":\"Pepvital\",\"url\":\"https:\\\/\\\/www.pepvital.se\\\/sv\\\/\",\"logo\":{\"@type\":\"ImageObject\",\"inLanguage\":\"sv-SE\",\"@id\":\"https:\\\/\\\/www.pepvital.se\\\/sv\\\/#\\\/schema\\\/logo\\\/image\\\/\",\"url\":\"https:\\\/\\\/www.pepvital.se\\\/wp-content\\\/uploads\\\/2021\\\/05\\\/ogimage.jpg\",\"contentUrl\":\"https:\\\/\\\/www.pepvital.se\\\/wp-content\\\/uploads\\\/2021\\\/05\\\/ogimage.jpg\",\"width\":1200,\"height\":627,\"caption\":\"Pepvital\"},\"image\":{\"@id\":\"https:\\\/\\\/www.pepvital.se\\\/sv\\\/#\\\/schema\\\/logo\\\/image\\\/\"},\"sameAs\":[\"https:\\\/\\\/www.facebook.com\\\/pepvital\",\"https:\\\/\\\/www.instagram.com\\\/pepvital.se\\\/\"]}]}<\/script>\n<!-- \/ Yoast SEO plugin. -->","yoast_head_json":{"title":"Vitamin D3 20 000 IE + vitamin K2 200 mcg - 100 tabletter - Pepvital","description":"Buy Vitamin D3 20 000 IE + vitamin K2 200 mcg - 100 tabletter online at Pepvital - supplements with natural and synthetic peptides.","robots":{"index":"index","follow":"follow","max-snippet":"max-snippet:-1","max-image-preview":"max-image-preview:large","max-video-preview":"max-video-preview:-1"},"canonical":"https:\/\/www.pepvital.se\/sv\/produkt\/vitamin-d3-20-000-ie-vitamin-k2-200-mcg-100-tabletter\/","og_locale":"sv_SE","og_type":"article","og_title":"Vitamin D3 20 000 IE + vitamin K2 200 mcg - 100 tabletter - Pepvital","og_description":"Buy Vitamin D3 20 000 IE + vitamin K2 200 mcg - 100 tabletter online at Pepvital - supplements with natural and synthetic peptides.","og_url":"https:\/\/www.pepvital.se\/sv\/produkt\/vitamin-d3-20-000-ie-vitamin-k2-200-mcg-100-tabletter\/","og_site_name":"Pepvital","article_publisher":"https:\/\/www.facebook.com\/pepvital","article_modified_time":"2025-01-06T16:29:06+00:00","og_image":[{"width":1000,"height":1000,"url":"https:\/\/www.pepvital.se\/wp-content\/uploads\/2023\/06\/d3_k2_20000_180.webp","type":"image\/webp"}],"twitter_card":"summary_large_image","twitter_misc":{"Ber\u00e4knad l\u00e4stid":"2 minuter"},"schema":{"@context":"https:\/\/schema.org","@graph":[{"@type":"WebPage","@id":"https:\/\/www.pepvital.se\/sv\/produkt\/vitamin-d3-20-000-ie-vitamin-k2-200-mcg-100-tabletter\/","url":"https:\/\/www.pepvital.se\/sv\/produkt\/vitamin-d3-20-000-ie-vitamin-k2-200-mcg-100-tabletter\/","name":"Vitamin D3 20 000 IE + vitamin K2 200 mcg - 100 tabletter - Pepvital","isPartOf":{"@id":"https:\/\/www.pepvital.se\/sv\/#website"},"primaryImageOfPage":{"@id":"https:\/\/www.pepvital.se\/sv\/produkt\/vitamin-d3-20-000-ie-vitamin-k2-200-mcg-100-tabletter\/#primaryimage"},"image":{"@id":"https:\/\/www.pepvital.se\/sv\/produkt\/vitamin-d3-20-000-ie-vitamin-k2-200-mcg-100-tabletter\/#primaryimage"},"thumbnailUrl":"https:\/\/www.pepvital.se\/wp-content\/uploads\/2023\/06\/d3_k2_20000_180.webp","datePublished":"2023-08-29T09:24:33+00:00","dateModified":"2025-01-06T16:29:06+00:00","description":"Buy Vitamin D3 20 000 IE + vitamin K2 200 mcg - 100 tabletter online at Pepvital - supplements with natural and synthetic peptides.","breadcrumb":{"@id":"https:\/\/www.pepvital.se\/sv\/produkt\/vitamin-d3-20-000-ie-vitamin-k2-200-mcg-100-tabletter\/#breadcrumb"},"inLanguage":"sv-SE","potentialAction":[{"@type":"ReadAction","target":["https:\/\/www.pepvital.se\/sv\/produkt\/vitamin-d3-20-000-ie-vitamin-k2-200-mcg-100-tabletter\/"]}]},{"@type":"ImageObject","inLanguage":"sv-SE","@id":"https:\/\/www.pepvital.se\/sv\/produkt\/vitamin-d3-20-000-ie-vitamin-k2-200-mcg-100-tabletter\/#primaryimage","url":"https:\/\/www.pepvital.se\/wp-content\/uploads\/2023\/06\/d3_k2_20000_180.webp","contentUrl":"https:\/\/www.pepvital.se\/wp-content\/uploads\/2023\/06\/d3_k2_20000_180.webp","width":1000,"height":1000},{"@type":"BreadcrumbList","@id":"https:\/\/www.pepvital.se\/sv\/produkt\/vitamin-d3-20-000-ie-vitamin-k2-200-mcg-100-tabletter\/#breadcrumb","itemListElement":[{"@type":"ListItem","position":1,"name":"Hem","item":"https:\/\/www.pepvital.se\/sv\/"},{"@type":"ListItem","position":2,"name":"Handla","item":"https:\/\/www.pepvital.se\/sv\/butik\/"},{"@type":"ListItem","position":3,"name":"Vitamin D3 20 000 IE + vitamin K2 200 mcg &#8211; 100 tabletter"}]},{"@type":"WebSite","@id":"https:\/\/www.pepvital.se\/sv\/#website","url":"https:\/\/www.pepvital.se\/sv\/","name":"Pepvital","description":"\u00c5terf\u00e5 &amp; bibeh\u00e5ll livskvalit\u00e9n","publisher":{"@id":"https:\/\/www.pepvital.se\/sv\/#organization"},"potentialAction":[{"@type":"SearchAction","target":{"@type":"EntryPoint","urlTemplate":"https:\/\/www.pepvital.se\/sv\/?s={search_term_string}"},"query-input":{"@type":"PropertyValueSpecification","valueRequired":true,"valueName":"search_term_string"}}],"inLanguage":"sv-SE"},{"@type":"Organization","@id":"https:\/\/www.pepvital.se\/sv\/#organization","name":"Pepvital","url":"https:\/\/www.pepvital.se\/sv\/","logo":{"@type":"ImageObject","inLanguage":"sv-SE","@id":"https:\/\/www.pepvital.se\/sv\/#\/schema\/logo\/image\/","url":"https:\/\/www.pepvital.se\/wp-content\/uploads\/2021\/05\/ogimage.jpg","contentUrl":"https:\/\/www.pepvital.se\/wp-content\/uploads\/2021\/05\/ogimage.jpg","width":1200,"height":627,"caption":"Pepvital"},"image":{"@id":"https:\/\/www.pepvital.se\/sv\/#\/schema\/logo\/image\/"},"sameAs":["https:\/\/www.facebook.com\/pepvital","https:\/\/www.instagram.com\/pepvital.se\/"]}]}},"_links":{"self":[{"href":"https:\/\/www.pepvital.se\/sv\/wp-json\/wp\/v2\/product\/2272","targetHints":{"allow":["GET"]}}],"collection":[{"href":"https:\/\/www.pepvital.se\/sv\/wp-json\/wp\/v2\/product"}],"about":[{"href":"https:\/\/www.pepvital.se\/sv\/wp-json\/wp\/v2\/types\/product"}],"replies":[{"embeddable":true,"href":"https:\/\/www.pepvital.se\/sv\/wp-json\/wp\/v2\/comments?post=2272"}],"wp:featuredmedia":[{"embeddable":true,"href":"https:\/\/www.pepvital.se\/sv\/wp-json\/wp\/v2\/media\/2273"}],"wp:attachment":[{"href":"https:\/\/www.pepvital.se\/sv\/wp-json\/wp\/v2\/media?parent=2272"}],"wp:term":[{"taxonomy":"product_brand","embeddable":true,"href":"https:\/\/www.pepvital.se\/sv\/wp-json\/wp\/v2\/product_brand?post=2272"},{"taxonomy":"product_cat","embeddable":true,"href":"https:\/\/www.pepvital.se\/sv\/wp-json\/wp\/v2\/product_cat?post=2272"},{"taxonomy":"product_tag","embeddable":true,"href":"https:\/\/www.pepvital.se\/sv\/wp-json\/wp\/v2\/product_tag?post=2272"}],"curies":[{"name":"wp","href":"https:\/\/api.w.org\/{rel}","templated":true}]}}