{"id":2214,"date":"2023-04-20T10:22:35","date_gmt":"2023-04-20T10:22:35","guid":{"rendered":"https:\/\/www.pepvital.se\/?post_type=product&#038;p=2214"},"modified":"2025-06-09T16:04:00","modified_gmt":"2025-06-09T16:04:00","slug":"vitamin-b-komplex-8-b-vitaminer-500-tabletter","status":"publish","type":"product","link":"https:\/\/www.pepvital.se\/sv\/produkt\/vitamin-b-komplex-8-b-vitaminer-500-tabletter\/","title":{"rendered":"Vitamin B-komplex &#8211; 8 B-vitaminer &#8211; 365 tabletter"},"content":{"rendered":"<div class=\"container \">\n<nav class=\"tab-navigation\">\n<div id=\"tab-content-product-tabs\" class=\"tab-content\">\n<div id=\"tab-description\" class=\"tab-pane fade show active\" role=\"tabpanel\" aria-labelledby=\"tab-link-description\">\n<div class=\"desc\">\n<h3>B-vitaminerna i detalj<\/h3>\n<p>B-vitaminer \u00e4r ocks\u00e5 k\u00e4nda som\u00a0<b>essentiella vitaminer<\/b>\u00a0.\u00a0Det betyder att de \u00e4r livsn\u00f6dv\u00e4ndiga f\u00f6r v\u00e5r organism.\u00a0V\u00e5r kropp kan inte producera dessa vitaminer sj\u00e4lv och tvingas f\u00e5 dem fr\u00e5n mat eller kosttillskott.\u00a0Vi delar generellt in vitaminer i 2 grupper:\u00a0<b>vattenl\u00f6sliga vitaminer och fettl\u00f6sliga vitaminer.\u00a0<\/b>Familjen B-vitaminer \u00e4r en av de vattenl\u00f6sliga vitaminerna som v\u00e5r kropp, med undantag f\u00f6r\u00a0<b>vitamin B12,<\/b> som \u00e4r ett undantag, bara kan lagra mycket lite eller inte alls. Vilket g\u00f6r <b>att vi hela tiden m\u00e5ste fylla p\u00e5 f\u00f6r att inte hamna i ett underskott. <\/b>En \u00f6verdos \u00e4r d\u00e4remot knappast eller inte alls m\u00f6jlig, eftersom v\u00e5r kropp uts\u00f6ndrar den m\u00e4ngd som inte beh\u00f6vs genom njurarna.<\/p>\n<h3>Inneh\u00e5ll i korthet:<\/h3>\n<ul>\n<li>Bulkf\u00f6rpackning med 365 tabletter per burk som h\u00e5ller hela \u00e5ret.<\/li>\n<li>Vit4ever vitamin B-komplex inneh\u00e5ller alla 8 B-vitaminer, som \u00e4r optimalt matchade i kvantitet och dosering.\u00a0Inneh\u00e5ller: tiamin, riboflavin, niacin, pantotensyra, pyridoxin, folsyra, cyanokobalamin, biotin<\/li>\n<li>Laboratorietestade f\u00f6r tungmetaller, m\u00f6gel, E. Coli, salmonella och andra relevanta testkriterier. Unders\u00f6kningen har utf\u00f6rts av ett oberoende tyskt laboratorium certifierat enligt DIN EN ISO\/IEC 17025. Analyscertifikatet finns.<\/li>\n<li>V\u00e5ra vitamin B-tabletter \u00e4r 100% veganska och fria fr\u00e5n magnesiumstearat, gelatin, smak\u00e4mnen, f\u00e4rg\u00e4mnen, stabiliseringsmedel, konserveringsmedel, naturligtvis laktosfria och glutenfria och utan genetiskt modifierade ingredienser (GMO-fri)<\/li>\n<\/ul>\n<h3>Varf\u00f6r v\u00e4lja ett vitaminkomplex?<\/h3>\n<p>Alla B-vitaminer samverkar n\u00e4ra i v\u00e5r kropp och det \u00e4r mycket s\u00e4llsynt att det uppst\u00e5r brist p\u00e5 bara ett av dessa vitaminer.\u00a0Detta \u00e4r ocks\u00e5 den viktigaste anledningen till att du alltid ska anv\u00e4nda en kombinationsprodukt om du vill anv\u00e4nda B-vitaminer.<\/p>\n<p>Alla B-vitaminer samverkar n\u00e4ra i v\u00e5r kropp och det \u00e4r mycket s\u00e4llsynt att det uppst\u00e5r brist p\u00e5 bara ett av dessa vitaminer.\u00a0Detta \u00e4r ocks\u00e5 den viktigaste anledningen till att du alltid ska anv\u00e4nda en kombinationsprodukt om du vill anv\u00e4nda B-vitaminer.<\/p>\n<ul>\n<li>Vitamin B1 (tiamin)<\/li>\n<li>Vitamin B2 (riboflavin)<\/li>\n<li>Vitamin B3 (Niacin)<\/li>\n<li>Vitamin B5 (pantotensyra)<\/li>\n<li>Vitamin B6 (pyridoxin)<\/li>\n<li>Vitamin B7 (biotin)<\/li>\n<li>Vitamin B9 (folsyra)<\/li>\n<\/ul>\n<p>V\u00e5rt vitamin B-komplex \u00e4r tillverkat enligt\u00a0<b>europeiska kvalitetsstandarder<\/b>\u00a0(DIN EN ISO 9001 och HACCP-koncept) och som med alla Vit4ever kosttillskott l\u00e4gger vi alltid stor vikt vid att endast\u00a0<b>h\u00f6gkvalitativa premiumr\u00e5varor anv\u00e4nds i produktionen.<\/b><\/p>\n<p><b>Vitamin B-komplex \u00e4r 100 % vegan<\/b> , utan f\u00e4rg\u00e4mnen, utan smak\u00e4mnen, utan konserveringsmedel, glutenfri, laktosfri, gelatinfri, aspartan fri, utan genetiskt modifierade ingredienser (GMO-fri) och utan magnesiumstearat.<\/p>\n<p>Inneh\u00e5ll 98 g<\/p>\n<\/div>\n<div class=\"product-attributes\"><strong>Rekommenderad dosering:<\/strong> Ta 1 kapsel dagligen med en m\u00e5ltid och vatten (minst 200 ml).<\/div>\n<\/div>\n<\/div>\n<\/nav>\n<\/div>\n<div class=\"container-fluid \">\n<div class=\"recommendations d-print-none\">\n<div id=\"slider-xsell\" class=\"slick-slider-other is-not-opc x-sell\">\n<div class=\"hr-sect h2\"><\/div>\n<\/div>\n<\/div>\n<\/div>\n","protected":false},"excerpt":{"rendered":"<p><strong>Kosttillskott (NEM) med B-vitaminer.\u00a0Denna produkt \u00e4r inte ett l\u00e4kemedel.<\/strong><\/p>\n<table class=\"steelBlueCols\">\n<thead>\n<tr>\n<td><strong>n\u00e4ringsv\u00e4rden<\/strong><\/td>\n<td><strong>Per daglig dos<br \/>\n(1 kapsel)<\/strong><\/td>\n<td><strong>NRV*<\/strong><\/td>\n<\/tr>\n<\/thead>\n<tbody>\n<tr>\n<td>Vitamin B1 (tiamin)<\/td>\n<td>\n<p align=\"center\">25 mg<\/p>\n<\/td>\n<td>\n<p align=\"center\">2273 %<\/p>\n<\/td>\n<\/tr>\n<tr>\n<td>Vitamin B2 (riboflavin)<\/td>\n<td>\n<p align=\"center\">25 mg<\/p>\n<\/td>\n<td>\n<p align=\"center\">1786 %<\/p>\n<\/td>\n<\/tr>\n<tr>\n<td>Vitamin B3 (Niacin)<\/td>\n<td>\n<p align=\"center\">50 mg<\/p>\n<\/td>\n<td>\n<p align=\"center\">312 %<\/p>\n<\/td>\n<\/tr>\n<tr>\n<td>Vitamin B5 (pantotensyra)<\/td>\n<td>\n<p align=\"center\">125 mg<\/p>\n<\/td>\n<td>\n<p align=\"center\">2083 %<\/p>\n<\/td>\n<\/tr>\n<tr>\n<td>Vitamin B6 (pyridoxin)<\/td>\n<td>\n<p align=\"center\">25 mg<\/p>\n<\/td>\n<td>\n<p align=\"center\">1786 %<\/p>\n<\/td>\n<\/tr>\n<tr>\n<td>Vitamin B7 (biotin)<\/td>\n<td>\n<p align=\"center\">50 mcg<\/p>\n<\/td>\n<td>\n<p align=\"center\">100 %<\/p>\n<\/td>\n<\/tr>\n<tr>\n<td>Vitamin B9 (folsyra)<\/td>\n<td>\n<p align=\"center\">200 mcg<\/p>\n<\/td>\n<td>\n<p align=\"center\">100 %<\/p>\n<\/td>\n<\/tr>\n<tr>\n<td>Vitamin B12<\/td>\n<td>\n<p align=\"center\">125 mcg<\/p>\n<\/td>\n<td>\n<p align=\"center\">5000 %<\/p>\n<\/td>\n<\/tr>\n<tr>\n<td>kolin<\/td>\n<td>\n<p align=\"center\">50 mg<\/p>\n<\/td>\n<td>\n<p align=\"center\">**<\/p>\n<\/td>\n<\/tr>\n<tr>\n<td>inositol<\/td>\n<td>\n<p align=\"center\">50 mg<\/p>\n<\/td>\n<td>\n<p align=\"center\">**<\/p>\n<\/td>\n<\/tr>\n<tr>\n<td>PABA<\/td>\n<td>\n<p align=\"center\">25 mg<\/p>\n<\/td>\n<td>\n<p align=\"center\">**<\/p>\n<\/td>\n<\/tr>\n<\/tbody>\n<\/table>\n<p>* Andel av n\u00e4rings\u00e4mnesreferensv\u00e4rdena enligt VO (EU) NO.\u00a01169\/2011.<br \/>\n** Inga k\u00e4nda referensv\u00e4rden f\u00f6r n\u00e4rings\u00e4mnen.<\/p>\n<p><strong>Ingredienser:<\/strong>\u00a0Kalcium D-pantotenat, vegetabiliskt kapselskal: hydroxipropylmetylcellulosa, L-kolinbitartrat, niacinamid, inositolhexaniacinat, riboflavin-5-fosfat, tiamin-HCl, pyridoxal-5-fosfat, para-aminobensoesyra, 5-MTHF glukofolsyra, 5-MTHF metylkobalamin, adenosylkobalamin, hydroxokobalamin, D-biotin.<\/p>\n<p><strong>Viktig information:<\/strong>\u00a0Kosttillskott f\u00e5r inte anv\u00e4ndas som ers\u00e4ttning f\u00f6r en balanserad, varierad kost och en h\u00e4lsosam livsstil.\u00a0Den rekommenderade dagliga dosen b\u00f6r inte \u00f6verskridas.\u00a0Det finns risk f\u00f6r kv\u00e4vning f\u00f6r konsumenter med sv\u00e4ljsv\u00e5righeter eller otillr\u00e4ckligt v\u00e4tskeintag.\u00a0F\u00f6rvaras st\u00e4ngt, svalt, torrt, skyddat fr\u00e5n ljus och utom r\u00e4ckh\u00e5ll f\u00f6r sm\u00e5 barn.<\/p>\n","protected":false},"featured_media":2215,"comment_status":"open","ping_status":"closed","template":"","meta":{"_et_pb_use_builder":"","_et_pb_old_content":"","_et_gb_content_width":"","om_disable_all_campaigns":false,"_monsterinsights_skip_tracking":false,"_monsterinsights_sitenote_active":false,"_monsterinsights_sitenote_note":"","_monsterinsights_sitenote_category":0,"_uf_show_specific_survey":0,"_uf_disable_surveys":false},"product_brand":[],"product_cat":[52],"product_tag":[],"class_list":{"0":"post-2214","1":"product","2":"type-product","3":"status-publish","4":"has-post-thumbnail","6":"product_cat-vitaminer","8":"first","9":"instock","10":"taxable","11":"shipping-taxable","12":"purchasable","13":"product-type-simple"},"yoast_head":"<!-- This site is optimized with the Yoast SEO plugin v27.5 - https:\/\/yoast.com\/product\/yoast-seo-wordpress\/ -->\n<title>Vitamin B-komplex - 8 B-vitaminer - 365 tabletter - Pepvital<\/title>\n<meta name=\"description\" content=\"Buy Vitamin B-komplex - 8 B-vitaminer - 365 tabletter online at Pepvital - supplements with natural and synthetic peptides.\" \/>\n<meta name=\"robots\" content=\"index, follow, max-snippet:-1, max-image-preview:large, max-video-preview:-1\" \/>\n<link rel=\"canonical\" href=\"https:\/\/www.pepvital.se\/sv\/produkt\/vitamin-b-komplex-8-b-vitaminer-500-tabletter\/\" \/>\n<meta property=\"og:locale\" content=\"sv_SE\" \/>\n<meta property=\"og:type\" content=\"article\" \/>\n<meta property=\"og:title\" content=\"Vitamin B-komplex - 8 B-vitaminer - 365 tabletter - Pepvital\" \/>\n<meta property=\"og:description\" content=\"Buy Vitamin B-komplex - 8 B-vitaminer - 365 tabletter online at Pepvital - supplements with natural and synthetic peptides.\" \/>\n<meta property=\"og:url\" content=\"https:\/\/www.pepvital.se\/sv\/produkt\/vitamin-b-komplex-8-b-vitaminer-500-tabletter\/\" \/>\n<meta property=\"og:site_name\" content=\"Pepvital\" \/>\n<meta property=\"article:publisher\" content=\"https:\/\/www.facebook.com\/pepvital\" \/>\n<meta property=\"article:modified_time\" content=\"2025-06-09T16:04:00+00:00\" \/>\n<meta property=\"og:image\" content=\"https:\/\/www.pepvital.se\/wp-content\/uploads\/2023\/04\/b_komplex_500.webp\" \/>\n\t<meta property=\"og:image:width\" content=\"1000\" \/>\n\t<meta property=\"og:image:height\" content=\"1000\" \/>\n\t<meta property=\"og:image:type\" content=\"image\/webp\" \/>\n<meta name=\"twitter:card\" content=\"summary_large_image\" \/>\n<meta name=\"twitter:label1\" content=\"Ber\u00e4knad l\u00e4stid\" \/>\n\t<meta name=\"twitter:data1\" content=\"3 minuter\" \/>\n<script type=\"application\/ld+json\" class=\"yoast-schema-graph\">{\"@context\":\"https:\\\/\\\/schema.org\",\"@graph\":[{\"@type\":\"WebPage\",\"@id\":\"https:\\\/\\\/www.pepvital.se\\\/sv\\\/produkt\\\/vitamin-b-komplex-8-b-vitaminer-500-tabletter\\\/\",\"url\":\"https:\\\/\\\/www.pepvital.se\\\/sv\\\/produkt\\\/vitamin-b-komplex-8-b-vitaminer-500-tabletter\\\/\",\"name\":\"Vitamin B-komplex - 8 B-vitaminer - 365 tabletter - Pepvital\",\"isPartOf\":{\"@id\":\"https:\\\/\\\/www.pepvital.se\\\/sv\\\/#website\"},\"primaryImageOfPage\":{\"@id\":\"https:\\\/\\\/www.pepvital.se\\\/sv\\\/produkt\\\/vitamin-b-komplex-8-b-vitaminer-500-tabletter\\\/#primaryimage\"},\"image\":{\"@id\":\"https:\\\/\\\/www.pepvital.se\\\/sv\\\/produkt\\\/vitamin-b-komplex-8-b-vitaminer-500-tabletter\\\/#primaryimage\"},\"thumbnailUrl\":\"https:\\\/\\\/www.pepvital.se\\\/wp-content\\\/uploads\\\/2023\\\/04\\\/b_komplex_500.webp\",\"datePublished\":\"2023-04-20T10:22:35+00:00\",\"dateModified\":\"2025-06-09T16:04:00+00:00\",\"description\":\"Buy Vitamin B-komplex - 8 B-vitaminer - 365 tabletter online at Pepvital - supplements with natural and synthetic peptides.\",\"breadcrumb\":{\"@id\":\"https:\\\/\\\/www.pepvital.se\\\/sv\\\/produkt\\\/vitamin-b-komplex-8-b-vitaminer-500-tabletter\\\/#breadcrumb\"},\"inLanguage\":\"sv-SE\",\"potentialAction\":[{\"@type\":\"ReadAction\",\"target\":[\"https:\\\/\\\/www.pepvital.se\\\/sv\\\/produkt\\\/vitamin-b-komplex-8-b-vitaminer-500-tabletter\\\/\"]}]},{\"@type\":\"ImageObject\",\"inLanguage\":\"sv-SE\",\"@id\":\"https:\\\/\\\/www.pepvital.se\\\/sv\\\/produkt\\\/vitamin-b-komplex-8-b-vitaminer-500-tabletter\\\/#primaryimage\",\"url\":\"https:\\\/\\\/www.pepvital.se\\\/wp-content\\\/uploads\\\/2023\\\/04\\\/b_komplex_500.webp\",\"contentUrl\":\"https:\\\/\\\/www.pepvital.se\\\/wp-content\\\/uploads\\\/2023\\\/04\\\/b_komplex_500.webp\",\"width\":1000,\"height\":1000},{\"@type\":\"BreadcrumbList\",\"@id\":\"https:\\\/\\\/www.pepvital.se\\\/sv\\\/produkt\\\/vitamin-b-komplex-8-b-vitaminer-500-tabletter\\\/#breadcrumb\",\"itemListElement\":[{\"@type\":\"ListItem\",\"position\":1,\"name\":\"Hem\",\"item\":\"https:\\\/\\\/www.pepvital.se\\\/sv\\\/\"},{\"@type\":\"ListItem\",\"position\":2,\"name\":\"Handla\",\"item\":\"https:\\\/\\\/www.pepvital.se\\\/sv\\\/butik\\\/\"},{\"@type\":\"ListItem\",\"position\":3,\"name\":\"Vitamin B-komplex &#8211; 8 B-vitaminer &#8211; 365 tabletter\"}]},{\"@type\":\"WebSite\",\"@id\":\"https:\\\/\\\/www.pepvital.se\\\/sv\\\/#website\",\"url\":\"https:\\\/\\\/www.pepvital.se\\\/sv\\\/\",\"name\":\"Pepvital\",\"description\":\"\u00c5terf\u00e5 &amp; bibeh\u00e5ll livskvalit\u00e9n\",\"publisher\":{\"@id\":\"https:\\\/\\\/www.pepvital.se\\\/sv\\\/#organization\"},\"potentialAction\":[{\"@type\":\"SearchAction\",\"target\":{\"@type\":\"EntryPoint\",\"urlTemplate\":\"https:\\\/\\\/www.pepvital.se\\\/sv\\\/?s={search_term_string}\"},\"query-input\":{\"@type\":\"PropertyValueSpecification\",\"valueRequired\":true,\"valueName\":\"search_term_string\"}}],\"inLanguage\":\"sv-SE\"},{\"@type\":\"Organization\",\"@id\":\"https:\\\/\\\/www.pepvital.se\\\/sv\\\/#organization\",\"name\":\"Pepvital\",\"url\":\"https:\\\/\\\/www.pepvital.se\\\/sv\\\/\",\"logo\":{\"@type\":\"ImageObject\",\"inLanguage\":\"sv-SE\",\"@id\":\"https:\\\/\\\/www.pepvital.se\\\/sv\\\/#\\\/schema\\\/logo\\\/image\\\/\",\"url\":\"https:\\\/\\\/www.pepvital.se\\\/wp-content\\\/uploads\\\/2021\\\/05\\\/ogimage.jpg\",\"contentUrl\":\"https:\\\/\\\/www.pepvital.se\\\/wp-content\\\/uploads\\\/2021\\\/05\\\/ogimage.jpg\",\"width\":1200,\"height\":627,\"caption\":\"Pepvital\"},\"image\":{\"@id\":\"https:\\\/\\\/www.pepvital.se\\\/sv\\\/#\\\/schema\\\/logo\\\/image\\\/\"},\"sameAs\":[\"https:\\\/\\\/www.facebook.com\\\/pepvital\",\"https:\\\/\\\/www.instagram.com\\\/pepvital.se\\\/\"]}]}<\/script>\n<!-- \/ Yoast SEO plugin. -->","yoast_head_json":{"title":"Vitamin B-komplex - 8 B-vitaminer - 365 tabletter - Pepvital","description":"Buy Vitamin B-komplex - 8 B-vitaminer - 365 tabletter online at Pepvital - supplements with natural and synthetic peptides.","robots":{"index":"index","follow":"follow","max-snippet":"max-snippet:-1","max-image-preview":"max-image-preview:large","max-video-preview":"max-video-preview:-1"},"canonical":"https:\/\/www.pepvital.se\/sv\/produkt\/vitamin-b-komplex-8-b-vitaminer-500-tabletter\/","og_locale":"sv_SE","og_type":"article","og_title":"Vitamin B-komplex - 8 B-vitaminer - 365 tabletter - Pepvital","og_description":"Buy Vitamin B-komplex - 8 B-vitaminer - 365 tabletter online at Pepvital - supplements with natural and synthetic peptides.","og_url":"https:\/\/www.pepvital.se\/sv\/produkt\/vitamin-b-komplex-8-b-vitaminer-500-tabletter\/","og_site_name":"Pepvital","article_publisher":"https:\/\/www.facebook.com\/pepvital","article_modified_time":"2025-06-09T16:04:00+00:00","og_image":[{"width":1000,"height":1000,"url":"https:\/\/www.pepvital.se\/wp-content\/uploads\/2023\/04\/b_komplex_500.webp","type":"image\/webp"}],"twitter_card":"summary_large_image","twitter_misc":{"Ber\u00e4knad l\u00e4stid":"3 minuter"},"schema":{"@context":"https:\/\/schema.org","@graph":[{"@type":"WebPage","@id":"https:\/\/www.pepvital.se\/sv\/produkt\/vitamin-b-komplex-8-b-vitaminer-500-tabletter\/","url":"https:\/\/www.pepvital.se\/sv\/produkt\/vitamin-b-komplex-8-b-vitaminer-500-tabletter\/","name":"Vitamin B-komplex - 8 B-vitaminer - 365 tabletter - Pepvital","isPartOf":{"@id":"https:\/\/www.pepvital.se\/sv\/#website"},"primaryImageOfPage":{"@id":"https:\/\/www.pepvital.se\/sv\/produkt\/vitamin-b-komplex-8-b-vitaminer-500-tabletter\/#primaryimage"},"image":{"@id":"https:\/\/www.pepvital.se\/sv\/produkt\/vitamin-b-komplex-8-b-vitaminer-500-tabletter\/#primaryimage"},"thumbnailUrl":"https:\/\/www.pepvital.se\/wp-content\/uploads\/2023\/04\/b_komplex_500.webp","datePublished":"2023-04-20T10:22:35+00:00","dateModified":"2025-06-09T16:04:00+00:00","description":"Buy Vitamin B-komplex - 8 B-vitaminer - 365 tabletter online at Pepvital - supplements with natural and synthetic peptides.","breadcrumb":{"@id":"https:\/\/www.pepvital.se\/sv\/produkt\/vitamin-b-komplex-8-b-vitaminer-500-tabletter\/#breadcrumb"},"inLanguage":"sv-SE","potentialAction":[{"@type":"ReadAction","target":["https:\/\/www.pepvital.se\/sv\/produkt\/vitamin-b-komplex-8-b-vitaminer-500-tabletter\/"]}]},{"@type":"ImageObject","inLanguage":"sv-SE","@id":"https:\/\/www.pepvital.se\/sv\/produkt\/vitamin-b-komplex-8-b-vitaminer-500-tabletter\/#primaryimage","url":"https:\/\/www.pepvital.se\/wp-content\/uploads\/2023\/04\/b_komplex_500.webp","contentUrl":"https:\/\/www.pepvital.se\/wp-content\/uploads\/2023\/04\/b_komplex_500.webp","width":1000,"height":1000},{"@type":"BreadcrumbList","@id":"https:\/\/www.pepvital.se\/sv\/produkt\/vitamin-b-komplex-8-b-vitaminer-500-tabletter\/#breadcrumb","itemListElement":[{"@type":"ListItem","position":1,"name":"Hem","item":"https:\/\/www.pepvital.se\/sv\/"},{"@type":"ListItem","position":2,"name":"Handla","item":"https:\/\/www.pepvital.se\/sv\/butik\/"},{"@type":"ListItem","position":3,"name":"Vitamin B-komplex &#8211; 8 B-vitaminer &#8211; 365 tabletter"}]},{"@type":"WebSite","@id":"https:\/\/www.pepvital.se\/sv\/#website","url":"https:\/\/www.pepvital.se\/sv\/","name":"Pepvital","description":"\u00c5terf\u00e5 &amp; bibeh\u00e5ll livskvalit\u00e9n","publisher":{"@id":"https:\/\/www.pepvital.se\/sv\/#organization"},"potentialAction":[{"@type":"SearchAction","target":{"@type":"EntryPoint","urlTemplate":"https:\/\/www.pepvital.se\/sv\/?s={search_term_string}"},"query-input":{"@type":"PropertyValueSpecification","valueRequired":true,"valueName":"search_term_string"}}],"inLanguage":"sv-SE"},{"@type":"Organization","@id":"https:\/\/www.pepvital.se\/sv\/#organization","name":"Pepvital","url":"https:\/\/www.pepvital.se\/sv\/","logo":{"@type":"ImageObject","inLanguage":"sv-SE","@id":"https:\/\/www.pepvital.se\/sv\/#\/schema\/logo\/image\/","url":"https:\/\/www.pepvital.se\/wp-content\/uploads\/2021\/05\/ogimage.jpg","contentUrl":"https:\/\/www.pepvital.se\/wp-content\/uploads\/2021\/05\/ogimage.jpg","width":1200,"height":627,"caption":"Pepvital"},"image":{"@id":"https:\/\/www.pepvital.se\/sv\/#\/schema\/logo\/image\/"},"sameAs":["https:\/\/www.facebook.com\/pepvital","https:\/\/www.instagram.com\/pepvital.se\/"]}]}},"_links":{"self":[{"href":"https:\/\/www.pepvital.se\/sv\/wp-json\/wp\/v2\/product\/2214","targetHints":{"allow":["GET"]}}],"collection":[{"href":"https:\/\/www.pepvital.se\/sv\/wp-json\/wp\/v2\/product"}],"about":[{"href":"https:\/\/www.pepvital.se\/sv\/wp-json\/wp\/v2\/types\/product"}],"replies":[{"embeddable":true,"href":"https:\/\/www.pepvital.se\/sv\/wp-json\/wp\/v2\/comments?post=2214"}],"wp:featuredmedia":[{"embeddable":true,"href":"https:\/\/www.pepvital.se\/sv\/wp-json\/wp\/v2\/media\/2215"}],"wp:attachment":[{"href":"https:\/\/www.pepvital.se\/sv\/wp-json\/wp\/v2\/media?parent=2214"}],"wp:term":[{"taxonomy":"product_brand","embeddable":true,"href":"https:\/\/www.pepvital.se\/sv\/wp-json\/wp\/v2\/product_brand?post=2214"},{"taxonomy":"product_cat","embeddable":true,"href":"https:\/\/www.pepvital.se\/sv\/wp-json\/wp\/v2\/product_cat?post=2214"},{"taxonomy":"product_tag","embeddable":true,"href":"https:\/\/www.pepvital.se\/sv\/wp-json\/wp\/v2\/product_tag?post=2214"}],"curies":[{"name":"wp","href":"https:\/\/api.w.org\/{rel}","templated":true}]}}