{"id":219,"date":"2020-10-23T11:00:03","date_gmt":"2020-10-23T11:00:03","guid":{"rendered":"https:\/\/www.pepvital.se\/?post_type=product&#038;p=219"},"modified":"2023-07-18T09:28:19","modified_gmt":"2023-07-18T09:28:19","slug":"thyreogen-skoldkorteln","status":"publish","type":"product","link":"https:\/\/www.pepvital.se\/sv\/produkt\/thyreogen-skoldkorteln\/","title":{"rendered":"Thyreogen &#8211; sk\u00f6ldk\u00f6rteln OBS 60 kapslar"},"content":{"rendered":"<p>Sk\u00f6ldk\u00f6rteln reglerar en m\u00e4nniskas \u00e4mnesoms\u00e4ttning och p\u00e5verkar d\u00e4rf\u00f6r otroligt m\u00e5nga av kroppens funktioner. Sk\u00f6ldk\u00f6rteln producerar hormoner som p\u00e5verkar n\u00e4stan alla kroppens funktioner. Sk\u00f6ldk\u00f6rtelns viktigaste funktion \u00e4r att styra \u00e4mnesoms\u00e4ttningen i kroppen. Fel p\u00e5 sk\u00f6ldk\u00f6rteln kan orsaka b\u00e5de \u00f6verproduktion och underproduktion av hormon.<\/p>\n<p>F\u00f6r att uppr\u00e4tth\u00e5lla kroppens funktioner genom v\u00e4l fungerande celler beh\u00f6vs peptider. Peptider \u00e4r kedjor av aminosyror som finns naturligt i kroppen och som sk\u00f6ter kommunikationen med kroppens celler. N\u00e4r vi \u00e5ldras bildas peptider och proteiner inte l\u00e4ngre lika snabbt i kroppen vilket kan orsaka f\u00f6r\u00e4ndringar och f\u00f6rs\u00e4mringar i kroppens och organens olika funktioner.<\/p>\n<p>Thyreogen \u00e4r ett tillskott med naturliga peptider f\u00f6r sk\u00f6ldk\u00f6rteln.<\/p>\n<p><b>Information:<\/b><br \/>\nProdukten \u00e4r ett kosttillskott utan biverkningar, och kan kombineras med andra kosttillskott och l\u00e4kemedel. Produkten har kontrollerats av svenska tullens laboratorium och f\u00f6rvaras utom r\u00e4ckh\u00e5ll f\u00f6r barn. Kosttillskott \u00e4r inte ett alternativ till varierad kost och ska anv\u00e4ndas f\u00f6rutom konventionella medicinska behandlingar.<\/p>\n<p>Patenterad och framtagen av Professor Vladimir Khavinson.<\/p>\n<p><b>Antal per f\u00f6rpackning:<\/b><br \/>\n60 kapslar.<\/p>\n<p><b>Inneh\u00e5ll:<\/b><br \/>\nIngredienser per kapsel (0,275 g): Mikrokristallint cellulosa 0,143 g, mj\u00f6lksocker (laktos) 0,045 g, gelatin 0,075 g (kapselskal), peptidkomplex A-2 0,010 g, kalciumstearat (emulgeringsmedel) 0,002 g<\/p>\n<p><b>Rekommenderad dos:<\/b><br \/>\nRekommendationer f\u00f6r anv\u00e4ndning f\u00f6r vuxna: 1 kapsel morgon och kv\u00e4ll under 10 dagar upp till 30 dagar. Upprepa var 3\u20136 m\u00e5nader.<\/p>\n<p>Rekommenderad dos b\u00f6r inte \u00f6verskridas.<\/p>\n","protected":false},"excerpt":{"rendered":"<p>Thyreogen \u00e4r ett tillskott med naturliga peptider f\u00f6r sk\u00f6ldk\u00f6rteln.<\/p>\n","protected":false},"featured_media":345,"comment_status":"open","ping_status":"closed","template":"","meta":{"_et_pb_use_builder":"","_et_pb_old_content":"","_et_gb_content_width":"","om_disable_all_campaigns":false,"_monsterinsights_skip_tracking":false,"_monsterinsights_sitenote_active":false,"_monsterinsights_sitenote_note":"","_monsterinsights_sitenote_category":0,"_uf_show_specific_survey":0,"_uf_disable_surveys":false},"product_brand":[],"product_cat":[19],"product_tag":[],"class_list":{"0":"post-219","1":"product","2":"type-product","3":"status-publish","4":"has-post-thumbnail","6":"product_cat-peptider","8":"first","9":"instock","10":"taxable","11":"shipping-taxable","12":"purchasable","13":"product-type-simple"},"yoast_head":"<!-- This site is optimized with the Yoast SEO plugin v27.5 - https:\/\/yoast.com\/product\/yoast-seo-wordpress\/ -->\n<title>Thyreogen - sk\u00f6ldk\u00f6rteln OBS 60 kapslar - Pepvital<\/title>\n<meta name=\"description\" content=\"Buy Thyreogen - sk\u00f6ldk\u00f6rteln OBS 60 kapslar online at Pepvital - supplements with natural and synthetic peptides.\" \/>\n<meta name=\"robots\" content=\"index, follow, max-snippet:-1, max-image-preview:large, max-video-preview:-1\" \/>\n<link rel=\"canonical\" href=\"https:\/\/www.pepvital.se\/sv\/produkt\/thyreogen-skoldkorteln\/\" \/>\n<meta property=\"og:locale\" content=\"sv_SE\" \/>\n<meta property=\"og:type\" content=\"article\" \/>\n<meta property=\"og:title\" content=\"Thyreogen - sk\u00f6ldk\u00f6rteln OBS 60 kapslar - Pepvital\" \/>\n<meta property=\"og:description\" content=\"Buy Thyreogen - sk\u00f6ldk\u00f6rteln OBS 60 kapslar online at Pepvital - supplements with natural and synthetic peptides.\" \/>\n<meta property=\"og:url\" content=\"https:\/\/www.pepvital.se\/sv\/produkt\/thyreogen-skoldkorteln\/\" \/>\n<meta property=\"og:site_name\" content=\"Pepvital\" \/>\n<meta property=\"article:publisher\" content=\"https:\/\/www.facebook.com\/pepvital\" \/>\n<meta property=\"article:modified_time\" content=\"2023-07-18T09:28:19+00:00\" \/>\n<meta property=\"og:image\" content=\"https:\/\/www.pepvital.se\/wp-content\/uploads\/2020\/10\/thyreogen.jpg\" \/>\n\t<meta property=\"og:image:width\" content=\"400\" \/>\n\t<meta property=\"og:image:height\" content=\"400\" \/>\n\t<meta property=\"og:image:type\" content=\"image\/jpeg\" \/>\n<meta name=\"twitter:card\" content=\"summary_large_image\" \/>\n<meta name=\"twitter:label1\" content=\"Ber\u00e4knad l\u00e4stid\" \/>\n\t<meta name=\"twitter:data1\" content=\"2 minuter\" \/>\n<script type=\"application\/ld+json\" class=\"yoast-schema-graph\">{\"@context\":\"https:\\\/\\\/schema.org\",\"@graph\":[{\"@type\":\"WebPage\",\"@id\":\"https:\\\/\\\/www.pepvital.se\\\/sv\\\/produkt\\\/thyreogen-skoldkorteln\\\/\",\"url\":\"https:\\\/\\\/www.pepvital.se\\\/sv\\\/produkt\\\/thyreogen-skoldkorteln\\\/\",\"name\":\"Thyreogen - sk\u00f6ldk\u00f6rteln OBS 60 kapslar - Pepvital\",\"isPartOf\":{\"@id\":\"https:\\\/\\\/www.pepvital.se\\\/sv\\\/#website\"},\"primaryImageOfPage\":{\"@id\":\"https:\\\/\\\/www.pepvital.se\\\/sv\\\/produkt\\\/thyreogen-skoldkorteln\\\/#primaryimage\"},\"image\":{\"@id\":\"https:\\\/\\\/www.pepvital.se\\\/sv\\\/produkt\\\/thyreogen-skoldkorteln\\\/#primaryimage\"},\"thumbnailUrl\":\"https:\\\/\\\/www.pepvital.se\\\/wp-content\\\/uploads\\\/2020\\\/10\\\/thyreogen.jpg\",\"datePublished\":\"2020-10-23T11:00:03+00:00\",\"dateModified\":\"2023-07-18T09:28:19+00:00\",\"description\":\"Buy Thyreogen - sk\u00f6ldk\u00f6rteln OBS 60 kapslar online at Pepvital - supplements with natural and synthetic peptides.\",\"breadcrumb\":{\"@id\":\"https:\\\/\\\/www.pepvital.se\\\/sv\\\/produkt\\\/thyreogen-skoldkorteln\\\/#breadcrumb\"},\"inLanguage\":\"sv-SE\",\"potentialAction\":[{\"@type\":\"ReadAction\",\"target\":[\"https:\\\/\\\/www.pepvital.se\\\/sv\\\/produkt\\\/thyreogen-skoldkorteln\\\/\"]}]},{\"@type\":\"ImageObject\",\"inLanguage\":\"sv-SE\",\"@id\":\"https:\\\/\\\/www.pepvital.se\\\/sv\\\/produkt\\\/thyreogen-skoldkorteln\\\/#primaryimage\",\"url\":\"https:\\\/\\\/www.pepvital.se\\\/wp-content\\\/uploads\\\/2020\\\/10\\\/thyreogen.jpg\",\"contentUrl\":\"https:\\\/\\\/www.pepvital.se\\\/wp-content\\\/uploads\\\/2020\\\/10\\\/thyreogen.jpg\",\"width\":400,\"height\":400},{\"@type\":\"BreadcrumbList\",\"@id\":\"https:\\\/\\\/www.pepvital.se\\\/sv\\\/produkt\\\/thyreogen-skoldkorteln\\\/#breadcrumb\",\"itemListElement\":[{\"@type\":\"ListItem\",\"position\":1,\"name\":\"Hem\",\"item\":\"https:\\\/\\\/www.pepvital.se\\\/sv\\\/\"},{\"@type\":\"ListItem\",\"position\":2,\"name\":\"Handla\",\"item\":\"https:\\\/\\\/www.pepvital.se\\\/sv\\\/butik\\\/\"},{\"@type\":\"ListItem\",\"position\":3,\"name\":\"Thyreogen &#8211; sk\u00f6ldk\u00f6rteln OBS 60 kapslar\"}]},{\"@type\":\"WebSite\",\"@id\":\"https:\\\/\\\/www.pepvital.se\\\/sv\\\/#website\",\"url\":\"https:\\\/\\\/www.pepvital.se\\\/sv\\\/\",\"name\":\"Pepvital\",\"description\":\"\u00c5terf\u00e5 &amp; bibeh\u00e5ll livskvalit\u00e9n\",\"publisher\":{\"@id\":\"https:\\\/\\\/www.pepvital.se\\\/sv\\\/#organization\"},\"potentialAction\":[{\"@type\":\"SearchAction\",\"target\":{\"@type\":\"EntryPoint\",\"urlTemplate\":\"https:\\\/\\\/www.pepvital.se\\\/sv\\\/?s={search_term_string}\"},\"query-input\":{\"@type\":\"PropertyValueSpecification\",\"valueRequired\":true,\"valueName\":\"search_term_string\"}}],\"inLanguage\":\"sv-SE\"},{\"@type\":\"Organization\",\"@id\":\"https:\\\/\\\/www.pepvital.se\\\/sv\\\/#organization\",\"name\":\"Pepvital\",\"url\":\"https:\\\/\\\/www.pepvital.se\\\/sv\\\/\",\"logo\":{\"@type\":\"ImageObject\",\"inLanguage\":\"sv-SE\",\"@id\":\"https:\\\/\\\/www.pepvital.se\\\/sv\\\/#\\\/schema\\\/logo\\\/image\\\/\",\"url\":\"https:\\\/\\\/www.pepvital.se\\\/wp-content\\\/uploads\\\/2021\\\/05\\\/ogimage.jpg\",\"contentUrl\":\"https:\\\/\\\/www.pepvital.se\\\/wp-content\\\/uploads\\\/2021\\\/05\\\/ogimage.jpg\",\"width\":1200,\"height\":627,\"caption\":\"Pepvital\"},\"image\":{\"@id\":\"https:\\\/\\\/www.pepvital.se\\\/sv\\\/#\\\/schema\\\/logo\\\/image\\\/\"},\"sameAs\":[\"https:\\\/\\\/www.facebook.com\\\/pepvital\",\"https:\\\/\\\/www.instagram.com\\\/pepvital.se\\\/\"]}]}<\/script>\n<!-- \/ Yoast SEO plugin. -->","yoast_head_json":{"title":"Thyreogen - sk\u00f6ldk\u00f6rteln OBS 60 kapslar - Pepvital","description":"Buy Thyreogen - sk\u00f6ldk\u00f6rteln OBS 60 kapslar online at Pepvital - supplements with natural and synthetic peptides.","robots":{"index":"index","follow":"follow","max-snippet":"max-snippet:-1","max-image-preview":"max-image-preview:large","max-video-preview":"max-video-preview:-1"},"canonical":"https:\/\/www.pepvital.se\/sv\/produkt\/thyreogen-skoldkorteln\/","og_locale":"sv_SE","og_type":"article","og_title":"Thyreogen - sk\u00f6ldk\u00f6rteln OBS 60 kapslar - Pepvital","og_description":"Buy Thyreogen - sk\u00f6ldk\u00f6rteln OBS 60 kapslar online at Pepvital - supplements with natural and synthetic peptides.","og_url":"https:\/\/www.pepvital.se\/sv\/produkt\/thyreogen-skoldkorteln\/","og_site_name":"Pepvital","article_publisher":"https:\/\/www.facebook.com\/pepvital","article_modified_time":"2023-07-18T09:28:19+00:00","og_image":[{"width":400,"height":400,"url":"https:\/\/www.pepvital.se\/wp-content\/uploads\/2020\/10\/thyreogen.jpg","type":"image\/jpeg"}],"twitter_card":"summary_large_image","twitter_misc":{"Ber\u00e4knad l\u00e4stid":"2 minuter"},"schema":{"@context":"https:\/\/schema.org","@graph":[{"@type":"WebPage","@id":"https:\/\/www.pepvital.se\/sv\/produkt\/thyreogen-skoldkorteln\/","url":"https:\/\/www.pepvital.se\/sv\/produkt\/thyreogen-skoldkorteln\/","name":"Thyreogen - sk\u00f6ldk\u00f6rteln OBS 60 kapslar - Pepvital","isPartOf":{"@id":"https:\/\/www.pepvital.se\/sv\/#website"},"primaryImageOfPage":{"@id":"https:\/\/www.pepvital.se\/sv\/produkt\/thyreogen-skoldkorteln\/#primaryimage"},"image":{"@id":"https:\/\/www.pepvital.se\/sv\/produkt\/thyreogen-skoldkorteln\/#primaryimage"},"thumbnailUrl":"https:\/\/www.pepvital.se\/wp-content\/uploads\/2020\/10\/thyreogen.jpg","datePublished":"2020-10-23T11:00:03+00:00","dateModified":"2023-07-18T09:28:19+00:00","description":"Buy Thyreogen - sk\u00f6ldk\u00f6rteln OBS 60 kapslar online at Pepvital - supplements with natural and synthetic peptides.","breadcrumb":{"@id":"https:\/\/www.pepvital.se\/sv\/produkt\/thyreogen-skoldkorteln\/#breadcrumb"},"inLanguage":"sv-SE","potentialAction":[{"@type":"ReadAction","target":["https:\/\/www.pepvital.se\/sv\/produkt\/thyreogen-skoldkorteln\/"]}]},{"@type":"ImageObject","inLanguage":"sv-SE","@id":"https:\/\/www.pepvital.se\/sv\/produkt\/thyreogen-skoldkorteln\/#primaryimage","url":"https:\/\/www.pepvital.se\/wp-content\/uploads\/2020\/10\/thyreogen.jpg","contentUrl":"https:\/\/www.pepvital.se\/wp-content\/uploads\/2020\/10\/thyreogen.jpg","width":400,"height":400},{"@type":"BreadcrumbList","@id":"https:\/\/www.pepvital.se\/sv\/produkt\/thyreogen-skoldkorteln\/#breadcrumb","itemListElement":[{"@type":"ListItem","position":1,"name":"Hem","item":"https:\/\/www.pepvital.se\/sv\/"},{"@type":"ListItem","position":2,"name":"Handla","item":"https:\/\/www.pepvital.se\/sv\/butik\/"},{"@type":"ListItem","position":3,"name":"Thyreogen &#8211; sk\u00f6ldk\u00f6rteln OBS 60 kapslar"}]},{"@type":"WebSite","@id":"https:\/\/www.pepvital.se\/sv\/#website","url":"https:\/\/www.pepvital.se\/sv\/","name":"Pepvital","description":"\u00c5terf\u00e5 &amp; bibeh\u00e5ll livskvalit\u00e9n","publisher":{"@id":"https:\/\/www.pepvital.se\/sv\/#organization"},"potentialAction":[{"@type":"SearchAction","target":{"@type":"EntryPoint","urlTemplate":"https:\/\/www.pepvital.se\/sv\/?s={search_term_string}"},"query-input":{"@type":"PropertyValueSpecification","valueRequired":true,"valueName":"search_term_string"}}],"inLanguage":"sv-SE"},{"@type":"Organization","@id":"https:\/\/www.pepvital.se\/sv\/#organization","name":"Pepvital","url":"https:\/\/www.pepvital.se\/sv\/","logo":{"@type":"ImageObject","inLanguage":"sv-SE","@id":"https:\/\/www.pepvital.se\/sv\/#\/schema\/logo\/image\/","url":"https:\/\/www.pepvital.se\/wp-content\/uploads\/2021\/05\/ogimage.jpg","contentUrl":"https:\/\/www.pepvital.se\/wp-content\/uploads\/2021\/05\/ogimage.jpg","width":1200,"height":627,"caption":"Pepvital"},"image":{"@id":"https:\/\/www.pepvital.se\/sv\/#\/schema\/logo\/image\/"},"sameAs":["https:\/\/www.facebook.com\/pepvital","https:\/\/www.instagram.com\/pepvital.se\/"]}]}},"_links":{"self":[{"href":"https:\/\/www.pepvital.se\/sv\/wp-json\/wp\/v2\/product\/219","targetHints":{"allow":["GET"]}}],"collection":[{"href":"https:\/\/www.pepvital.se\/sv\/wp-json\/wp\/v2\/product"}],"about":[{"href":"https:\/\/www.pepvital.se\/sv\/wp-json\/wp\/v2\/types\/product"}],"replies":[{"embeddable":true,"href":"https:\/\/www.pepvital.se\/sv\/wp-json\/wp\/v2\/comments?post=219"}],"wp:featuredmedia":[{"embeddable":true,"href":"https:\/\/www.pepvital.se\/sv\/wp-json\/wp\/v2\/media\/345"}],"wp:attachment":[{"href":"https:\/\/www.pepvital.se\/sv\/wp-json\/wp\/v2\/media?parent=219"}],"wp:term":[{"taxonomy":"product_brand","embeddable":true,"href":"https:\/\/www.pepvital.se\/sv\/wp-json\/wp\/v2\/product_brand?post=219"},{"taxonomy":"product_cat","embeddable":true,"href":"https:\/\/www.pepvital.se\/sv\/wp-json\/wp\/v2\/product_cat?post=219"},{"taxonomy":"product_tag","embeddable":true,"href":"https:\/\/www.pepvital.se\/sv\/wp-json\/wp\/v2\/product_tag?post=219"}],"curies":[{"name":"wp","href":"https:\/\/api.w.org\/{rel}","templated":true}]}}