{"id":203,"date":"2020-10-23T08:15:03","date_gmt":"2020-10-23T08:15:03","guid":{"rendered":"https:\/\/www.pepvital.se\/?post_type=product&#038;p=203"},"modified":"2025-04-13T04:03:44","modified_gmt":"2025-04-13T04:03:44","slug":"ovagen-levern","status":"publish","type":"product","link":"https:\/\/www.pepvital.se\/sv\/produkt\/ovagen-levern\/","title":{"rendered":"Ovagen &#8211; levern OBS 60 Kapslar"},"content":{"rendered":"<p>K\u00e4nner du till att f\u00f6rekomsten av peptider minskar med \u00e5ldern? Peptiderna finns i proteinsyntesen i v\u00e5ra celler och \u00e4r n\u00f6dv\u00e4ndiga f\u00f6r att kroppen ska fungera som tidigare. Ovagen \u00e4r ett kosttillskott med syntetisk leverpeptid.<\/p>\n<p>Levern reglerar v\u00e5r \u00e4mnesoms\u00e4ttning och bildar en stor m\u00e4ngd \u00e4mnen som \u00e4r viktiga f\u00f6r kroppen. F\u00f6rutom att lagra sockret som kroppen beh\u00f6ver tar den ocks\u00e5 hand om skadliga \u00e4mnen och ser till att oskadligg\u00f6ra dessa.<\/p>\n<p><b>Information:<\/b><br \/>\nProdukten \u00e4r ett kosttillskott utan biverkningar, och kan kombineras med andra kosttillskott och l\u00e4kemedel. Produkten har kontrollerats av svenska tullens laboratorium och f\u00f6rvaras utom r\u00e4ckh\u00e5ll f\u00f6r barn. Kosttillskott \u00e4r inte ett alternativ till varierad kost och ska anv\u00e4ndas f\u00f6rutom konventionella medicinska behandlingar.<\/p>\n<p>Patenterad och framtagen av Professor Vladimir Khavinson.<\/p>\n<p><b>Antal per f\u00f6rpackning:<\/b><br \/>\n60 kapslar.<\/p>\n<p><b>Inneh\u00e5ll:<\/b><br \/>\nIngredienser per kapsel (0,275 g): Mikrokristallint cellulosa 0,153 g, mj\u00f6lksocker (laktos) 0,045 g, gelatin 0,075 g (kapselskal), kalciumstearat (emulgeringsmedel) 0,002 g, peptidkomplex AC-3 0,001 g.<\/p>\n<p><b>Rekommenderad dos:<\/b><br \/>\nRekommendationer f\u00f6r anv\u00e4ndning f\u00f6r vuxna: 1 kapsel morgon och kv\u00e4ll under 10 dagar med f\u00f6rdel upp till 30 dagar. Upprepa var 4\u20136 m\u00e5nader.<\/p>\n<p>Rekommenderad dos b\u00f6r inte \u00f6verskridas.<\/p>\n","protected":false},"excerpt":{"rendered":"<p>Ovagen \u00e4r ett kosttillskott med syntetisk leverpeptid.<\/p>\n","protected":false},"featured_media":354,"comment_status":"open","ping_status":"closed","template":"","meta":{"_et_pb_use_builder":"","_et_pb_old_content":"","_et_gb_content_width":"","om_disable_all_campaigns":false,"_monsterinsights_skip_tracking":false,"_monsterinsights_sitenote_active":false,"_monsterinsights_sitenote_note":"","_monsterinsights_sitenote_category":0,"_uf_show_specific_survey":0,"_uf_disable_surveys":false},"product_brand":[],"product_cat":[19],"product_tag":[],"class_list":{"0":"post-203","1":"product","2":"type-product","3":"status-publish","4":"has-post-thumbnail","6":"product_cat-peptider","8":"first","9":"instock","10":"taxable","11":"shipping-taxable","12":"purchasable","13":"product-type-simple"},"yoast_head":"<!-- This site is optimized with the Yoast SEO plugin v27.5 - https:\/\/yoast.com\/product\/yoast-seo-wordpress\/ -->\n<title>Ovagen - levern OBS 60 Kapslar - Pepvital<\/title>\n<meta name=\"description\" content=\"Buy Ovagen - levern OBS 60 Kapslar online at Pepvital - supplements with natural and synthetic peptides.\" \/>\n<meta name=\"robots\" content=\"index, follow, max-snippet:-1, max-image-preview:large, max-video-preview:-1\" \/>\n<link rel=\"canonical\" href=\"https:\/\/www.pepvital.se\/sv\/produkt\/ovagen-levern\/\" \/>\n<meta property=\"og:locale\" content=\"sv_SE\" \/>\n<meta property=\"og:type\" content=\"article\" \/>\n<meta property=\"og:title\" content=\"Ovagen - levern OBS 60 Kapslar - Pepvital\" \/>\n<meta property=\"og:description\" content=\"Buy Ovagen - levern OBS 60 Kapslar online at Pepvital - supplements with natural and synthetic peptides.\" \/>\n<meta property=\"og:url\" content=\"https:\/\/www.pepvital.se\/sv\/produkt\/ovagen-levern\/\" \/>\n<meta property=\"og:site_name\" content=\"Pepvital\" \/>\n<meta property=\"article:publisher\" content=\"https:\/\/www.facebook.com\/pepvital\" \/>\n<meta property=\"article:modified_time\" content=\"2025-04-13T04:03:44+00:00\" \/>\n<meta property=\"og:image\" content=\"https:\/\/www.pepvital.se\/wp-content\/uploads\/2020\/10\/ovagen.jpg\" \/>\n\t<meta property=\"og:image:width\" content=\"400\" \/>\n\t<meta property=\"og:image:height\" content=\"400\" \/>\n\t<meta property=\"og:image:type\" content=\"image\/jpeg\" \/>\n<meta name=\"twitter:card\" content=\"summary_large_image\" \/>\n<meta name=\"twitter:label1\" content=\"Ber\u00e4knad l\u00e4stid\" \/>\n\t<meta name=\"twitter:data1\" content=\"1 minut\" \/>\n<script type=\"application\/ld+json\" class=\"yoast-schema-graph\">{\"@context\":\"https:\\\/\\\/schema.org\",\"@graph\":[{\"@type\":\"WebPage\",\"@id\":\"https:\\\/\\\/www.pepvital.se\\\/sv\\\/produkt\\\/ovagen-levern\\\/\",\"url\":\"https:\\\/\\\/www.pepvital.se\\\/sv\\\/produkt\\\/ovagen-levern\\\/\",\"name\":\"Ovagen - levern OBS 60 Kapslar - Pepvital\",\"isPartOf\":{\"@id\":\"https:\\\/\\\/www.pepvital.se\\\/sv\\\/#website\"},\"primaryImageOfPage\":{\"@id\":\"https:\\\/\\\/www.pepvital.se\\\/sv\\\/produkt\\\/ovagen-levern\\\/#primaryimage\"},\"image\":{\"@id\":\"https:\\\/\\\/www.pepvital.se\\\/sv\\\/produkt\\\/ovagen-levern\\\/#primaryimage\"},\"thumbnailUrl\":\"https:\\\/\\\/www.pepvital.se\\\/wp-content\\\/uploads\\\/2020\\\/10\\\/ovagen.jpg\",\"datePublished\":\"2020-10-23T08:15:03+00:00\",\"dateModified\":\"2025-04-13T04:03:44+00:00\",\"description\":\"Buy Ovagen - levern OBS 60 Kapslar online at Pepvital - supplements with natural and synthetic peptides.\",\"breadcrumb\":{\"@id\":\"https:\\\/\\\/www.pepvital.se\\\/sv\\\/produkt\\\/ovagen-levern\\\/#breadcrumb\"},\"inLanguage\":\"sv-SE\",\"potentialAction\":[{\"@type\":\"ReadAction\",\"target\":[\"https:\\\/\\\/www.pepvital.se\\\/sv\\\/produkt\\\/ovagen-levern\\\/\"]}]},{\"@type\":\"ImageObject\",\"inLanguage\":\"sv-SE\",\"@id\":\"https:\\\/\\\/www.pepvital.se\\\/sv\\\/produkt\\\/ovagen-levern\\\/#primaryimage\",\"url\":\"https:\\\/\\\/www.pepvital.se\\\/wp-content\\\/uploads\\\/2020\\\/10\\\/ovagen.jpg\",\"contentUrl\":\"https:\\\/\\\/www.pepvital.se\\\/wp-content\\\/uploads\\\/2020\\\/10\\\/ovagen.jpg\",\"width\":400,\"height\":400},{\"@type\":\"BreadcrumbList\",\"@id\":\"https:\\\/\\\/www.pepvital.se\\\/sv\\\/produkt\\\/ovagen-levern\\\/#breadcrumb\",\"itemListElement\":[{\"@type\":\"ListItem\",\"position\":1,\"name\":\"Hem\",\"item\":\"https:\\\/\\\/www.pepvital.se\\\/sv\\\/\"},{\"@type\":\"ListItem\",\"position\":2,\"name\":\"Handla\",\"item\":\"https:\\\/\\\/www.pepvital.se\\\/sv\\\/butik\\\/\"},{\"@type\":\"ListItem\",\"position\":3,\"name\":\"Ovagen &#8211; levern OBS 60 Kapslar\"}]},{\"@type\":\"WebSite\",\"@id\":\"https:\\\/\\\/www.pepvital.se\\\/sv\\\/#website\",\"url\":\"https:\\\/\\\/www.pepvital.se\\\/sv\\\/\",\"name\":\"Pepvital\",\"description\":\"\u00c5terf\u00e5 &amp; bibeh\u00e5ll livskvalit\u00e9n\",\"publisher\":{\"@id\":\"https:\\\/\\\/www.pepvital.se\\\/sv\\\/#organization\"},\"potentialAction\":[{\"@type\":\"SearchAction\",\"target\":{\"@type\":\"EntryPoint\",\"urlTemplate\":\"https:\\\/\\\/www.pepvital.se\\\/sv\\\/?s={search_term_string}\"},\"query-input\":{\"@type\":\"PropertyValueSpecification\",\"valueRequired\":true,\"valueName\":\"search_term_string\"}}],\"inLanguage\":\"sv-SE\"},{\"@type\":\"Organization\",\"@id\":\"https:\\\/\\\/www.pepvital.se\\\/sv\\\/#organization\",\"name\":\"Pepvital\",\"url\":\"https:\\\/\\\/www.pepvital.se\\\/sv\\\/\",\"logo\":{\"@type\":\"ImageObject\",\"inLanguage\":\"sv-SE\",\"@id\":\"https:\\\/\\\/www.pepvital.se\\\/sv\\\/#\\\/schema\\\/logo\\\/image\\\/\",\"url\":\"https:\\\/\\\/www.pepvital.se\\\/wp-content\\\/uploads\\\/2021\\\/05\\\/ogimage.jpg\",\"contentUrl\":\"https:\\\/\\\/www.pepvital.se\\\/wp-content\\\/uploads\\\/2021\\\/05\\\/ogimage.jpg\",\"width\":1200,\"height\":627,\"caption\":\"Pepvital\"},\"image\":{\"@id\":\"https:\\\/\\\/www.pepvital.se\\\/sv\\\/#\\\/schema\\\/logo\\\/image\\\/\"},\"sameAs\":[\"https:\\\/\\\/www.facebook.com\\\/pepvital\",\"https:\\\/\\\/www.instagram.com\\\/pepvital.se\\\/\"]}]}<\/script>\n<!-- \/ Yoast SEO plugin. -->","yoast_head_json":{"title":"Ovagen - levern OBS 60 Kapslar - Pepvital","description":"Buy Ovagen - levern OBS 60 Kapslar online at Pepvital - supplements with natural and synthetic peptides.","robots":{"index":"index","follow":"follow","max-snippet":"max-snippet:-1","max-image-preview":"max-image-preview:large","max-video-preview":"max-video-preview:-1"},"canonical":"https:\/\/www.pepvital.se\/sv\/produkt\/ovagen-levern\/","og_locale":"sv_SE","og_type":"article","og_title":"Ovagen - levern OBS 60 Kapslar - Pepvital","og_description":"Buy Ovagen - levern OBS 60 Kapslar online at Pepvital - supplements with natural and synthetic peptides.","og_url":"https:\/\/www.pepvital.se\/sv\/produkt\/ovagen-levern\/","og_site_name":"Pepvital","article_publisher":"https:\/\/www.facebook.com\/pepvital","article_modified_time":"2025-04-13T04:03:44+00:00","og_image":[{"width":400,"height":400,"url":"https:\/\/www.pepvital.se\/wp-content\/uploads\/2020\/10\/ovagen.jpg","type":"image\/jpeg"}],"twitter_card":"summary_large_image","twitter_misc":{"Ber\u00e4knad l\u00e4stid":"1 minut"},"schema":{"@context":"https:\/\/schema.org","@graph":[{"@type":"WebPage","@id":"https:\/\/www.pepvital.se\/sv\/produkt\/ovagen-levern\/","url":"https:\/\/www.pepvital.se\/sv\/produkt\/ovagen-levern\/","name":"Ovagen - levern OBS 60 Kapslar - Pepvital","isPartOf":{"@id":"https:\/\/www.pepvital.se\/sv\/#website"},"primaryImageOfPage":{"@id":"https:\/\/www.pepvital.se\/sv\/produkt\/ovagen-levern\/#primaryimage"},"image":{"@id":"https:\/\/www.pepvital.se\/sv\/produkt\/ovagen-levern\/#primaryimage"},"thumbnailUrl":"https:\/\/www.pepvital.se\/wp-content\/uploads\/2020\/10\/ovagen.jpg","datePublished":"2020-10-23T08:15:03+00:00","dateModified":"2025-04-13T04:03:44+00:00","description":"Buy Ovagen - levern OBS 60 Kapslar online at Pepvital - supplements with natural and synthetic peptides.","breadcrumb":{"@id":"https:\/\/www.pepvital.se\/sv\/produkt\/ovagen-levern\/#breadcrumb"},"inLanguage":"sv-SE","potentialAction":[{"@type":"ReadAction","target":["https:\/\/www.pepvital.se\/sv\/produkt\/ovagen-levern\/"]}]},{"@type":"ImageObject","inLanguage":"sv-SE","@id":"https:\/\/www.pepvital.se\/sv\/produkt\/ovagen-levern\/#primaryimage","url":"https:\/\/www.pepvital.se\/wp-content\/uploads\/2020\/10\/ovagen.jpg","contentUrl":"https:\/\/www.pepvital.se\/wp-content\/uploads\/2020\/10\/ovagen.jpg","width":400,"height":400},{"@type":"BreadcrumbList","@id":"https:\/\/www.pepvital.se\/sv\/produkt\/ovagen-levern\/#breadcrumb","itemListElement":[{"@type":"ListItem","position":1,"name":"Hem","item":"https:\/\/www.pepvital.se\/sv\/"},{"@type":"ListItem","position":2,"name":"Handla","item":"https:\/\/www.pepvital.se\/sv\/butik\/"},{"@type":"ListItem","position":3,"name":"Ovagen &#8211; levern OBS 60 Kapslar"}]},{"@type":"WebSite","@id":"https:\/\/www.pepvital.se\/sv\/#website","url":"https:\/\/www.pepvital.se\/sv\/","name":"Pepvital","description":"\u00c5terf\u00e5 &amp; bibeh\u00e5ll livskvalit\u00e9n","publisher":{"@id":"https:\/\/www.pepvital.se\/sv\/#organization"},"potentialAction":[{"@type":"SearchAction","target":{"@type":"EntryPoint","urlTemplate":"https:\/\/www.pepvital.se\/sv\/?s={search_term_string}"},"query-input":{"@type":"PropertyValueSpecification","valueRequired":true,"valueName":"search_term_string"}}],"inLanguage":"sv-SE"},{"@type":"Organization","@id":"https:\/\/www.pepvital.se\/sv\/#organization","name":"Pepvital","url":"https:\/\/www.pepvital.se\/sv\/","logo":{"@type":"ImageObject","inLanguage":"sv-SE","@id":"https:\/\/www.pepvital.se\/sv\/#\/schema\/logo\/image\/","url":"https:\/\/www.pepvital.se\/wp-content\/uploads\/2021\/05\/ogimage.jpg","contentUrl":"https:\/\/www.pepvital.se\/wp-content\/uploads\/2021\/05\/ogimage.jpg","width":1200,"height":627,"caption":"Pepvital"},"image":{"@id":"https:\/\/www.pepvital.se\/sv\/#\/schema\/logo\/image\/"},"sameAs":["https:\/\/www.facebook.com\/pepvital","https:\/\/www.instagram.com\/pepvital.se\/"]}]}},"_links":{"self":[{"href":"https:\/\/www.pepvital.se\/sv\/wp-json\/wp\/v2\/product\/203","targetHints":{"allow":["GET"]}}],"collection":[{"href":"https:\/\/www.pepvital.se\/sv\/wp-json\/wp\/v2\/product"}],"about":[{"href":"https:\/\/www.pepvital.se\/sv\/wp-json\/wp\/v2\/types\/product"}],"replies":[{"embeddable":true,"href":"https:\/\/www.pepvital.se\/sv\/wp-json\/wp\/v2\/comments?post=203"}],"wp:featuredmedia":[{"embeddable":true,"href":"https:\/\/www.pepvital.se\/sv\/wp-json\/wp\/v2\/media\/354"}],"wp:attachment":[{"href":"https:\/\/www.pepvital.se\/sv\/wp-json\/wp\/v2\/media?parent=203"}],"wp:term":[{"taxonomy":"product_brand","embeddable":true,"href":"https:\/\/www.pepvital.se\/sv\/wp-json\/wp\/v2\/product_brand?post=203"},{"taxonomy":"product_cat","embeddable":true,"href":"https:\/\/www.pepvital.se\/sv\/wp-json\/wp\/v2\/product_cat?post=203"},{"taxonomy":"product_tag","embeddable":true,"href":"https:\/\/www.pepvital.se\/sv\/wp-json\/wp\/v2\/product_tag?post=203"}],"curies":[{"name":"wp","href":"https:\/\/api.w.org\/{rel}","templated":true}]}}