{"id":196,"date":"2020-10-09T13:28:26","date_gmt":"2020-10-09T13:28:26","guid":{"rendered":"https:\/\/www.pepvital.se\/?post_type=product&#038;p=196"},"modified":"2025-01-10T11:01:37","modified_gmt":"2025-01-10T11:01:37","slug":"glandokort-binjurekorteln","status":"publish","type":"product","link":"https:\/\/www.pepvital.se\/sv\/produkt\/glandokort-binjurekorteln\/","title":{"rendered":"Glandokort &#8211; binjurek\u00f6rteln OBS 60 Kapslar"},"content":{"rendered":"<p>Glandokort \u00e4r ett kosttillskott med naturliga binjurepeptider. Peptider finns naturligt i kroppen och har till uppgift att hj\u00e4lpa cellerna att sk\u00f6ta kroppens viktiga funktioner. Peptiderna minskar i och med v\u00e5ra kroppar \u00e5ldras. Dina binjurar har tv\u00e5 prim\u00e4ra funktioner: De s\u00e4tter ig\u00e5ng din kropp fr\u00e5n s\u00f6mn till aktivitet p\u00e5 morgonen och de hanterar all den stress som dina vardagliga aktiviteter ge upphov till. Binjurarna producerar hormoner som \u00e4r ansvariga f\u00f6r stressreaktionen kortisol, adrenalin och noradrenalin.<\/p>\n<p><b>Information:<\/b> Produkten \u00e4r ett kosttillskott utan biverkningar, och kan kombineras med andra kosttillskott och l\u00e4kemedel. Produkten har kontrollerats av svenska tullens laboratorium och f\u00f6rvaras utom r\u00e4ckh\u00e5ll f\u00f6r barn. Kosttillskott \u00e4r inte ett alternativ till varierad kost och ska anv\u00e4ndas f\u00f6rutom konventionella medicinska behandlingar. Patenterad och framtagen av Professor Vladimir Khavinson.<\/p>\n<p><b>Antal per f\u00f6rpackning:<\/b><br \/>\n60 kapslar.<\/p>\n<p><b>Inneh\u00e5ll:<\/b><br \/>\nIngredienser per kapsel (0,275 g): Mikrokristallint cellulosa 0,143 g, mj\u00f6lksocker (laktos) 0,045 g, gelatin 0,075 g (kapselskal), peptidkomplex A-17 0,010 g, kalciumstearat (emulgeringsmedel) 0,002 g<\/p>\n<p><b>Rekommenderad dos:<\/b><br \/>\nRekommendationer f\u00f6r anv\u00e4ndning f\u00f6r vuxna: 1 kapsel morgon och kv\u00e4ll under 10 dagar upp till 30 dagar. Upprepa var 3\u20136 m\u00e5nader. Rekommenderad dos b\u00f6r inte \u00f6verskridas.<\/p>\n","protected":false},"excerpt":{"rendered":"<p>Glandokort \u00e4r ett kosttillskott med naturliga binjurepeptider.<\/p>\n","protected":false},"featured_media":358,"comment_status":"open","ping_status":"closed","template":"","meta":{"_et_pb_use_builder":"off","_et_pb_old_content":"Glandokort \u00e4r ett kosttillskott med naturliga binjurepeptider. Peptider finns naturligt i kroppen och har till uppgift att hj\u00e4lpa cellerna att sk\u00f6ta kroppens viktiga funktioner. Peptiderna minskar i och med v\u00e5ra kroppar \u00e5ldras.\r\n\r\nDina binjurar har tv\u00e5 prim\u00e4ra funktioner: De s\u00e4tter ig\u00e5ng din kropp fr\u00e5n s\u00f6mn till aktivitet p\u00e5 morgonen och de hanterar all den stress som dina vardagliga aktiviteter ge upphov till. Binjurarna producerar hormoner som \u00e4r ansvariga f\u00f6r stressreaktionen kortisol, adrenalin och noradrenalin.\r\n\r\n<b>Information:<\/b>\r\nProdukten \u00e4r ett kosttillskott utan biverkningar, och kan kombineras med andra kosttillskott och l\u00e4kemedel. Produkten har kontrollerats av svenska tullens laboratorium och f\u00f6rvaras utom r\u00e4ckh\u00e5ll f\u00f6r barn. Kosttillskott \u00e4r inte ett alternativ till varierad kost och ska anv\u00e4ndas f\u00f6rutom konventionella medicinska behandlingar.\r\n\r\nPatenterad och framtagen av Professor Vladimir Khavinson.\r\n\r\n<b>Antal per f\u00f6rpackning:<\/b>\r\n20 kapslar.\r\n\r\n<b>Inneh\u00e5ll:<\/b>\r\nIngredienser per kapsel (0,275 g): Mikrokristallint cellulosa 0,100 g, mj\u00f6lksocker (laktos) 0,088 g, gelatin 0,075 g (kapselskal), peptidkomplex A-17 0,010 g, kalciumstearat (emulgeringsmedel) 0,002 g och titandioxid (E171, f\u00e4rg\u00e4mne).\r\n\r\n<b>Rekommenderad dos:<\/b>\r\nRekommendationer f\u00f6r anv\u00e4ndning f\u00f6r vuxna: 1 kapsel morgon och kv\u00e4ll under 10 dagar upp till 30 dagar. Upprepa var 3\u20136 m\u00e5nader.\r\n\r\nRekommenderad dos b\u00f6r inte \u00f6verskridas.","_et_gb_content_width":"","om_disable_all_campaigns":false,"_monsterinsights_skip_tracking":false,"_monsterinsights_sitenote_active":false,"_monsterinsights_sitenote_note":"","_monsterinsights_sitenote_category":0,"_uf_show_specific_survey":0,"_uf_disable_surveys":false},"product_brand":[],"product_cat":[19],"product_tag":[],"class_list":{"0":"post-196","1":"product","2":"type-product","3":"status-publish","4":"has-post-thumbnail","6":"product_cat-peptider","8":"first","9":"instock","10":"taxable","11":"shipping-taxable","12":"purchasable","13":"product-type-simple"},"yoast_head":"<!-- This site is optimized with the Yoast SEO plugin v27.5 - https:\/\/yoast.com\/product\/yoast-seo-wordpress\/ -->\n<title>Glandokort - binjurek\u00f6rteln OBS 60 Kapslar - Pepvital<\/title>\n<meta name=\"description\" content=\"Buy Glandokort - binjurek\u00f6rteln OBS 60 Kapslar online at Pepvital - supplements with natural and synthetic peptides.\" \/>\n<meta name=\"robots\" content=\"index, follow, max-snippet:-1, max-image-preview:large, max-video-preview:-1\" \/>\n<link rel=\"canonical\" href=\"https:\/\/www.pepvital.se\/sv\/produkt\/glandokort-binjurekorteln\/\" \/>\n<meta property=\"og:locale\" content=\"sv_SE\" \/>\n<meta property=\"og:type\" content=\"article\" \/>\n<meta property=\"og:title\" content=\"Glandokort - binjurek\u00f6rteln OBS 60 Kapslar - Pepvital\" \/>\n<meta property=\"og:description\" content=\"Buy Glandokort - binjurek\u00f6rteln OBS 60 Kapslar online at Pepvital - supplements with natural and synthetic peptides.\" \/>\n<meta property=\"og:url\" content=\"https:\/\/www.pepvital.se\/sv\/produkt\/glandokort-binjurekorteln\/\" \/>\n<meta property=\"og:site_name\" content=\"Pepvital\" \/>\n<meta property=\"article:publisher\" content=\"https:\/\/www.facebook.com\/pepvital\" \/>\n<meta property=\"article:modified_time\" content=\"2025-01-10T11:01:37+00:00\" \/>\n<meta property=\"og:image\" content=\"https:\/\/www.pepvital.se\/wp-content\/uploads\/2020\/10\/glandokort.jpg\" \/>\n\t<meta property=\"og:image:width\" content=\"800\" \/>\n\t<meta property=\"og:image:height\" content=\"800\" \/>\n\t<meta property=\"og:image:type\" content=\"image\/jpeg\" \/>\n<meta name=\"twitter:card\" content=\"summary_large_image\" \/>\n<meta name=\"twitter:label1\" content=\"Ber\u00e4knad l\u00e4stid\" \/>\n\t<meta name=\"twitter:data1\" content=\"1 minut\" \/>\n<script type=\"application\/ld+json\" class=\"yoast-schema-graph\">{\"@context\":\"https:\\\/\\\/schema.org\",\"@graph\":[{\"@type\":\"WebPage\",\"@id\":\"https:\\\/\\\/www.pepvital.se\\\/sv\\\/produkt\\\/glandokort-binjurekorteln\\\/\",\"url\":\"https:\\\/\\\/www.pepvital.se\\\/sv\\\/produkt\\\/glandokort-binjurekorteln\\\/\",\"name\":\"Glandokort - binjurek\u00f6rteln OBS 60 Kapslar - Pepvital\",\"isPartOf\":{\"@id\":\"https:\\\/\\\/www.pepvital.se\\\/sv\\\/#website\"},\"primaryImageOfPage\":{\"@id\":\"https:\\\/\\\/www.pepvital.se\\\/sv\\\/produkt\\\/glandokort-binjurekorteln\\\/#primaryimage\"},\"image\":{\"@id\":\"https:\\\/\\\/www.pepvital.se\\\/sv\\\/produkt\\\/glandokort-binjurekorteln\\\/#primaryimage\"},\"thumbnailUrl\":\"https:\\\/\\\/www.pepvital.se\\\/wp-content\\\/uploads\\\/2020\\\/10\\\/glandokort.jpg\",\"datePublished\":\"2020-10-09T13:28:26+00:00\",\"dateModified\":\"2025-01-10T11:01:37+00:00\",\"description\":\"Buy Glandokort - binjurek\u00f6rteln OBS 60 Kapslar online at Pepvital - supplements with natural and synthetic peptides.\",\"breadcrumb\":{\"@id\":\"https:\\\/\\\/www.pepvital.se\\\/sv\\\/produkt\\\/glandokort-binjurekorteln\\\/#breadcrumb\"},\"inLanguage\":\"sv-SE\",\"potentialAction\":[{\"@type\":\"ReadAction\",\"target\":[\"https:\\\/\\\/www.pepvital.se\\\/sv\\\/produkt\\\/glandokort-binjurekorteln\\\/\"]}]},{\"@type\":\"ImageObject\",\"inLanguage\":\"sv-SE\",\"@id\":\"https:\\\/\\\/www.pepvital.se\\\/sv\\\/produkt\\\/glandokort-binjurekorteln\\\/#primaryimage\",\"url\":\"https:\\\/\\\/www.pepvital.se\\\/wp-content\\\/uploads\\\/2020\\\/10\\\/glandokort.jpg\",\"contentUrl\":\"https:\\\/\\\/www.pepvital.se\\\/wp-content\\\/uploads\\\/2020\\\/10\\\/glandokort.jpg\",\"width\":800,\"height\":800},{\"@type\":\"BreadcrumbList\",\"@id\":\"https:\\\/\\\/www.pepvital.se\\\/sv\\\/produkt\\\/glandokort-binjurekorteln\\\/#breadcrumb\",\"itemListElement\":[{\"@type\":\"ListItem\",\"position\":1,\"name\":\"Hem\",\"item\":\"https:\\\/\\\/www.pepvital.se\\\/sv\\\/\"},{\"@type\":\"ListItem\",\"position\":2,\"name\":\"Handla\",\"item\":\"https:\\\/\\\/www.pepvital.se\\\/sv\\\/butik\\\/\"},{\"@type\":\"ListItem\",\"position\":3,\"name\":\"Glandokort &#8211; binjurek\u00f6rteln OBS 60 Kapslar\"}]},{\"@type\":\"WebSite\",\"@id\":\"https:\\\/\\\/www.pepvital.se\\\/sv\\\/#website\",\"url\":\"https:\\\/\\\/www.pepvital.se\\\/sv\\\/\",\"name\":\"Pepvital\",\"description\":\"\u00c5terf\u00e5 &amp; bibeh\u00e5ll livskvalit\u00e9n\",\"publisher\":{\"@id\":\"https:\\\/\\\/www.pepvital.se\\\/sv\\\/#organization\"},\"potentialAction\":[{\"@type\":\"SearchAction\",\"target\":{\"@type\":\"EntryPoint\",\"urlTemplate\":\"https:\\\/\\\/www.pepvital.se\\\/sv\\\/?s={search_term_string}\"},\"query-input\":{\"@type\":\"PropertyValueSpecification\",\"valueRequired\":true,\"valueName\":\"search_term_string\"}}],\"inLanguage\":\"sv-SE\"},{\"@type\":\"Organization\",\"@id\":\"https:\\\/\\\/www.pepvital.se\\\/sv\\\/#organization\",\"name\":\"Pepvital\",\"url\":\"https:\\\/\\\/www.pepvital.se\\\/sv\\\/\",\"logo\":{\"@type\":\"ImageObject\",\"inLanguage\":\"sv-SE\",\"@id\":\"https:\\\/\\\/www.pepvital.se\\\/sv\\\/#\\\/schema\\\/logo\\\/image\\\/\",\"url\":\"https:\\\/\\\/www.pepvital.se\\\/wp-content\\\/uploads\\\/2021\\\/05\\\/ogimage.jpg\",\"contentUrl\":\"https:\\\/\\\/www.pepvital.se\\\/wp-content\\\/uploads\\\/2021\\\/05\\\/ogimage.jpg\",\"width\":1200,\"height\":627,\"caption\":\"Pepvital\"},\"image\":{\"@id\":\"https:\\\/\\\/www.pepvital.se\\\/sv\\\/#\\\/schema\\\/logo\\\/image\\\/\"},\"sameAs\":[\"https:\\\/\\\/www.facebook.com\\\/pepvital\",\"https:\\\/\\\/www.instagram.com\\\/pepvital.se\\\/\"]}]}<\/script>\n<!-- \/ Yoast SEO plugin. -->","yoast_head_json":{"title":"Glandokort - binjurek\u00f6rteln OBS 60 Kapslar - Pepvital","description":"Buy Glandokort - binjurek\u00f6rteln OBS 60 Kapslar online at Pepvital - supplements with natural and synthetic peptides.","robots":{"index":"index","follow":"follow","max-snippet":"max-snippet:-1","max-image-preview":"max-image-preview:large","max-video-preview":"max-video-preview:-1"},"canonical":"https:\/\/www.pepvital.se\/sv\/produkt\/glandokort-binjurekorteln\/","og_locale":"sv_SE","og_type":"article","og_title":"Glandokort - binjurek\u00f6rteln OBS 60 Kapslar - Pepvital","og_description":"Buy Glandokort - binjurek\u00f6rteln OBS 60 Kapslar online at Pepvital - supplements with natural and synthetic peptides.","og_url":"https:\/\/www.pepvital.se\/sv\/produkt\/glandokort-binjurekorteln\/","og_site_name":"Pepvital","article_publisher":"https:\/\/www.facebook.com\/pepvital","article_modified_time":"2025-01-10T11:01:37+00:00","og_image":[{"width":800,"height":800,"url":"https:\/\/www.pepvital.se\/wp-content\/uploads\/2020\/10\/glandokort.jpg","type":"image\/jpeg"}],"twitter_card":"summary_large_image","twitter_misc":{"Ber\u00e4knad l\u00e4stid":"1 minut"},"schema":{"@context":"https:\/\/schema.org","@graph":[{"@type":"WebPage","@id":"https:\/\/www.pepvital.se\/sv\/produkt\/glandokort-binjurekorteln\/","url":"https:\/\/www.pepvital.se\/sv\/produkt\/glandokort-binjurekorteln\/","name":"Glandokort - binjurek\u00f6rteln OBS 60 Kapslar - Pepvital","isPartOf":{"@id":"https:\/\/www.pepvital.se\/sv\/#website"},"primaryImageOfPage":{"@id":"https:\/\/www.pepvital.se\/sv\/produkt\/glandokort-binjurekorteln\/#primaryimage"},"image":{"@id":"https:\/\/www.pepvital.se\/sv\/produkt\/glandokort-binjurekorteln\/#primaryimage"},"thumbnailUrl":"https:\/\/www.pepvital.se\/wp-content\/uploads\/2020\/10\/glandokort.jpg","datePublished":"2020-10-09T13:28:26+00:00","dateModified":"2025-01-10T11:01:37+00:00","description":"Buy Glandokort - binjurek\u00f6rteln OBS 60 Kapslar online at Pepvital - supplements with natural and synthetic peptides.","breadcrumb":{"@id":"https:\/\/www.pepvital.se\/sv\/produkt\/glandokort-binjurekorteln\/#breadcrumb"},"inLanguage":"sv-SE","potentialAction":[{"@type":"ReadAction","target":["https:\/\/www.pepvital.se\/sv\/produkt\/glandokort-binjurekorteln\/"]}]},{"@type":"ImageObject","inLanguage":"sv-SE","@id":"https:\/\/www.pepvital.se\/sv\/produkt\/glandokort-binjurekorteln\/#primaryimage","url":"https:\/\/www.pepvital.se\/wp-content\/uploads\/2020\/10\/glandokort.jpg","contentUrl":"https:\/\/www.pepvital.se\/wp-content\/uploads\/2020\/10\/glandokort.jpg","width":800,"height":800},{"@type":"BreadcrumbList","@id":"https:\/\/www.pepvital.se\/sv\/produkt\/glandokort-binjurekorteln\/#breadcrumb","itemListElement":[{"@type":"ListItem","position":1,"name":"Hem","item":"https:\/\/www.pepvital.se\/sv\/"},{"@type":"ListItem","position":2,"name":"Handla","item":"https:\/\/www.pepvital.se\/sv\/butik\/"},{"@type":"ListItem","position":3,"name":"Glandokort &#8211; binjurek\u00f6rteln OBS 60 Kapslar"}]},{"@type":"WebSite","@id":"https:\/\/www.pepvital.se\/sv\/#website","url":"https:\/\/www.pepvital.se\/sv\/","name":"Pepvital","description":"\u00c5terf\u00e5 &amp; bibeh\u00e5ll livskvalit\u00e9n","publisher":{"@id":"https:\/\/www.pepvital.se\/sv\/#organization"},"potentialAction":[{"@type":"SearchAction","target":{"@type":"EntryPoint","urlTemplate":"https:\/\/www.pepvital.se\/sv\/?s={search_term_string}"},"query-input":{"@type":"PropertyValueSpecification","valueRequired":true,"valueName":"search_term_string"}}],"inLanguage":"sv-SE"},{"@type":"Organization","@id":"https:\/\/www.pepvital.se\/sv\/#organization","name":"Pepvital","url":"https:\/\/www.pepvital.se\/sv\/","logo":{"@type":"ImageObject","inLanguage":"sv-SE","@id":"https:\/\/www.pepvital.se\/sv\/#\/schema\/logo\/image\/","url":"https:\/\/www.pepvital.se\/wp-content\/uploads\/2021\/05\/ogimage.jpg","contentUrl":"https:\/\/www.pepvital.se\/wp-content\/uploads\/2021\/05\/ogimage.jpg","width":1200,"height":627,"caption":"Pepvital"},"image":{"@id":"https:\/\/www.pepvital.se\/sv\/#\/schema\/logo\/image\/"},"sameAs":["https:\/\/www.facebook.com\/pepvital","https:\/\/www.instagram.com\/pepvital.se\/"]}]}},"_links":{"self":[{"href":"https:\/\/www.pepvital.se\/sv\/wp-json\/wp\/v2\/product\/196","targetHints":{"allow":["GET"]}}],"collection":[{"href":"https:\/\/www.pepvital.se\/sv\/wp-json\/wp\/v2\/product"}],"about":[{"href":"https:\/\/www.pepvital.se\/sv\/wp-json\/wp\/v2\/types\/product"}],"replies":[{"embeddable":true,"href":"https:\/\/www.pepvital.se\/sv\/wp-json\/wp\/v2\/comments?post=196"}],"wp:featuredmedia":[{"embeddable":true,"href":"https:\/\/www.pepvital.se\/sv\/wp-json\/wp\/v2\/media\/358"}],"wp:attachment":[{"href":"https:\/\/www.pepvital.se\/sv\/wp-json\/wp\/v2\/media?parent=196"}],"wp:term":[{"taxonomy":"product_brand","embeddable":true,"href":"https:\/\/www.pepvital.se\/sv\/wp-json\/wp\/v2\/product_brand?post=196"},{"taxonomy":"product_cat","embeddable":true,"href":"https:\/\/www.pepvital.se\/sv\/wp-json\/wp\/v2\/product_cat?post=196"},{"taxonomy":"product_tag","embeddable":true,"href":"https:\/\/www.pepvital.se\/sv\/wp-json\/wp\/v2\/product_tag?post=196"}],"curies":[{"name":"wp","href":"https:\/\/api.w.org\/{rel}","templated":true}]}}