{"id":103,"date":"2020-09-14T18:58:00","date_gmt":"2020-09-14T18:58:00","guid":{"rendered":"https:\/\/www.pepvital.se\/?page_id=103"},"modified":"2020-11-17T07:36:14","modified_gmt":"2020-11-17T07:36:14","slug":"forskning","status":"publish","type":"page","link":"https:\/\/www.pepvital.se\/sv\/forskning\/","title":{"rendered":"Forskning"},"content":{"rendered":"<p>[et_pb_section fb_built=&#8221;1&#8243; custom_padding_last_edited=&#8221;on|tablet&#8221; next_background_color=&#8221;#ffffff&#8221; admin_label=&#8221;Hero&#8221; _builder_version=&#8221;4.6.1&#8243; use_background_color_gradient=&#8221;on&#8221; background_color_gradient_start=&#8221;rgba(255,255,255,0)&#8221; background_color_gradient_end=&#8221;#0b7aa2&#8243; background_color_gradient_type=&#8221;radial&#8221; background_color_gradient_direction_radial=&#8221;top right&#8221; background_color_gradient_start_position=&#8221;20%&#8221; background_color_gradient_overlays_image=&#8221;on&#8221; background_image=&#8221;https:\/\/www.pepvital.se\/wp-content\/uploads\/2020\/09\/img-12.jpg&#8221; background_position=&#8221;top_center&#8221; custom_padding=&#8221;||||false|false&#8221; custom_padding_tablet=&#8221;50px||50px||true&#8221; custom_padding_phone=&#8221;|||&#8221; bottom_divider_style=&#8221;asymmetric&#8221; bottom_divider_height=&#8221;50px&#8221; bottom_divider_flip=&#8221;horizontal&#8221; bottom_divider_height_tablet=&#8221;90px&#8221; bottom_divider_height_phone=&#8221;80px&#8221;][et_pb_row column_structure=&#8221;2_3,1_3&#8243; _builder_version=&#8221;4.6.1&#8243; custom_width_px=&#8221;1280px&#8221;][et_pb_column type=&#8221;2_3&#8243; _builder_version=&#8221;3.25&#8243; custom_padding=&#8221;|||&#8221; custom_padding__hover=&#8221;|||&#8221;][et_pb_text _builder_version=&#8221;4.6.1&#8243; text_font=&#8221;Montserrat||||||||&#8221; text_text_color=&#8221;#FFFFFF&#8221; text_font_size=&#8221;20px&#8221; text_line_height=&#8221;1.8em&#8221; header_font=&#8221;Montserrat|700|||||||&#8221; header_text_color=&#8221;#FFFFFF&#8221; header_font_size=&#8221;44px&#8221; header_line_height=&#8221;1.4em&#8221; header_6_font=&#8221;Montserrat|600||on|||||&#8221; header_6_text_color=&#8221;rgba(255,255,255,0.7)&#8221; header_6_font_size=&#8221;16px&#8221; header_6_letter_spacing=&#8221;2px&#8221; header_6_line_height=&#8221;1.5em&#8221; background_layout=&#8221;dark&#8221; max_width=&#8221;780px&#8221; text_font_size_tablet=&#8221;&#8221; text_font_size_phone=&#8221;15px&#8221; text_font_size_last_edited=&#8221;on|phone&#8221; header_font_size_tablet=&#8221;&#8221; header_font_size_phone=&#8221;28px&#8221; header_font_size_last_edited=&#8221;on|phone&#8221;]<\/p>\n<h6>Bepr\u00f6vat &amp; patenterat<\/h6>\n<h1>Publikationer och forskning<\/h1>\n<p><span>Professor Vladimir Khavinson har under n\u00e4rmare 40 \u00e5r forskat och patenterat peptid bioregulatorer. <\/span><\/p>\n<p><span>Han har 378 publikationer i US National Library of Medicine National Institutes of Health.<\/span><\/p>\n<p>[\/et_pb_text][\/et_pb_column][et_pb_column type=&#8221;1_3&#8243; _builder_version=&#8221;3.25&#8243; custom_padding=&#8221;|||&#8221; custom_padding__hover=&#8221;|||&#8221;][\/et_pb_column][\/et_pb_row][\/et_pb_section][et_pb_section fb_built=&#8221;1&#8243; admin_label=&#8221;About&#8221; _builder_version=&#8221;4.6.1&#8243; use_background_color_gradient=&#8221;on&#8221; background_color_gradient_start=&#8221;rgba(255,255,255,0)&#8221; background_color_gradient_end=&#8221;#ffffff&#8221; background_color_gradient_direction=&#8221;90deg&#8221; background_color_gradient_end_position=&#8221;50%&#8221; background_color_gradient_overlays_image=&#8221;on&#8221; background_image=&#8221;https:\/\/www.pepvital.se\/wp-content\/uploads\/2020\/09\/pharmacy-15-1.jpg&#8221; background_position=&#8221;center_left&#8221;][et_pb_row column_structure=&#8221;1_2,1_2&#8243; _builder_version=&#8221;3.25&#8243;][et_pb_column type=&#8221;1_2&#8243; _builder_version=&#8221;3.25&#8243; custom_padding=&#8221;|||&#8221; custom_padding__hover=&#8221;|||&#8221;][\/et_pb_column][et_pb_column type=&#8221;1_2&#8243; _builder_version=&#8221;3.25&#8243; custom_padding=&#8221;|||&#8221; custom_padding__hover=&#8221;|||&#8221;][et_pb_text _builder_version=&#8221;4.6.1&#8243; text_font=&#8221;Montserrat||||||||&#8221; text_font_size=&#8221;16px&#8221; text_line_height=&#8221;1.8em&#8221; link_font=&#8221;Montserrat|700|||||||&#8221; link_text_color=&#8221;#fa546d&#8221; link_font_size=&#8221;22px&#8221; link_line_height=&#8221;1.5em&#8221; header_font=&#8221;||||||||&#8221; header_2_font=&#8221;Montserrat|700|||||||&#8221; header_2_font_size=&#8221;40px&#8221; header_2_line_height=&#8221;1.4em&#8221; header_6_font=&#8221;Montserrat|600||on|||||&#8221; header_6_text_color=&#8221;#ffb342&#8243; header_6_font_size=&#8221;16px&#8221; header_6_letter_spacing=&#8221;2px&#8221; header_6_line_height=&#8221;1.5em&#8221; max_width_last_edited=&#8221;off|desktop&#8221; module_alignment=&#8221;left&#8221; custom_margin=&#8221;|||&#8221; custom_padding=&#8221;|||&#8221; header_2_font_size_tablet=&#8221;&#8221; header_2_font_size_phone=&#8221;24px&#8221; header_2_font_size_last_edited=&#8221;on|phone&#8221;]<\/p>\n<h2><span>Professor Khavinsson:<\/span><\/h2>\n<p><span>&#8221;Vi forskar inte p\u00e5 institutet l\u00e4ngre, det \u00e4r helt enkelt om\u00f6jligt. Detta \u00e4r ett komplext projekt och totalt \u00e5tta l\u00e4nder \u00e4r involverade: Tyskland, Italien, Frankrike, Schweiz, USA. <\/span><\/p>\n<p><span>V\u00e5ra medarbetare samarbetar med utl\u00e4ndska medarbetare som har sofistikerad teknik, nyare metoder. <\/span><\/p>\n<p><span>I Ryssland idag \u00e4r det tyv\u00e4rr om\u00f6jligt att k\u00f6pa all den utrustningen av ekonomiska sk\u00e4l. Dessutom \u00e4r det ocks\u00e5 viktigt att utbyta id\u00e9er, att anv\u00e4nda kunskap f\u00f6r gemensamma \u00e4ndam\u00e5l. <\/span><\/p>\n<p><span>Det \u00e4r detta omfattande samarbete som g\u00f6r det m\u00f6jligt f\u00f6r oss att forts\u00e4tta uppt\u00e4cka nya produkter.&#8221;<\/span><\/p>\n<p>[\/et_pb_text][et_pb_button button_url=&#8221;https:\/\/pubmed.ncbi.nlm.nih.gov\/?term=Khavinson+VKh%5BAuthor%5D&#8221; url_new_window=&#8221;on&#8221; button_text=&#8221;Till publikationerna&#8221; _builder_version=&#8221;4.6.1&#8243; custom_button=&#8221;on&#8221; button_text_size=&#8221;14px&#8221; button_bg_color=&#8221;#e09900&#8243; button_border_width=&#8221;12px&#8221; button_border_color=&#8221;rgba(0,0,0,0)&#8221; button_border_radius=&#8221;100px&#8221; button_font=&#8221;Montserrat|700|||||||&#8221; button_use_icon=&#8221;off&#8221; background_layout=&#8221;dark&#8221; box_shadow_style=&#8221;preset3&#8243; button_border_radius_hover=&#8221;100px&#8221; button_bg_color_hover=&#8221;#ff6b86&#8243; button_text_size__hover_enabled=&#8221;off&#8221; button_one_text_size__hover_enabled=&#8221;off&#8221; button_two_text_size__hover_enabled=&#8221;off&#8221; button_text_color__hover_enabled=&#8221;off&#8221; button_one_text_color__hover_enabled=&#8221;off&#8221; button_two_text_color__hover_enabled=&#8221;off&#8221; button_border_width__hover_enabled=&#8221;off&#8221; button_one_border_width__hover_enabled=&#8221;off&#8221; button_two_border_width__hover_enabled=&#8221;off&#8221; button_border_color__hover_enabled=&#8221;off&#8221; button_one_border_color__hover_enabled=&#8221;off&#8221; button_two_border_color__hover_enabled=&#8221;off&#8221; button_border_radius__hover_enabled=&#8221;on&#8221; button_border_radius__hover=&#8221;100px&#8221; button_one_border_radius__hover_enabled=&#8221;off&#8221; button_two_border_radius__hover_enabled=&#8221;off&#8221; button_letter_spacing__hover_enabled=&#8221;off&#8221; button_one_letter_spacing__hover_enabled=&#8221;off&#8221; button_two_letter_spacing__hover_enabled=&#8221;off&#8221; button_bg_color__hover_enabled=&#8221;on&#8221; button_bg_color__hover=&#8221;#ff6b86&#8243; button_one_bg_color__hover_enabled=&#8221;off&#8221; button_two_bg_color__hover_enabled=&#8221;off&#8221;][\/et_pb_button][\/et_pb_column][\/et_pb_row][\/et_pb_section][et_pb_section fb_built=&#8221;1&#8243; custom_padding_last_edited=&#8221;off|desktop&#8221; prev_background_color=&#8221;#ffffff&#8221; admin_label=&#8221;Footer&#8221; _builder_version=&#8221;4.6.1&#8243; use_background_color_gradient=&#8221;on&#8221; background_color_gradient_start=&#8221;rgba(27,148,191,0.58)&#8221; background_color_gradient_end=&#8221;rgba(0,0,0,0.05)&#8221; background_color_gradient_type=&#8221;radial&#8221; background_color_gradient_direction_radial=&#8221;top right&#8221; background_color_gradient_overlays_image=&#8221;on&#8221; background_image=&#8221;https:\/\/www.pepvital.se\/wp-content\/uploads\/2020\/09\/pharmacy-06.jpg&#8221; custom_padding=&#8221;||||true|false&#8221; top_divider_style=&#8221;asymmetric&#8221; top_divider_height=&#8221;50px&#8221; top_divider_flip=&#8221;vertical|horizontal&#8221;][et_pb_row column_structure=&#8221;1_4,1_4,1_2&#8243; _builder_version=&#8221;4.6.1&#8243;][et_pb_column type=&#8221;1_4&#8243; _builder_version=&#8221;3.25&#8243; custom_padding=&#8221;|||&#8221; custom_padding__hover=&#8221;|||&#8221;][et_pb_blurb title=&#8221;Telefon&#8221; use_icon=&#8221;on&#8221; font_icon=&#8221;%%264%%&#8221; icon_color=&#8221;#ffffff&#8221; use_circle=&#8221;on&#8221; circle_color=&#8221;#E09900&#8243; use_icon_font_size=&#8221;on&#8221; icon_font_size=&#8221;20px&#8221; _builder_version=&#8221;4.6.1&#8243; header_font=&#8221;Montserrat||||||||&#8221; header_font_size=&#8221;16px&#8221; header_line_height=&#8221;1.5em&#8221; body_font=&#8221;Montserrat||||||||&#8221; body_text_color=&#8221;#0C71C3&#8243; body_font_size=&#8221;16px&#8221; body_line_height=&#8221;1.5em&#8221; text_orientation=&#8221;center&#8221; background_layout=&#8221;dark&#8221; custom_margin=&#8221;|||&#8221; custom_padding=&#8221;|||&#8221; border_radii=&#8221;on|10px|10px|10px|10px&#8221; locked=&#8221;off&#8221;]<\/p>\n<p><span>+46 72 251 13 11<\/span><\/p>\n<p>[\/et_pb_blurb][et_pb_blurb title=&#8221;Adress&#8221; use_icon=&#8221;on&#8221; font_icon=&#8221;%%249%%&#8221; icon_color=&#8221;#ffffff&#8221; use_circle=&#8221;on&#8221; circle_color=&#8221;#E09900&#8243; use_icon_font_size=&#8221;on&#8221; icon_font_size=&#8221;20px&#8221; _builder_version=&#8221;4.6.1&#8243; header_font=&#8221;Montserrat||||||||&#8221; header_font_size=&#8221;16px&#8221; header_line_height=&#8221;1.5em&#8221; body_font=&#8221;Montserrat||||||||&#8221; body_text_color=&#8221;#0C71C3&#8243; body_font_size=&#8221;16px&#8221; body_line_height=&#8221;1.5em&#8221; text_orientation=&#8221;center&#8221; background_layout=&#8221;dark&#8221; custom_margin=&#8221;|||&#8221; custom_padding=&#8221;|||&#8221; border_radii=&#8221;on|10px|10px|10px|10px&#8221; locked=&#8221;off&#8221;]<\/p>\n<p><span>Hulttj\u00e4rnsv\u00e4gen 1<br \/> <\/span><span>438 35 Landvetter<\/span><\/p>\n<p>[\/et_pb_blurb][\/et_pb_column][et_pb_column type=&#8221;1_4&#8243; _builder_version=&#8221;4.6.1&#8243; _module_preset=&#8221;default&#8221;][et_pb_blurb title=&#8221;E-post&#8221; use_icon=&#8221;on&#8221; font_icon=&#8221;%%238%%&#8221; icon_color=&#8221;#ffffff&#8221; use_circle=&#8221;on&#8221; circle_color=&#8221;#E09900&#8243; use_icon_font_size=&#8221;on&#8221; icon_font_size=&#8221;20px&#8221; _builder_version=&#8221;4.6.1&#8243; header_font=&#8221;Montserrat||||||||&#8221; header_font_size=&#8221;16px&#8221; header_line_height=&#8221;1.5em&#8221; body_font=&#8221;Montserrat||||||||&#8221; body_text_color=&#8221;#0C71C3&#8243; body_font_size=&#8221;16px&#8221; body_line_height=&#8221;1.5em&#8221; text_orientation=&#8221;center&#8221; background_layout=&#8221;dark&#8221; custom_margin=&#8221;|||&#8221; custom_padding=&#8221;|||&#8221; border_radii=&#8221;on|10px|10px|10px|10px&#8221; locked=&#8221;off&#8221;]<\/p>\n<p>info@pepvital.se<\/p>\n<p>[\/et_pb_blurb][et_pb_blurb title=&#8221;Kundtj\u00e4nst&#8221; use_icon=&#8221;on&#8221; font_icon=&#8221;%%222%%&#8221; icon_color=&#8221;#ffffff&#8221; use_circle=&#8221;on&#8221; circle_color=&#8221;#E09900&#8243; use_icon_font_size=&#8221;on&#8221; icon_font_size=&#8221;20px&#8221; _builder_version=&#8221;4.6.1&#8243; header_font=&#8221;Montserrat||||||||&#8221; header_font_size=&#8221;16px&#8221; header_line_height=&#8221;1.5em&#8221; body_font=&#8221;Montserrat||||||||&#8221; body_text_color=&#8221;rgba(1,77,183,0.9)&#8221; body_font_size=&#8221;16px&#8221; body_line_height=&#8221;1.5em&#8221; text_orientation=&#8221;center&#8221; background_layout=&#8221;dark&#8221; custom_margin=&#8221;|||&#8221; custom_padding=&#8221;|||&#8221; border_radii=&#8221;on|10px|10px|10px|10px&#8221; locked=&#8221;off&#8221;]<\/p>\n<p><span>Support via mail och telefon vardagar 9-16<\/span><\/p>\n<p>[\/et_pb_blurb][\/et_pb_column][et_pb_column type=&#8221;1_2&#8243; _builder_version=&#8221;3.25&#8243; custom_padding=&#8221;|||&#8221; custom_padding__hover=&#8221;|||&#8221;][et_pb_signup mailchimp_list=&#8221;Terho Koskela|c1f21d95e8&#8243; first_name_field=&#8221;off&#8221; last_name_field=&#8221;off&#8221; title=&#8221;Registrera dig f\u00f6r nyheter och kampanjer&#8221; _builder_version=&#8221;4.6.1&#8243; form_field_background_color=&#8221;#ffffff&#8221; header_font=&#8221;Montserrat|700|||||||&#8221; header_font_size=&#8221;44px&#8221; header_line_height=&#8221;1.4em&#8221; body_font=&#8221;Montserrat||||||||&#8221; body_font_size=&#8221;16px&#8221; body_line_height=&#8221;1.8em&#8221; form_field_font=&#8221;Montserrat|600|||||||&#8221; form_field_text_align=&#8221;center&#8221; form_field_line_height=&#8221;2em&#8221; use_background_color=&#8221;off&#8221; custom_button=&#8221;on&#8221; button_text_size=&#8221;14px&#8221; button_text_color=&#8221;#ffffff&#8221; button_bg_color=&#8221;#E09900&#8243; button_border_width=&#8221;12px&#8221; button_border_color=&#8221;rgba(0,0,0,0)&#8221; button_border_radius=&#8221;100px&#8221; button_font=&#8221;Montserrat|700|||||||&#8221; button_use_icon=&#8221;off&#8221; text_orientation=&#8221;center&#8221; hover_enabled=&#8221;0&#8243; header_font_size_tablet=&#8221;&#8221; header_font_size_phone=&#8221;24px&#8221; header_font_size_last_edited=&#8221;on|desktop&#8221; border_radii_fields=&#8221;on|100px|100px|100px|100px&#8221; button_text_color_hover=&#8221;#ffffff&#8221; button_border_radius_hover=&#8221;100px&#8221; button_bg_color_hover=&#8221;rgba(1,77,183,0.8)&#8221; locked=&#8221;off&#8221; button_text_size__hover_enabled=&#8221;off&#8221; button_one_text_size__hover_enabled=&#8221;off&#8221; button_two_text_size__hover_enabled=&#8221;off&#8221; button_text_color__hover_enabled=&#8221;on&#8221; button_text_color__hover=&#8221;#ffffff&#8221; button_one_text_color__hover_enabled=&#8221;off&#8221; button_two_text_color__hover_enabled=&#8221;off&#8221; button_border_width__hover_enabled=&#8221;off&#8221; button_one_border_width__hover_enabled=&#8221;off&#8221; button_two_border_width__hover_enabled=&#8221;off&#8221; button_border_color__hover_enabled=&#8221;off&#8221; button_one_border_color__hover_enabled=&#8221;off&#8221; button_two_border_color__hover_enabled=&#8221;off&#8221; button_border_radius__hover_enabled=&#8221;on&#8221; button_border_radius__hover=&#8221;100px&#8221; button_one_border_radius__hover_enabled=&#8221;off&#8221; button_two_border_radius__hover_enabled=&#8221;off&#8221; button_letter_spacing__hover_enabled=&#8221;off&#8221; button_one_letter_spacing__hover_enabled=&#8221;off&#8221; button_two_letter_spacing__hover_enabled=&#8221;off&#8221; button_bg_color__hover_enabled=&#8221;on&#8221; button_bg_color__hover=&#8221;rgba(1,77,183,0.8)&#8221; button_one_bg_color__hover_enabled=&#8221;off&#8221; button_two_bg_color__hover_enabled=&#8221;off&#8221; button_text=&#8221;Registrera&#8221; success_message=&#8221;Tack!&#8221; sticky_enabled=&#8221;0&#8243;][\/et_pb_signup][\/et_pb_column][\/et_pb_row][\/et_pb_section]<\/p>\n","protected":false},"excerpt":{"rendered":"<p>Bepr\u00f6vat &amp; patenterat Publikationer och forskning Professor Vladimir Khavinson har under n\u00e4rmare 40 \u00e5r forskat och patenterat peptid bioregulatorer. Han har 378 publikationer i US National Library of Medicine National Institutes of Health.Professor Khavinsson: &#8221;Vi forskar inte p\u00e5 institutet l\u00e4ngre, det \u00e4r helt enkelt om\u00f6jligt. Detta \u00e4r ett komplext projekt och totalt \u00e5tta l\u00e4nder \u00e4r [&hellip;]<\/p>\n","protected":false},"author":1,"featured_media":0,"parent":0,"menu_order":0,"comment_status":"closed","ping_status":"closed","template":"","meta":{"_et_pb_use_builder":"on","_et_pb_old_content":"","_et_gb_content_width":"","om_disable_all_campaigns":false,"_monsterinsights_skip_tracking":false,"_monsterinsights_sitenote_active":false,"_monsterinsights_sitenote_note":"","_monsterinsights_sitenote_category":0,"_uf_show_specific_survey":0,"_uf_disable_surveys":false,"footnotes":""},"class_list":["post-103","page","type-page","status-publish","hentry"],"yoast_head":"<!-- This site is optimized with the Yoast SEO plugin v27.5 - https:\/\/yoast.com\/product\/yoast-seo-wordpress\/ -->\n<title>Forskning - Pepvital - Kosttillskott med peptider<\/title>\n<meta name=\"description\" content=\"L\u00e4s mer om forskningen som gjorts om v\u00e5ra peptider av professor Vladimir Khavinson. Khavinson har under n\u00e4rmare 40 \u00e5r bedrivit forskning och patenterat peptid bioregulatorer.\" \/>\n<meta name=\"robots\" content=\"index, follow, max-snippet:-1, max-image-preview:large, max-video-preview:-1\" \/>\n<link rel=\"canonical\" href=\"https:\/\/www.pepvital.se\/sv\/forskning\/\" \/>\n<meta property=\"og:locale\" content=\"sv_SE\" \/>\n<meta property=\"og:type\" content=\"article\" \/>\n<meta property=\"og:title\" content=\"Forskning - Pepvital - Kosttillskott med peptider\" \/>\n<meta property=\"og:description\" content=\"L\u00e4s mer om forskningen som gjorts om v\u00e5ra peptider av professor Vladimir Khavinson. Khavinson har under n\u00e4rmare 40 \u00e5r bedrivit forskning och patenterat peptid bioregulatorer.\" \/>\n<meta property=\"og:url\" content=\"https:\/\/www.pepvital.se\/sv\/forskning\/\" \/>\n<meta property=\"og:site_name\" content=\"Pepvital\" \/>\n<meta property=\"article:publisher\" content=\"https:\/\/www.facebook.com\/pepvital\" \/>\n<meta property=\"article:modified_time\" content=\"2020-11-17T07:36:14+00:00\" \/>\n<meta property=\"og:image\" content=\"https:\/\/www.pepvital.se\/wp-content\/uploads\/2021\/05\/ogimage.jpg\" \/>\n\t<meta property=\"og:image:width\" content=\"1200\" \/>\n\t<meta property=\"og:image:height\" content=\"627\" \/>\n\t<meta property=\"og:image:type\" content=\"image\/jpeg\" \/>\n<meta name=\"twitter:card\" content=\"summary_large_image\" \/>\n<meta name=\"twitter:label1\" content=\"Ber\u00e4knad l\u00e4stid\" \/>\n\t<meta name=\"twitter:data1\" content=\"8 minuter\" \/>\n<script type=\"application\/ld+json\" class=\"yoast-schema-graph\">{\"@context\":\"https:\\\/\\\/schema.org\",\"@graph\":[{\"@type\":\"WebPage\",\"@id\":\"https:\\\/\\\/www.pepvital.se\\\/sv\\\/forskning\\\/\",\"url\":\"https:\\\/\\\/www.pepvital.se\\\/sv\\\/forskning\\\/\",\"name\":\"Forskning - Pepvital - Kosttillskott med peptider\",\"isPartOf\":{\"@id\":\"https:\\\/\\\/www.pepvital.se\\\/sv\\\/#website\"},\"datePublished\":\"2020-09-14T18:58:00+00:00\",\"dateModified\":\"2020-11-17T07:36:14+00:00\",\"description\":\"L\u00e4s mer om forskningen som gjorts om v\u00e5ra peptider av professor Vladimir Khavinson. Khavinson har under n\u00e4rmare 40 \u00e5r bedrivit forskning och patenterat peptid bioregulatorer.\",\"breadcrumb\":{\"@id\":\"https:\\\/\\\/www.pepvital.se\\\/sv\\\/forskning\\\/#breadcrumb\"},\"inLanguage\":\"sv-SE\",\"potentialAction\":[{\"@type\":\"ReadAction\",\"target\":[\"https:\\\/\\\/www.pepvital.se\\\/sv\\\/forskning\\\/\"]}]},{\"@type\":\"BreadcrumbList\",\"@id\":\"https:\\\/\\\/www.pepvital.se\\\/sv\\\/forskning\\\/#breadcrumb\",\"itemListElement\":[{\"@type\":\"ListItem\",\"position\":1,\"name\":\"Hem\",\"item\":\"https:\\\/\\\/www.pepvital.se\\\/sv\\\/\"},{\"@type\":\"ListItem\",\"position\":2,\"name\":\"Forskning\"}]},{\"@type\":\"WebSite\",\"@id\":\"https:\\\/\\\/www.pepvital.se\\\/sv\\\/#website\",\"url\":\"https:\\\/\\\/www.pepvital.se\\\/sv\\\/\",\"name\":\"Pepvital\",\"description\":\"\u00c5terf\u00e5 &amp; bibeh\u00e5ll livskvalit\u00e9n\",\"publisher\":{\"@id\":\"https:\\\/\\\/www.pepvital.se\\\/sv\\\/#organization\"},\"potentialAction\":[{\"@type\":\"SearchAction\",\"target\":{\"@type\":\"EntryPoint\",\"urlTemplate\":\"https:\\\/\\\/www.pepvital.se\\\/sv\\\/?s={search_term_string}\"},\"query-input\":{\"@type\":\"PropertyValueSpecification\",\"valueRequired\":true,\"valueName\":\"search_term_string\"}}],\"inLanguage\":\"sv-SE\"},{\"@type\":\"Organization\",\"@id\":\"https:\\\/\\\/www.pepvital.se\\\/sv\\\/#organization\",\"name\":\"Pepvital\",\"url\":\"https:\\\/\\\/www.pepvital.se\\\/sv\\\/\",\"logo\":{\"@type\":\"ImageObject\",\"inLanguage\":\"sv-SE\",\"@id\":\"https:\\\/\\\/www.pepvital.se\\\/sv\\\/#\\\/schema\\\/logo\\\/image\\\/\",\"url\":\"https:\\\/\\\/www.pepvital.se\\\/wp-content\\\/uploads\\\/2021\\\/05\\\/ogimage.jpg\",\"contentUrl\":\"https:\\\/\\\/www.pepvital.se\\\/wp-content\\\/uploads\\\/2021\\\/05\\\/ogimage.jpg\",\"width\":1200,\"height\":627,\"caption\":\"Pepvital\"},\"image\":{\"@id\":\"https:\\\/\\\/www.pepvital.se\\\/sv\\\/#\\\/schema\\\/logo\\\/image\\\/\"},\"sameAs\":[\"https:\\\/\\\/www.facebook.com\\\/pepvital\",\"https:\\\/\\\/www.instagram.com\\\/pepvital.se\\\/\"]}]}<\/script>\n<!-- \/ Yoast SEO plugin. -->","yoast_head_json":{"title":"Forskning - Pepvital - Kosttillskott med peptider","description":"L\u00e4s mer om forskningen som gjorts om v\u00e5ra peptider av professor Vladimir Khavinson. Khavinson har under n\u00e4rmare 40 \u00e5r bedrivit forskning och patenterat peptid bioregulatorer.","robots":{"index":"index","follow":"follow","max-snippet":"max-snippet:-1","max-image-preview":"max-image-preview:large","max-video-preview":"max-video-preview:-1"},"canonical":"https:\/\/www.pepvital.se\/sv\/forskning\/","og_locale":"sv_SE","og_type":"article","og_title":"Forskning - Pepvital - Kosttillskott med peptider","og_description":"L\u00e4s mer om forskningen som gjorts om v\u00e5ra peptider av professor Vladimir Khavinson. Khavinson har under n\u00e4rmare 40 \u00e5r bedrivit forskning och patenterat peptid bioregulatorer.","og_url":"https:\/\/www.pepvital.se\/sv\/forskning\/","og_site_name":"Pepvital","article_publisher":"https:\/\/www.facebook.com\/pepvital","article_modified_time":"2020-11-17T07:36:14+00:00","og_image":[{"width":1200,"height":627,"url":"https:\/\/www.pepvital.se\/wp-content\/uploads\/2021\/05\/ogimage.jpg","type":"image\/jpeg"}],"twitter_card":"summary_large_image","twitter_misc":{"Ber\u00e4knad l\u00e4stid":"8 minuter"},"schema":{"@context":"https:\/\/schema.org","@graph":[{"@type":"WebPage","@id":"https:\/\/www.pepvital.se\/sv\/forskning\/","url":"https:\/\/www.pepvital.se\/sv\/forskning\/","name":"Forskning - Pepvital - Kosttillskott med peptider","isPartOf":{"@id":"https:\/\/www.pepvital.se\/sv\/#website"},"datePublished":"2020-09-14T18:58:00+00:00","dateModified":"2020-11-17T07:36:14+00:00","description":"L\u00e4s mer om forskningen som gjorts om v\u00e5ra peptider av professor Vladimir Khavinson. Khavinson har under n\u00e4rmare 40 \u00e5r bedrivit forskning och patenterat peptid bioregulatorer.","breadcrumb":{"@id":"https:\/\/www.pepvital.se\/sv\/forskning\/#breadcrumb"},"inLanguage":"sv-SE","potentialAction":[{"@type":"ReadAction","target":["https:\/\/www.pepvital.se\/sv\/forskning\/"]}]},{"@type":"BreadcrumbList","@id":"https:\/\/www.pepvital.se\/sv\/forskning\/#breadcrumb","itemListElement":[{"@type":"ListItem","position":1,"name":"Hem","item":"https:\/\/www.pepvital.se\/sv\/"},{"@type":"ListItem","position":2,"name":"Forskning"}]},{"@type":"WebSite","@id":"https:\/\/www.pepvital.se\/sv\/#website","url":"https:\/\/www.pepvital.se\/sv\/","name":"Pepvital","description":"\u00c5terf\u00e5 &amp; bibeh\u00e5ll livskvalit\u00e9n","publisher":{"@id":"https:\/\/www.pepvital.se\/sv\/#organization"},"potentialAction":[{"@type":"SearchAction","target":{"@type":"EntryPoint","urlTemplate":"https:\/\/www.pepvital.se\/sv\/?s={search_term_string}"},"query-input":{"@type":"PropertyValueSpecification","valueRequired":true,"valueName":"search_term_string"}}],"inLanguage":"sv-SE"},{"@type":"Organization","@id":"https:\/\/www.pepvital.se\/sv\/#organization","name":"Pepvital","url":"https:\/\/www.pepvital.se\/sv\/","logo":{"@type":"ImageObject","inLanguage":"sv-SE","@id":"https:\/\/www.pepvital.se\/sv\/#\/schema\/logo\/image\/","url":"https:\/\/www.pepvital.se\/wp-content\/uploads\/2021\/05\/ogimage.jpg","contentUrl":"https:\/\/www.pepvital.se\/wp-content\/uploads\/2021\/05\/ogimage.jpg","width":1200,"height":627,"caption":"Pepvital"},"image":{"@id":"https:\/\/www.pepvital.se\/sv\/#\/schema\/logo\/image\/"},"sameAs":["https:\/\/www.facebook.com\/pepvital","https:\/\/www.instagram.com\/pepvital.se\/"]}]}},"_links":{"self":[{"href":"https:\/\/www.pepvital.se\/sv\/wp-json\/wp\/v2\/pages\/103","targetHints":{"allow":["GET"]}}],"collection":[{"href":"https:\/\/www.pepvital.se\/sv\/wp-json\/wp\/v2\/pages"}],"about":[{"href":"https:\/\/www.pepvital.se\/sv\/wp-json\/wp\/v2\/types\/page"}],"author":[{"embeddable":true,"href":"https:\/\/www.pepvital.se\/sv\/wp-json\/wp\/v2\/users\/1"}],"replies":[{"embeddable":true,"href":"https:\/\/www.pepvital.se\/sv\/wp-json\/wp\/v2\/comments?post=103"}],"version-history":[{"count":0,"href":"https:\/\/www.pepvital.se\/sv\/wp-json\/wp\/v2\/pages\/103\/revisions"}],"wp:attachment":[{"href":"https:\/\/www.pepvital.se\/sv\/wp-json\/wp\/v2\/media?parent=103"}],"curies":[{"name":"wp","href":"https:\/\/api.w.org\/{rel}","templated":true}]}}