{"id":424,"date":"2020-09-14T13:49:26","date_gmt":"2020-09-14T13:49:26","guid":{"rendered":"https:\/\/www.pepvital.se\/produkt\/bonomarlot-bone-marrow-peptide\/"},"modified":"2025-12-31T03:49:50","modified_gmt":"2025-12-31T03:49:50","slug":"bonomarlot-bone-marrow-peptide","status":"publish","type":"product","link":"https:\/\/www.pepvital.se\/en\/produkt\/bonomarlot-bone-marrow-peptide\/","title":{"rendered":"Bonomarlot &#8211; Bone Marrow Peptide 60 Capsules"},"content":{"rendered":"<p>Blood cells are created in the bone marrow. From there they are taken to the body where they mature and further developed. The cells in the bone marrow are thus immature, while the cells in the blood are in different maturation stages.<\/p>\n<p>There are also blood cells in our tissue. Without bone marrow, our bodies can not produce white blood cells that we need to fight infection, the red blood cells we need to carry the oxygen or platelets we need to stop bleeding. Certain diseases and treatments can destroy the bone marrow, which causes the body to not create new blood cells.<\/p>\n<p>Bonomarlot is a dietary supplement with natural bone marrow peptides. Bonomarlot can be combined with other dietary supplements and medicines and should be used in addition to conventional medical treatments.<\/p>\n<p>Active substance:<br \/>\npeptide complex A-21 (peptides of parathyroidoid)<\/p>\n<p>Excipients:<br \/>\nmicrocrystalline cellulose (E460), gelatin, beetroot sugar, lactose, starch, Tween-80<\/p>\n<p>Recommendations for use for adults:<br \/>\n1-2 capsules 1-2 times a day with meals.<\/p>\n<p>Quantity:<br \/>\n60 capsules. Repeat every 3-6 months. No side effects.<\/p>\n","protected":false},"excerpt":{"rendered":"<p>Bonomarlot is a dietary supplement with natural bone marrow peptides.<\/p>\n","protected":false},"featured_media":425,"comment_status":"open","ping_status":"closed","template":"","meta":{"_et_pb_use_builder":"","_et_pb_old_content":"","_et_gb_content_width":"","om_disable_all_campaigns":false,"_monsterinsights_skip_tracking":false,"_monsterinsights_sitenote_active":false,"_monsterinsights_sitenote_note":"","_monsterinsights_sitenote_category":0,"_uf_show_specific_survey":0,"_uf_disable_surveys":false},"product_brand":[],"product_cat":[35],"product_tag":[],"class_list":{"0":"post-424","1":"product","2":"type-product","3":"status-publish","4":"has-post-thumbnail","6":"product_cat-peptides","8":"first","9":"instock","10":"taxable","11":"shipping-taxable","12":"purchasable","13":"product-type-simple"},"yoast_head":"<!-- This site is optimized with the Yoast SEO plugin v27.5 - https:\/\/yoast.com\/product\/yoast-seo-wordpress\/ -->\n<title>Bonomarlot - Bone Marrow Peptide 60 Capsules - Pepvital<\/title>\n<meta name=\"description\" content=\"Buy Bonomarlot - Bone Marrow Peptide 60 Capsules online at Pepvital - supplements with natural and synthetic peptides.\" \/>\n<meta name=\"robots\" content=\"index, follow, max-snippet:-1, max-image-preview:large, max-video-preview:-1\" \/>\n<link rel=\"canonical\" href=\"https:\/\/www.pepvital.se\/en\/produkt\/bonomarlot-bone-marrow-peptide\/\" \/>\n<meta property=\"og:locale\" content=\"en_US\" \/>\n<meta property=\"og:type\" content=\"article\" \/>\n<meta property=\"og:title\" content=\"Bonomarlot - Bone Marrow Peptide 60 Capsules - Pepvital\" \/>\n<meta property=\"og:description\" content=\"Buy Bonomarlot - Bone Marrow Peptide 60 Capsules online at Pepvital - supplements with natural and synthetic peptides.\" \/>\n<meta property=\"og:url\" content=\"https:\/\/www.pepvital.se\/en\/produkt\/bonomarlot-bone-marrow-peptide\/\" \/>\n<meta property=\"og:site_name\" content=\"Pepvital\" \/>\n<meta property=\"article:publisher\" content=\"https:\/\/www.facebook.com\/pepvital\" \/>\n<meta property=\"article:modified_time\" content=\"2025-12-31T03:49:50+00:00\" \/>\n<meta property=\"og:image\" content=\"https:\/\/www.pepvital.se\/wp-content\/uploads\/2020\/09\/Bonomarlot.jpg\" \/>\n\t<meta property=\"og:image:width\" content=\"400\" \/>\n\t<meta property=\"og:image:height\" content=\"400\" \/>\n\t<meta property=\"og:image:type\" content=\"image\/jpeg\" \/>\n<meta name=\"twitter:card\" content=\"summary_large_image\" \/>\n<meta name=\"twitter:label1\" content=\"Est. reading time\" \/>\n\t<meta name=\"twitter:data1\" content=\"1 minute\" \/>\n<script type=\"application\/ld+json\" class=\"yoast-schema-graph\">{\"@context\":\"https:\\\/\\\/schema.org\",\"@graph\":[{\"@type\":\"WebPage\",\"@id\":\"https:\\\/\\\/www.pepvital.se\\\/en\\\/produkt\\\/bonomarlot-bone-marrow-peptide\\\/\",\"url\":\"https:\\\/\\\/www.pepvital.se\\\/en\\\/produkt\\\/bonomarlot-bone-marrow-peptide\\\/\",\"name\":\"Bonomarlot - Bone Marrow Peptide 60 Capsules - Pepvital\",\"isPartOf\":{\"@id\":\"https:\\\/\\\/www.pepvital.se\\\/en\\\/#website\"},\"primaryImageOfPage\":{\"@id\":\"https:\\\/\\\/www.pepvital.se\\\/en\\\/produkt\\\/bonomarlot-bone-marrow-peptide\\\/#primaryimage\"},\"image\":{\"@id\":\"https:\\\/\\\/www.pepvital.se\\\/en\\\/produkt\\\/bonomarlot-bone-marrow-peptide\\\/#primaryimage\"},\"thumbnailUrl\":\"https:\\\/\\\/www.pepvital.se\\\/wp-content\\\/uploads\\\/2020\\\/09\\\/Bonomarlot.jpg\",\"datePublished\":\"2020-09-14T13:49:26+00:00\",\"dateModified\":\"2025-12-31T03:49:50+00:00\",\"description\":\"Buy Bonomarlot - Bone Marrow Peptide 60 Capsules online at Pepvital - supplements with natural and synthetic peptides.\",\"breadcrumb\":{\"@id\":\"https:\\\/\\\/www.pepvital.se\\\/en\\\/produkt\\\/bonomarlot-bone-marrow-peptide\\\/#breadcrumb\"},\"inLanguage\":\"en-US\",\"potentialAction\":[{\"@type\":\"ReadAction\",\"target\":[\"https:\\\/\\\/www.pepvital.se\\\/en\\\/produkt\\\/bonomarlot-bone-marrow-peptide\\\/\"]}]},{\"@type\":\"ImageObject\",\"inLanguage\":\"en-US\",\"@id\":\"https:\\\/\\\/www.pepvital.se\\\/en\\\/produkt\\\/bonomarlot-bone-marrow-peptide\\\/#primaryimage\",\"url\":\"https:\\\/\\\/www.pepvital.se\\\/wp-content\\\/uploads\\\/2020\\\/09\\\/Bonomarlot.jpg\",\"contentUrl\":\"https:\\\/\\\/www.pepvital.se\\\/wp-content\\\/uploads\\\/2020\\\/09\\\/Bonomarlot.jpg\",\"width\":400,\"height\":400},{\"@type\":\"BreadcrumbList\",\"@id\":\"https:\\\/\\\/www.pepvital.se\\\/en\\\/produkt\\\/bonomarlot-bone-marrow-peptide\\\/#breadcrumb\",\"itemListElement\":[{\"@type\":\"ListItem\",\"position\":1,\"name\":\"Hem\",\"item\":\"https:\\\/\\\/www.pepvital.se\\\/en\\\/\"},{\"@type\":\"ListItem\",\"position\":2,\"name\":\"Handla\",\"item\":\"https:\\\/\\\/www.pepvital.se\\\/sv\\\/butik\\\/\"},{\"@type\":\"ListItem\",\"position\":3,\"name\":\"Bonomarlot &#8211; Bone Marrow Peptide 60 Capsules\"}]},{\"@type\":\"WebSite\",\"@id\":\"https:\\\/\\\/www.pepvital.se\\\/en\\\/#website\",\"url\":\"https:\\\/\\\/www.pepvital.se\\\/en\\\/\",\"name\":\"Pepvital\",\"description\":\"\u00c5terf\u00e5 &amp; bibeh\u00e5ll din livskvalitet\",\"publisher\":{\"@id\":\"https:\\\/\\\/www.pepvital.se\\\/en\\\/#organization\"},\"potentialAction\":[{\"@type\":\"SearchAction\",\"target\":{\"@type\":\"EntryPoint\",\"urlTemplate\":\"https:\\\/\\\/www.pepvital.se\\\/en\\\/?s={search_term_string}\"},\"query-input\":{\"@type\":\"PropertyValueSpecification\",\"valueRequired\":true,\"valueName\":\"search_term_string\"}}],\"inLanguage\":\"en-US\"},{\"@type\":\"Organization\",\"@id\":\"https:\\\/\\\/www.pepvital.se\\\/en\\\/#organization\",\"name\":\"Pepvital\",\"url\":\"https:\\\/\\\/www.pepvital.se\\\/en\\\/\",\"logo\":{\"@type\":\"ImageObject\",\"inLanguage\":\"en-US\",\"@id\":\"https:\\\/\\\/www.pepvital.se\\\/en\\\/#\\\/schema\\\/logo\\\/image\\\/\",\"url\":\"https:\\\/\\\/www.pepvital.se\\\/wp-content\\\/uploads\\\/2021\\\/05\\\/ogimage.jpg\",\"contentUrl\":\"https:\\\/\\\/www.pepvital.se\\\/wp-content\\\/uploads\\\/2021\\\/05\\\/ogimage.jpg\",\"width\":1200,\"height\":627,\"caption\":\"Pepvital\"},\"image\":{\"@id\":\"https:\\\/\\\/www.pepvital.se\\\/en\\\/#\\\/schema\\\/logo\\\/image\\\/\"},\"sameAs\":[\"https:\\\/\\\/www.facebook.com\\\/pepvital\",\"https:\\\/\\\/www.instagram.com\\\/pepvital.se\\\/\"]}]}<\/script>\n<!-- \/ Yoast SEO plugin. -->","yoast_head_json":{"title":"Bonomarlot - Bone Marrow Peptide 60 Capsules - Pepvital","description":"Buy Bonomarlot - Bone Marrow Peptide 60 Capsules online at Pepvital - supplements with natural and synthetic peptides.","robots":{"index":"index","follow":"follow","max-snippet":"max-snippet:-1","max-image-preview":"max-image-preview:large","max-video-preview":"max-video-preview:-1"},"canonical":"https:\/\/www.pepvital.se\/en\/produkt\/bonomarlot-bone-marrow-peptide\/","og_locale":"en_US","og_type":"article","og_title":"Bonomarlot - Bone Marrow Peptide 60 Capsules - Pepvital","og_description":"Buy Bonomarlot - Bone Marrow Peptide 60 Capsules online at Pepvital - supplements with natural and synthetic peptides.","og_url":"https:\/\/www.pepvital.se\/en\/produkt\/bonomarlot-bone-marrow-peptide\/","og_site_name":"Pepvital","article_publisher":"https:\/\/www.facebook.com\/pepvital","article_modified_time":"2025-12-31T03:49:50+00:00","og_image":[{"width":400,"height":400,"url":"https:\/\/www.pepvital.se\/wp-content\/uploads\/2020\/09\/Bonomarlot.jpg","type":"image\/jpeg"}],"twitter_card":"summary_large_image","twitter_misc":{"Est. reading time":"1 minute"},"schema":{"@context":"https:\/\/schema.org","@graph":[{"@type":"WebPage","@id":"https:\/\/www.pepvital.se\/en\/produkt\/bonomarlot-bone-marrow-peptide\/","url":"https:\/\/www.pepvital.se\/en\/produkt\/bonomarlot-bone-marrow-peptide\/","name":"Bonomarlot - Bone Marrow Peptide 60 Capsules - Pepvital","isPartOf":{"@id":"https:\/\/www.pepvital.se\/en\/#website"},"primaryImageOfPage":{"@id":"https:\/\/www.pepvital.se\/en\/produkt\/bonomarlot-bone-marrow-peptide\/#primaryimage"},"image":{"@id":"https:\/\/www.pepvital.se\/en\/produkt\/bonomarlot-bone-marrow-peptide\/#primaryimage"},"thumbnailUrl":"https:\/\/www.pepvital.se\/wp-content\/uploads\/2020\/09\/Bonomarlot.jpg","datePublished":"2020-09-14T13:49:26+00:00","dateModified":"2025-12-31T03:49:50+00:00","description":"Buy Bonomarlot - Bone Marrow Peptide 60 Capsules online at Pepvital - supplements with natural and synthetic peptides.","breadcrumb":{"@id":"https:\/\/www.pepvital.se\/en\/produkt\/bonomarlot-bone-marrow-peptide\/#breadcrumb"},"inLanguage":"en-US","potentialAction":[{"@type":"ReadAction","target":["https:\/\/www.pepvital.se\/en\/produkt\/bonomarlot-bone-marrow-peptide\/"]}]},{"@type":"ImageObject","inLanguage":"en-US","@id":"https:\/\/www.pepvital.se\/en\/produkt\/bonomarlot-bone-marrow-peptide\/#primaryimage","url":"https:\/\/www.pepvital.se\/wp-content\/uploads\/2020\/09\/Bonomarlot.jpg","contentUrl":"https:\/\/www.pepvital.se\/wp-content\/uploads\/2020\/09\/Bonomarlot.jpg","width":400,"height":400},{"@type":"BreadcrumbList","@id":"https:\/\/www.pepvital.se\/en\/produkt\/bonomarlot-bone-marrow-peptide\/#breadcrumb","itemListElement":[{"@type":"ListItem","position":1,"name":"Hem","item":"https:\/\/www.pepvital.se\/en\/"},{"@type":"ListItem","position":2,"name":"Handla","item":"https:\/\/www.pepvital.se\/sv\/butik\/"},{"@type":"ListItem","position":3,"name":"Bonomarlot &#8211; Bone Marrow Peptide 60 Capsules"}]},{"@type":"WebSite","@id":"https:\/\/www.pepvital.se\/en\/#website","url":"https:\/\/www.pepvital.se\/en\/","name":"Pepvital","description":"\u00c5terf\u00e5 &amp; bibeh\u00e5ll din livskvalitet","publisher":{"@id":"https:\/\/www.pepvital.se\/en\/#organization"},"potentialAction":[{"@type":"SearchAction","target":{"@type":"EntryPoint","urlTemplate":"https:\/\/www.pepvital.se\/en\/?s={search_term_string}"},"query-input":{"@type":"PropertyValueSpecification","valueRequired":true,"valueName":"search_term_string"}}],"inLanguage":"en-US"},{"@type":"Organization","@id":"https:\/\/www.pepvital.se\/en\/#organization","name":"Pepvital","url":"https:\/\/www.pepvital.se\/en\/","logo":{"@type":"ImageObject","inLanguage":"en-US","@id":"https:\/\/www.pepvital.se\/en\/#\/schema\/logo\/image\/","url":"https:\/\/www.pepvital.se\/wp-content\/uploads\/2021\/05\/ogimage.jpg","contentUrl":"https:\/\/www.pepvital.se\/wp-content\/uploads\/2021\/05\/ogimage.jpg","width":1200,"height":627,"caption":"Pepvital"},"image":{"@id":"https:\/\/www.pepvital.se\/en\/#\/schema\/logo\/image\/"},"sameAs":["https:\/\/www.facebook.com\/pepvital","https:\/\/www.instagram.com\/pepvital.se\/"]}]}},"_links":{"self":[{"href":"https:\/\/www.pepvital.se\/en\/wp-json\/wp\/v2\/product\/424","targetHints":{"allow":["GET"]}}],"collection":[{"href":"https:\/\/www.pepvital.se\/en\/wp-json\/wp\/v2\/product"}],"about":[{"href":"https:\/\/www.pepvital.se\/en\/wp-json\/wp\/v2\/types\/product"}],"replies":[{"embeddable":true,"href":"https:\/\/www.pepvital.se\/en\/wp-json\/wp\/v2\/comments?post=424"}],"wp:featuredmedia":[{"embeddable":true,"href":"https:\/\/www.pepvital.se\/en\/wp-json\/wp\/v2\/media\/425"}],"wp:attachment":[{"href":"https:\/\/www.pepvital.se\/en\/wp-json\/wp\/v2\/media?parent=424"}],"wp:term":[{"taxonomy":"product_brand","embeddable":true,"href":"https:\/\/www.pepvital.se\/en\/wp-json\/wp\/v2\/product_brand?post=424"},{"taxonomy":"product_cat","embeddable":true,"href":"https:\/\/www.pepvital.se\/en\/wp-json\/wp\/v2\/product_cat?post=424"},{"taxonomy":"product_tag","embeddable":true,"href":"https:\/\/www.pepvital.se\/en\/wp-json\/wp\/v2\/product_tag?post=424"}],"curies":[{"name":"wp","href":"https:\/\/api.w.org\/{rel}","templated":true}]}}