{"id":381,"date":"2020-10-23T08:32:47","date_gmt":"2020-10-23T08:32:47","guid":{"rendered":"https:\/\/www.pepvital.se\/produkt\/svetinorm-liver-peptide\/"},"modified":"2025-05-23T05:23:08","modified_gmt":"2025-05-23T05:23:08","slug":"svetinorm-liver-peptide","status":"publish","type":"product","link":"https:\/\/www.pepvital.se\/en\/produkt\/svetinorm-liver-peptide\/","title":{"rendered":"Svetinorm &#8211; Liver Peptide 60 Capsules"},"content":{"rendered":"<p>The liver&#8217;s functions are many, complex and important to our health. The liver is responsible for more than 50 important functions in the body. It regulates chemical levels and blood clots, removes bacteria from the bloodstream and cleans it from toxic substances.<\/p>\n<p>The liver produces enzymes that handle the entire digestion. The liver affects our quality of life, which is often reduced due to an unbalanced, irregular diet, the use of medicines and infections.<\/p>\n<p>Svetinorm is a natural non-hormonal Liver peptidebioregulator. Svetinorm can be combined with other dietary supplements and medicines and should be used in addition to conventional medical treatments.<\/p>\n<p>Active substance:<br \/>\npeptide complex A-7 (liver peptides)<\/p>\n<p>Excipients:<br \/>\nmicrocrystalline cellulose (E460), beetroot sugar, lactose, starch, Tween-80<\/p>\n<p>Recommendations for use for adults:<br \/>\n1-2 capsules 1-2 times a day with meals. Quantity: 60 capsules. Repeat every 3-6 months. No side effects.<\/p>\n","protected":false},"excerpt":{"rendered":"<p>Svetinorm is a natural non-hormonal Liver peptidebioregulator.<\/p>\n","protected":false},"featured_media":382,"comment_status":"open","ping_status":"closed","template":"","meta":{"_et_pb_use_builder":"off","_et_pb_old_content":"","_et_gb_content_width":"","om_disable_all_campaigns":false,"_monsterinsights_skip_tracking":false,"_monsterinsights_sitenote_active":false,"_monsterinsights_sitenote_note":"","_monsterinsights_sitenote_category":0,"_uf_show_specific_survey":0,"_uf_disable_surveys":false},"product_brand":[],"product_cat":[35],"product_tag":[],"class_list":{"0":"post-381","1":"product","2":"type-product","3":"status-publish","4":"has-post-thumbnail","6":"product_cat-peptides","8":"first","9":"instock","10":"taxable","11":"shipping-taxable","12":"purchasable","13":"product-type-simple"},"yoast_head":"<!-- This site is optimized with the Yoast SEO plugin v27.5 - https:\/\/yoast.com\/product\/yoast-seo-wordpress\/ -->\n<title>Svetinorm - Liver Peptide 60 Capsules - Pepvital<\/title>\n<meta name=\"description\" content=\"Buy Svetinorm - Liver Peptide 60 Capsules online at Pepvital - supplements with natural and synthetic peptides.\" \/>\n<meta name=\"robots\" content=\"index, follow, max-snippet:-1, max-image-preview:large, max-video-preview:-1\" \/>\n<link rel=\"canonical\" href=\"https:\/\/www.pepvital.se\/en\/produkt\/svetinorm-liver-peptide\/\" \/>\n<meta property=\"og:locale\" content=\"en_US\" \/>\n<meta property=\"og:type\" content=\"article\" \/>\n<meta property=\"og:title\" content=\"Svetinorm - Liver Peptide 60 Capsules - Pepvital\" \/>\n<meta property=\"og:description\" content=\"Buy Svetinorm - Liver Peptide 60 Capsules online at Pepvital - supplements with natural and synthetic peptides.\" \/>\n<meta property=\"og:url\" content=\"https:\/\/www.pepvital.se\/en\/produkt\/svetinorm-liver-peptide\/\" \/>\n<meta property=\"og:site_name\" content=\"Pepvital\" \/>\n<meta property=\"article:publisher\" content=\"https:\/\/www.facebook.com\/pepvital\" \/>\n<meta property=\"article:modified_time\" content=\"2025-05-23T05:23:08+00:00\" \/>\n<meta property=\"og:image\" content=\"https:\/\/www.pepvital.se\/wp-content\/uploads\/2020\/10\/svetinorm.jpg\" \/>\n\t<meta property=\"og:image:width\" content=\"400\" \/>\n\t<meta property=\"og:image:height\" content=\"400\" \/>\n\t<meta property=\"og:image:type\" content=\"image\/jpeg\" \/>\n<meta name=\"twitter:card\" content=\"summary_large_image\" \/>\n<meta name=\"twitter:label1\" content=\"Est. reading time\" \/>\n\t<meta name=\"twitter:data1\" content=\"1 minute\" \/>\n<script type=\"application\/ld+json\" class=\"yoast-schema-graph\">{\"@context\":\"https:\\\/\\\/schema.org\",\"@graph\":[{\"@type\":\"WebPage\",\"@id\":\"https:\\\/\\\/www.pepvital.se\\\/en\\\/produkt\\\/svetinorm-liver-peptide\\\/\",\"url\":\"https:\\\/\\\/www.pepvital.se\\\/en\\\/produkt\\\/svetinorm-liver-peptide\\\/\",\"name\":\"Svetinorm - Liver Peptide 60 Capsules - Pepvital\",\"isPartOf\":{\"@id\":\"https:\\\/\\\/www.pepvital.se\\\/en\\\/#website\"},\"primaryImageOfPage\":{\"@id\":\"https:\\\/\\\/www.pepvital.se\\\/en\\\/produkt\\\/svetinorm-liver-peptide\\\/#primaryimage\"},\"image\":{\"@id\":\"https:\\\/\\\/www.pepvital.se\\\/en\\\/produkt\\\/svetinorm-liver-peptide\\\/#primaryimage\"},\"thumbnailUrl\":\"https:\\\/\\\/www.pepvital.se\\\/wp-content\\\/uploads\\\/2020\\\/10\\\/svetinorm.jpg\",\"datePublished\":\"2020-10-23T08:32:47+00:00\",\"dateModified\":\"2025-05-23T05:23:08+00:00\",\"description\":\"Buy Svetinorm - Liver Peptide 60 Capsules online at Pepvital - supplements with natural and synthetic peptides.\",\"breadcrumb\":{\"@id\":\"https:\\\/\\\/www.pepvital.se\\\/en\\\/produkt\\\/svetinorm-liver-peptide\\\/#breadcrumb\"},\"inLanguage\":\"en-US\",\"potentialAction\":[{\"@type\":\"ReadAction\",\"target\":[\"https:\\\/\\\/www.pepvital.se\\\/en\\\/produkt\\\/svetinorm-liver-peptide\\\/\"]}]},{\"@type\":\"ImageObject\",\"inLanguage\":\"en-US\",\"@id\":\"https:\\\/\\\/www.pepvital.se\\\/en\\\/produkt\\\/svetinorm-liver-peptide\\\/#primaryimage\",\"url\":\"https:\\\/\\\/www.pepvital.se\\\/wp-content\\\/uploads\\\/2020\\\/10\\\/svetinorm.jpg\",\"contentUrl\":\"https:\\\/\\\/www.pepvital.se\\\/wp-content\\\/uploads\\\/2020\\\/10\\\/svetinorm.jpg\",\"width\":400,\"height\":400},{\"@type\":\"BreadcrumbList\",\"@id\":\"https:\\\/\\\/www.pepvital.se\\\/en\\\/produkt\\\/svetinorm-liver-peptide\\\/#breadcrumb\",\"itemListElement\":[{\"@type\":\"ListItem\",\"position\":1,\"name\":\"Hem\",\"item\":\"https:\\\/\\\/www.pepvital.se\\\/en\\\/\"},{\"@type\":\"ListItem\",\"position\":2,\"name\":\"Handla\",\"item\":\"https:\\\/\\\/www.pepvital.se\\\/sv\\\/butik\\\/\"},{\"@type\":\"ListItem\",\"position\":3,\"name\":\"Svetinorm &#8211; Liver Peptide 60 Capsules\"}]},{\"@type\":\"WebSite\",\"@id\":\"https:\\\/\\\/www.pepvital.se\\\/en\\\/#website\",\"url\":\"https:\\\/\\\/www.pepvital.se\\\/en\\\/\",\"name\":\"Pepvital\",\"description\":\"\u00c5terf\u00e5 &amp; bibeh\u00e5ll din livskvalitet\",\"publisher\":{\"@id\":\"https:\\\/\\\/www.pepvital.se\\\/en\\\/#organization\"},\"potentialAction\":[{\"@type\":\"SearchAction\",\"target\":{\"@type\":\"EntryPoint\",\"urlTemplate\":\"https:\\\/\\\/www.pepvital.se\\\/en\\\/?s={search_term_string}\"},\"query-input\":{\"@type\":\"PropertyValueSpecification\",\"valueRequired\":true,\"valueName\":\"search_term_string\"}}],\"inLanguage\":\"en-US\"},{\"@type\":\"Organization\",\"@id\":\"https:\\\/\\\/www.pepvital.se\\\/en\\\/#organization\",\"name\":\"Pepvital\",\"url\":\"https:\\\/\\\/www.pepvital.se\\\/en\\\/\",\"logo\":{\"@type\":\"ImageObject\",\"inLanguage\":\"en-US\",\"@id\":\"https:\\\/\\\/www.pepvital.se\\\/en\\\/#\\\/schema\\\/logo\\\/image\\\/\",\"url\":\"https:\\\/\\\/www.pepvital.se\\\/wp-content\\\/uploads\\\/2021\\\/05\\\/ogimage.jpg\",\"contentUrl\":\"https:\\\/\\\/www.pepvital.se\\\/wp-content\\\/uploads\\\/2021\\\/05\\\/ogimage.jpg\",\"width\":1200,\"height\":627,\"caption\":\"Pepvital\"},\"image\":{\"@id\":\"https:\\\/\\\/www.pepvital.se\\\/en\\\/#\\\/schema\\\/logo\\\/image\\\/\"},\"sameAs\":[\"https:\\\/\\\/www.facebook.com\\\/pepvital\",\"https:\\\/\\\/www.instagram.com\\\/pepvital.se\\\/\"]}]}<\/script>\n<!-- \/ Yoast SEO plugin. -->","yoast_head_json":{"title":"Svetinorm - Liver Peptide 60 Capsules - Pepvital","description":"Buy Svetinorm - Liver Peptide 60 Capsules online at Pepvital - supplements with natural and synthetic peptides.","robots":{"index":"index","follow":"follow","max-snippet":"max-snippet:-1","max-image-preview":"max-image-preview:large","max-video-preview":"max-video-preview:-1"},"canonical":"https:\/\/www.pepvital.se\/en\/produkt\/svetinorm-liver-peptide\/","og_locale":"en_US","og_type":"article","og_title":"Svetinorm - Liver Peptide 60 Capsules - Pepvital","og_description":"Buy Svetinorm - Liver Peptide 60 Capsules online at Pepvital - supplements with natural and synthetic peptides.","og_url":"https:\/\/www.pepvital.se\/en\/produkt\/svetinorm-liver-peptide\/","og_site_name":"Pepvital","article_publisher":"https:\/\/www.facebook.com\/pepvital","article_modified_time":"2025-05-23T05:23:08+00:00","og_image":[{"width":400,"height":400,"url":"https:\/\/www.pepvital.se\/wp-content\/uploads\/2020\/10\/svetinorm.jpg","type":"image\/jpeg"}],"twitter_card":"summary_large_image","twitter_misc":{"Est. reading time":"1 minute"},"schema":{"@context":"https:\/\/schema.org","@graph":[{"@type":"WebPage","@id":"https:\/\/www.pepvital.se\/en\/produkt\/svetinorm-liver-peptide\/","url":"https:\/\/www.pepvital.se\/en\/produkt\/svetinorm-liver-peptide\/","name":"Svetinorm - Liver Peptide 60 Capsules - Pepvital","isPartOf":{"@id":"https:\/\/www.pepvital.se\/en\/#website"},"primaryImageOfPage":{"@id":"https:\/\/www.pepvital.se\/en\/produkt\/svetinorm-liver-peptide\/#primaryimage"},"image":{"@id":"https:\/\/www.pepvital.se\/en\/produkt\/svetinorm-liver-peptide\/#primaryimage"},"thumbnailUrl":"https:\/\/www.pepvital.se\/wp-content\/uploads\/2020\/10\/svetinorm.jpg","datePublished":"2020-10-23T08:32:47+00:00","dateModified":"2025-05-23T05:23:08+00:00","description":"Buy Svetinorm - Liver Peptide 60 Capsules online at Pepvital - supplements with natural and synthetic peptides.","breadcrumb":{"@id":"https:\/\/www.pepvital.se\/en\/produkt\/svetinorm-liver-peptide\/#breadcrumb"},"inLanguage":"en-US","potentialAction":[{"@type":"ReadAction","target":["https:\/\/www.pepvital.se\/en\/produkt\/svetinorm-liver-peptide\/"]}]},{"@type":"ImageObject","inLanguage":"en-US","@id":"https:\/\/www.pepvital.se\/en\/produkt\/svetinorm-liver-peptide\/#primaryimage","url":"https:\/\/www.pepvital.se\/wp-content\/uploads\/2020\/10\/svetinorm.jpg","contentUrl":"https:\/\/www.pepvital.se\/wp-content\/uploads\/2020\/10\/svetinorm.jpg","width":400,"height":400},{"@type":"BreadcrumbList","@id":"https:\/\/www.pepvital.se\/en\/produkt\/svetinorm-liver-peptide\/#breadcrumb","itemListElement":[{"@type":"ListItem","position":1,"name":"Hem","item":"https:\/\/www.pepvital.se\/en\/"},{"@type":"ListItem","position":2,"name":"Handla","item":"https:\/\/www.pepvital.se\/sv\/butik\/"},{"@type":"ListItem","position":3,"name":"Svetinorm &#8211; Liver Peptide 60 Capsules"}]},{"@type":"WebSite","@id":"https:\/\/www.pepvital.se\/en\/#website","url":"https:\/\/www.pepvital.se\/en\/","name":"Pepvital","description":"\u00c5terf\u00e5 &amp; bibeh\u00e5ll din livskvalitet","publisher":{"@id":"https:\/\/www.pepvital.se\/en\/#organization"},"potentialAction":[{"@type":"SearchAction","target":{"@type":"EntryPoint","urlTemplate":"https:\/\/www.pepvital.se\/en\/?s={search_term_string}"},"query-input":{"@type":"PropertyValueSpecification","valueRequired":true,"valueName":"search_term_string"}}],"inLanguage":"en-US"},{"@type":"Organization","@id":"https:\/\/www.pepvital.se\/en\/#organization","name":"Pepvital","url":"https:\/\/www.pepvital.se\/en\/","logo":{"@type":"ImageObject","inLanguage":"en-US","@id":"https:\/\/www.pepvital.se\/en\/#\/schema\/logo\/image\/","url":"https:\/\/www.pepvital.se\/wp-content\/uploads\/2021\/05\/ogimage.jpg","contentUrl":"https:\/\/www.pepvital.se\/wp-content\/uploads\/2021\/05\/ogimage.jpg","width":1200,"height":627,"caption":"Pepvital"},"image":{"@id":"https:\/\/www.pepvital.se\/en\/#\/schema\/logo\/image\/"},"sameAs":["https:\/\/www.facebook.com\/pepvital","https:\/\/www.instagram.com\/pepvital.se\/"]}]}},"_links":{"self":[{"href":"https:\/\/www.pepvital.se\/en\/wp-json\/wp\/v2\/product\/381","targetHints":{"allow":["GET"]}}],"collection":[{"href":"https:\/\/www.pepvital.se\/en\/wp-json\/wp\/v2\/product"}],"about":[{"href":"https:\/\/www.pepvital.se\/en\/wp-json\/wp\/v2\/types\/product"}],"replies":[{"embeddable":true,"href":"https:\/\/www.pepvital.se\/en\/wp-json\/wp\/v2\/comments?post=381"}],"wp:featuredmedia":[{"embeddable":true,"href":"https:\/\/www.pepvital.se\/en\/wp-json\/wp\/v2\/media\/382"}],"wp:attachment":[{"href":"https:\/\/www.pepvital.se\/en\/wp-json\/wp\/v2\/media?parent=381"}],"wp:term":[{"taxonomy":"product_brand","embeddable":true,"href":"https:\/\/www.pepvital.se\/en\/wp-json\/wp\/v2\/product_brand?post=381"},{"taxonomy":"product_cat","embeddable":true,"href":"https:\/\/www.pepvital.se\/en\/wp-json\/wp\/v2\/product_cat?post=381"},{"taxonomy":"product_tag","embeddable":true,"href":"https:\/\/www.pepvital.se\/en\/wp-json\/wp\/v2\/product_tag?post=381"}],"curies":[{"name":"wp","href":"https:\/\/api.w.org\/{rel}","templated":true}]}}