{"id":312,"date":"2020-10-23T11:11:55","date_gmt":"2020-11-01T19:49:16","guid":{"rendered":"https:\/\/www.pepvital.se\/produkt\/zhenoluten-ovary-peptide\/"},"modified":"2025-05-23T09:33:27","modified_gmt":"2025-05-23T09:33:27","slug":"zhenoluten-ovary-peptide","status":"publish","type":"product","link":"https:\/\/www.pepvital.se\/en\/produkt\/zhenoluten-ovary-peptide\/","title":{"rendered":"Zhenoluten &#8211; ovary peptide"},"content":{"rendered":"<p>The ovaries do not only produce eggs but also secrete hormones, mainly estrogen and progesterone. During menopause, these hormone levels change unpredictably, causing many difficult physical changes, including hot flashes, sleep disorders, night sweats, vaginal dryness or atrophy, incontinence, osteoporosis and heart disease.<\/p>\n<p>There are also various ovarian disorders that can affect women of all ages. Zhenoluten can be combined with other dietary supplements and medicines and should be used in addition to conventional medical treatments.<\/p>\n<p>ZHENOLUTEN is a dietary supplement with natural ovarian peptides.<\/p>\n<p>Active substance:<br \/>\npeptide complex A-15 (ovarian peptides) Excipients: Microcrystalline cellulose (E460), beetroot sugar, lactose, starch, Tween-80<\/p>\n<p>Recommendations for use for adults:<br \/>\n1-2 capsules 1-2 times a day with meals.<\/p>\n<p>Quantity:<br \/>\n20 capsules. Repeat every 3-6 months.<\/p>\n","protected":false},"excerpt":{"rendered":"<p>ZHENOLUTEN is a dietary supplement with natural ovarian peptides.<\/p>\n","protected":false},"featured_media":339,"comment_status":"open","ping_status":"closed","template":"","meta":{"_et_pb_use_builder":"","_et_pb_old_content":"","_et_gb_content_width":"","om_disable_all_campaigns":false,"_monsterinsights_skip_tracking":false,"_monsterinsights_sitenote_active":false,"_monsterinsights_sitenote_note":"","_monsterinsights_sitenote_category":0,"_uf_show_specific_survey":0,"_uf_disable_surveys":false},"product_brand":[],"product_cat":[35],"product_tag":[],"class_list":{"0":"post-312","1":"product","2":"type-product","3":"status-publish","4":"has-post-thumbnail","6":"product_cat-peptides","8":"first","9":"instock","10":"taxable","11":"shipping-taxable","12":"purchasable","13":"product-type-simple"},"yoast_head":"<!-- This site is optimized with the Yoast SEO plugin v27.5 - https:\/\/yoast.com\/product\/yoast-seo-wordpress\/ -->\n<title>Zhenoluten - ovary peptide - Pepvital<\/title>\n<meta name=\"description\" content=\"Buy Zhenoluten - ovary peptide online at Pepvital - supplements with natural and synthetic peptides.\" \/>\n<meta name=\"robots\" content=\"index, follow, max-snippet:-1, max-image-preview:large, max-video-preview:-1\" \/>\n<link rel=\"canonical\" href=\"https:\/\/www.pepvital.se\/en\/produkt\/zhenoluten-ovary-peptide\/\" \/>\n<meta property=\"og:locale\" content=\"en_US\" \/>\n<meta property=\"og:type\" content=\"article\" \/>\n<meta property=\"og:title\" content=\"Zhenoluten - ovary peptide - Pepvital\" \/>\n<meta property=\"og:description\" content=\"Buy Zhenoluten - ovary peptide online at Pepvital - supplements with natural and synthetic peptides.\" \/>\n<meta property=\"og:url\" content=\"https:\/\/www.pepvital.se\/en\/produkt\/zhenoluten-ovary-peptide\/\" \/>\n<meta property=\"og:site_name\" content=\"Pepvital\" \/>\n<meta property=\"article:publisher\" content=\"https:\/\/www.facebook.com\/pepvital\" \/>\n<meta property=\"article:modified_time\" content=\"2025-05-23T09:33:27+00:00\" \/>\n<meta property=\"og:image\" content=\"https:\/\/www.pepvital.se\/wp-content\/uploads\/2020\/10\/zhenoluten.jpg\" \/>\n\t<meta property=\"og:image:width\" content=\"400\" \/>\n\t<meta property=\"og:image:height\" content=\"400\" \/>\n\t<meta property=\"og:image:type\" content=\"image\/jpeg\" \/>\n<meta name=\"twitter:card\" content=\"summary_large_image\" \/>\n<meta name=\"twitter:label1\" content=\"Est. reading time\" \/>\n\t<meta name=\"twitter:data1\" content=\"1 minute\" \/>\n<script type=\"application\/ld+json\" class=\"yoast-schema-graph\">{\"@context\":\"https:\\\/\\\/schema.org\",\"@graph\":[{\"@type\":\"WebPage\",\"@id\":\"https:\\\/\\\/www.pepvital.se\\\/en\\\/produkt\\\/zhenoluten-ovary-peptide\\\/\",\"url\":\"https:\\\/\\\/www.pepvital.se\\\/en\\\/produkt\\\/zhenoluten-ovary-peptide\\\/\",\"name\":\"Zhenoluten - ovary peptide - Pepvital\",\"isPartOf\":{\"@id\":\"https:\\\/\\\/www.pepvital.se\\\/en\\\/#website\"},\"primaryImageOfPage\":{\"@id\":\"https:\\\/\\\/www.pepvital.se\\\/en\\\/produkt\\\/zhenoluten-ovary-peptide\\\/#primaryimage\"},\"image\":{\"@id\":\"https:\\\/\\\/www.pepvital.se\\\/en\\\/produkt\\\/zhenoluten-ovary-peptide\\\/#primaryimage\"},\"thumbnailUrl\":\"https:\\\/\\\/www.pepvital.se\\\/wp-content\\\/uploads\\\/2020\\\/10\\\/zhenoluten.jpg\",\"datePublished\":\"2020-11-01T19:49:16+00:00\",\"dateModified\":\"2025-05-23T09:33:27+00:00\",\"description\":\"Buy Zhenoluten - ovary peptide online at Pepvital - supplements with natural and synthetic peptides.\",\"breadcrumb\":{\"@id\":\"https:\\\/\\\/www.pepvital.se\\\/en\\\/produkt\\\/zhenoluten-ovary-peptide\\\/#breadcrumb\"},\"inLanguage\":\"en-US\",\"potentialAction\":[{\"@type\":\"ReadAction\",\"target\":[\"https:\\\/\\\/www.pepvital.se\\\/en\\\/produkt\\\/zhenoluten-ovary-peptide\\\/\"]}]},{\"@type\":\"ImageObject\",\"inLanguage\":\"en-US\",\"@id\":\"https:\\\/\\\/www.pepvital.se\\\/en\\\/produkt\\\/zhenoluten-ovary-peptide\\\/#primaryimage\",\"url\":\"https:\\\/\\\/www.pepvital.se\\\/wp-content\\\/uploads\\\/2020\\\/10\\\/zhenoluten.jpg\",\"contentUrl\":\"https:\\\/\\\/www.pepvital.se\\\/wp-content\\\/uploads\\\/2020\\\/10\\\/zhenoluten.jpg\",\"width\":400,\"height\":400},{\"@type\":\"BreadcrumbList\",\"@id\":\"https:\\\/\\\/www.pepvital.se\\\/en\\\/produkt\\\/zhenoluten-ovary-peptide\\\/#breadcrumb\",\"itemListElement\":[{\"@type\":\"ListItem\",\"position\":1,\"name\":\"Hem\",\"item\":\"https:\\\/\\\/www.pepvital.se\\\/en\\\/\"},{\"@type\":\"ListItem\",\"position\":2,\"name\":\"Handla\",\"item\":\"https:\\\/\\\/www.pepvital.se\\\/sv\\\/butik\\\/\"},{\"@type\":\"ListItem\",\"position\":3,\"name\":\"Zhenoluten &#8211; ovary peptide\"}]},{\"@type\":\"WebSite\",\"@id\":\"https:\\\/\\\/www.pepvital.se\\\/en\\\/#website\",\"url\":\"https:\\\/\\\/www.pepvital.se\\\/en\\\/\",\"name\":\"Pepvital\",\"description\":\"\u00c5terf\u00e5 &amp; bibeh\u00e5ll din livskvalitet\",\"publisher\":{\"@id\":\"https:\\\/\\\/www.pepvital.se\\\/en\\\/#organization\"},\"potentialAction\":[{\"@type\":\"SearchAction\",\"target\":{\"@type\":\"EntryPoint\",\"urlTemplate\":\"https:\\\/\\\/www.pepvital.se\\\/en\\\/?s={search_term_string}\"},\"query-input\":{\"@type\":\"PropertyValueSpecification\",\"valueRequired\":true,\"valueName\":\"search_term_string\"}}],\"inLanguage\":\"en-US\"},{\"@type\":\"Organization\",\"@id\":\"https:\\\/\\\/www.pepvital.se\\\/en\\\/#organization\",\"name\":\"Pepvital\",\"url\":\"https:\\\/\\\/www.pepvital.se\\\/en\\\/\",\"logo\":{\"@type\":\"ImageObject\",\"inLanguage\":\"en-US\",\"@id\":\"https:\\\/\\\/www.pepvital.se\\\/en\\\/#\\\/schema\\\/logo\\\/image\\\/\",\"url\":\"https:\\\/\\\/www.pepvital.se\\\/wp-content\\\/uploads\\\/2021\\\/05\\\/ogimage.jpg\",\"contentUrl\":\"https:\\\/\\\/www.pepvital.se\\\/wp-content\\\/uploads\\\/2021\\\/05\\\/ogimage.jpg\",\"width\":1200,\"height\":627,\"caption\":\"Pepvital\"},\"image\":{\"@id\":\"https:\\\/\\\/www.pepvital.se\\\/en\\\/#\\\/schema\\\/logo\\\/image\\\/\"},\"sameAs\":[\"https:\\\/\\\/www.facebook.com\\\/pepvital\",\"https:\\\/\\\/www.instagram.com\\\/pepvital.se\\\/\"]}]}<\/script>\n<!-- \/ Yoast SEO plugin. -->","yoast_head_json":{"title":"Zhenoluten - ovary peptide - Pepvital","description":"Buy Zhenoluten - ovary peptide online at Pepvital - supplements with natural and synthetic peptides.","robots":{"index":"index","follow":"follow","max-snippet":"max-snippet:-1","max-image-preview":"max-image-preview:large","max-video-preview":"max-video-preview:-1"},"canonical":"https:\/\/www.pepvital.se\/en\/produkt\/zhenoluten-ovary-peptide\/","og_locale":"en_US","og_type":"article","og_title":"Zhenoluten - ovary peptide - Pepvital","og_description":"Buy Zhenoluten - ovary peptide online at Pepvital - supplements with natural and synthetic peptides.","og_url":"https:\/\/www.pepvital.se\/en\/produkt\/zhenoluten-ovary-peptide\/","og_site_name":"Pepvital","article_publisher":"https:\/\/www.facebook.com\/pepvital","article_modified_time":"2025-05-23T09:33:27+00:00","og_image":[{"width":400,"height":400,"url":"https:\/\/www.pepvital.se\/wp-content\/uploads\/2020\/10\/zhenoluten.jpg","type":"image\/jpeg"}],"twitter_card":"summary_large_image","twitter_misc":{"Est. reading time":"1 minute"},"schema":{"@context":"https:\/\/schema.org","@graph":[{"@type":"WebPage","@id":"https:\/\/www.pepvital.se\/en\/produkt\/zhenoluten-ovary-peptide\/","url":"https:\/\/www.pepvital.se\/en\/produkt\/zhenoluten-ovary-peptide\/","name":"Zhenoluten - ovary peptide - Pepvital","isPartOf":{"@id":"https:\/\/www.pepvital.se\/en\/#website"},"primaryImageOfPage":{"@id":"https:\/\/www.pepvital.se\/en\/produkt\/zhenoluten-ovary-peptide\/#primaryimage"},"image":{"@id":"https:\/\/www.pepvital.se\/en\/produkt\/zhenoluten-ovary-peptide\/#primaryimage"},"thumbnailUrl":"https:\/\/www.pepvital.se\/wp-content\/uploads\/2020\/10\/zhenoluten.jpg","datePublished":"2020-11-01T19:49:16+00:00","dateModified":"2025-05-23T09:33:27+00:00","description":"Buy Zhenoluten - ovary peptide online at Pepvital - supplements with natural and synthetic peptides.","breadcrumb":{"@id":"https:\/\/www.pepvital.se\/en\/produkt\/zhenoluten-ovary-peptide\/#breadcrumb"},"inLanguage":"en-US","potentialAction":[{"@type":"ReadAction","target":["https:\/\/www.pepvital.se\/en\/produkt\/zhenoluten-ovary-peptide\/"]}]},{"@type":"ImageObject","inLanguage":"en-US","@id":"https:\/\/www.pepvital.se\/en\/produkt\/zhenoluten-ovary-peptide\/#primaryimage","url":"https:\/\/www.pepvital.se\/wp-content\/uploads\/2020\/10\/zhenoluten.jpg","contentUrl":"https:\/\/www.pepvital.se\/wp-content\/uploads\/2020\/10\/zhenoluten.jpg","width":400,"height":400},{"@type":"BreadcrumbList","@id":"https:\/\/www.pepvital.se\/en\/produkt\/zhenoluten-ovary-peptide\/#breadcrumb","itemListElement":[{"@type":"ListItem","position":1,"name":"Hem","item":"https:\/\/www.pepvital.se\/en\/"},{"@type":"ListItem","position":2,"name":"Handla","item":"https:\/\/www.pepvital.se\/sv\/butik\/"},{"@type":"ListItem","position":3,"name":"Zhenoluten &#8211; ovary peptide"}]},{"@type":"WebSite","@id":"https:\/\/www.pepvital.se\/en\/#website","url":"https:\/\/www.pepvital.se\/en\/","name":"Pepvital","description":"\u00c5terf\u00e5 &amp; bibeh\u00e5ll din livskvalitet","publisher":{"@id":"https:\/\/www.pepvital.se\/en\/#organization"},"potentialAction":[{"@type":"SearchAction","target":{"@type":"EntryPoint","urlTemplate":"https:\/\/www.pepvital.se\/en\/?s={search_term_string}"},"query-input":{"@type":"PropertyValueSpecification","valueRequired":true,"valueName":"search_term_string"}}],"inLanguage":"en-US"},{"@type":"Organization","@id":"https:\/\/www.pepvital.se\/en\/#organization","name":"Pepvital","url":"https:\/\/www.pepvital.se\/en\/","logo":{"@type":"ImageObject","inLanguage":"en-US","@id":"https:\/\/www.pepvital.se\/en\/#\/schema\/logo\/image\/","url":"https:\/\/www.pepvital.se\/wp-content\/uploads\/2021\/05\/ogimage.jpg","contentUrl":"https:\/\/www.pepvital.se\/wp-content\/uploads\/2021\/05\/ogimage.jpg","width":1200,"height":627,"caption":"Pepvital"},"image":{"@id":"https:\/\/www.pepvital.se\/en\/#\/schema\/logo\/image\/"},"sameAs":["https:\/\/www.facebook.com\/pepvital","https:\/\/www.instagram.com\/pepvital.se\/"]}]}},"_links":{"self":[{"href":"https:\/\/www.pepvital.se\/en\/wp-json\/wp\/v2\/product\/312","targetHints":{"allow":["GET"]}}],"collection":[{"href":"https:\/\/www.pepvital.se\/en\/wp-json\/wp\/v2\/product"}],"about":[{"href":"https:\/\/www.pepvital.se\/en\/wp-json\/wp\/v2\/types\/product"}],"replies":[{"embeddable":true,"href":"https:\/\/www.pepvital.se\/en\/wp-json\/wp\/v2\/comments?post=312"}],"wp:featuredmedia":[{"embeddable":true,"href":"https:\/\/www.pepvital.se\/en\/wp-json\/wp\/v2\/media\/339"}],"wp:attachment":[{"href":"https:\/\/www.pepvital.se\/en\/wp-json\/wp\/v2\/media?parent=312"}],"wp:term":[{"taxonomy":"product_brand","embeddable":true,"href":"https:\/\/www.pepvital.se\/en\/wp-json\/wp\/v2\/product_brand?post=312"},{"taxonomy":"product_cat","embeddable":true,"href":"https:\/\/www.pepvital.se\/en\/wp-json\/wp\/v2\/product_cat?post=312"},{"taxonomy":"product_tag","embeddable":true,"href":"https:\/\/www.pepvital.se\/en\/wp-json\/wp\/v2\/product_tag?post=312"}],"curies":[{"name":"wp","href":"https:\/\/api.w.org\/{rel}","templated":true}]}}